{"id":17788,"date":"2025-07-17T05:54:07","date_gmt":"2025-07-17T05:54:07","guid":{"rendered":"https:\/\/joyvibetoys.com\/?post_type=product&#038;p=17788"},"modified":"2025-08-01T08:50:27","modified_gmt":"2025-08-01T08:50:27","slug":"9-thrusting-vibrating-prostate-massager-with-dual-cock-ring-anal-toy","status":"publish","type":"product","link":"https:\/\/joyvibetoys.com\/zh\/product\/9-thrusting-vibrating-prostate-massager-with-dual-cock-ring-anal-toy\/","title":{"rendered":"9 \u63a8\u5165\u5f0f\u632f\u52a8\u524d\u5217\u817a\u6309\u6469\u5668\uff0c\u5e26\u53cc\u91cd\u9e21\u9e21\u73af\u540e\u5ead\u73a9\u5177"},"content":{"rendered":"<p><img fetchpriority=\"high\" decoding=\"async\" src=\"https:\/\/joyvibetoys.com\/wp-content\/uploads\/2025\/07\/10011-12.gif\" alt=\"\" width=\"1440\" height=\"700\" class=\"alignnone size-full wp-image-17789\" \/><\/p>\n<p><img decoding=\"async\" src=\"https:\/\/joyvibetoys.com\/wp-content\/uploads\/2025\/07\/10012-22.jpg\" alt=\"\" width=\"970\" height=\"600\" class=\"alignnone size-full wp-image-17790\" \/><\/p>\n<p><img decoding=\"async\" src=\"https:\/\/joyvibetoys.com\/wp-content\/uploads\/2025\/07\/10013-7.gif\" alt=\"\" width=\"970\" height=\"600\" class=\"alignnone size-full wp-image-17791\" \/><\/p>\n<p><img loading=\"lazy\" decoding=\"async\" src=\"https:\/\/joyvibetoys.com\/wp-content\/uploads\/2025\/07\/10014-10.jpg\" alt=\"\" width=\"970\" height=\"600\" class=\"alignnone size-full wp-image-17792\" \/><\/p>\n<div class=\"rb_bg\" id=\"specifications\">\n<h4 class=\"gh2 gh_arr\">\u89c4\u683c<\/h4>\n<ul class=\"g_atrl\" id=\"attrbute\">\n<li class=\"gt_ali\"><em class=\"atr_aa\">SKU\uff1a<\/em>\n<p class=\"atr_bb\">Y76509<\/p>\n<\/li>\n<li class=\"gt_ali\">\n<em class=\"atr_aa\">\u54c1\u724c<\/em><\/p>\n<p class=\"atr_bb\">Joyvibetoys<\/p>\n<\/li>\n<li class=\"gt_ali\">\n<em class=\"atr_aa\">\u7279\u70b9<\/em><\/p>\n<p class=\"atr_bb\">Vibrating, Thrusting , 3 IN 1 Anal toys<\/p>\n<\/li>\n<li class=\"gt_ali\">\n<em class=\"atr_aa\">\u529f\u80fd<\/em><\/p>\n<p class=\"atr_bb\">\u632f\u52a8\u3001\u63a8\u529b<\/p>\n<\/li>\n<li class=\"gt_ali\">\n<em class=\"atr_aa\">\u9891\u7387<\/em><\/p>\n<p class=\"atr_bb\">9 \u9891\u7387<\/p>\n<\/li>\n<li class=\"gt_ali\">\n<em class=\"atr_aa\">\u989c\u8272<\/em><\/p>\n<p class=\"atr_bb\">\u9ed1\u8272<\/p>\n<\/li>\n<li class=\"gt_ali\">\n<em class=\"atr_aa\">\u6750\u6599<\/em><\/p>\n<p class=\"atr_bb\">\u7845\u80f6\uff0cABS<\/p>\n<\/li>\n<li class=\"gt_ali\">\n<em class=\"atr_aa\">\u9632\u6c34\uff1a<\/em><\/p>\n<p class=\"atr_bb\">IPX6<\/p>\n<\/li>\n<li class=\"gt_ali\">\n<em class=\"atr_aa\">\u9759\u97f3\uff1a<\/em><\/p>\n<p class=\"atr_bb\">&lt;60 \u5206\u8d1d<\/p>\n<\/li>\n<li class=\"gt_ali\">\n<em class=\"atr_aa\">\u7535\u6e90\u7c7b\u578b\uff1a<\/em><\/p>\n<p class=\"atr_bb\">USB \u5145\u7535<\/p>\n<\/li>\n<li class=\"gt_ali\">\n<em class=\"atr_aa\">\u5145\u7535\u65f6\u95f4<\/em><\/p>\n<p class=\"atr_bb\">120 \u5206\u949f<\/p>\n<\/li>\n<li class=\"gt_ali\">\n<em class=\"atr_aa\">\u8fd0\u884c\u65f6\u95f4<\/em><\/p>\n<p class=\"atr_bb\">50 \u5206\u949f<\/p>\n<\/li>\n<li class=\"gt_ali\">\n<em class=\"atr_aa\">\u5305\u88c5\u5305\u62ec<\/em><\/p>\n<p class=\"atr_bb\">\u4ea7\u54c1 x1\u3001\u5145\u7535\u7ebf x1\u3001\u9065\u63a7\u5668 x1\u3001\u624b\u518c x1<\/p>\n<\/li>\n<li class=\"gt_ali\">\n<em class=\"atr_aa\">\u5c3a\u5bf8<\/em><\/p>\n<p class=\"atr_bb\">5.2*6.5 in<\/p>\n<\/li>\n<li class=\"gt_ali\">\n<em class=\"atr_aa\">\u91cd\u91cf<\/em><\/p>\n<p class=\"atr_bb\">0.44 lbs<\/p>\n<\/li>\n<li class=\"gt_ali\">\n<em class=\"atr_aa\">\u53ef\u63d2\u5165\u957f\u5ea6\uff1a<\/em><\/p>\n<p class=\"atr_bb\">4.53 In<\/p>\n<\/li>\n<li class=\"gt_ali\">\n<em class=\"atr_aa\">\u4f38\u7f29\u957f\u5ea6\uff1a<\/em><\/p>\n<p class=\"atr_bb\">Product \u00d71, Charging Cable \u00d71, Remote Controller \u00d71, Manual \u00d71<\/p>\n<\/li>\n<li class=\"gt_ali\">\n<em class=\"atr_aa\">\u53ef\u63d2\u5165\u76f4\u5f84\uff1a<\/em><\/p>\n<p class=\"atr_bb\">Max: 1.36 In<\/p>\n<\/li>\n<\/ul>\n<\/div>","protected":false},"excerpt":{"rendered":"<p>Specifications SKU: Y76509 Brand: Joyvibetoys Features: Vibrating, Thrusting , 3 IN 1 Anal toys Function: Vibrating, Thrusting Frequency: 9 Frequencies<\/p>","protected":false},"featured_media":17793,"comment_status":"open","ping_status":"closed","template":"","meta":[],"product_brand":[],"product_cat":[85,130,111,138,100,103],"product_tag":[],"class_list":{"0":"post-17788","1":"product","2":"type-product","3":"status-publish","4":"has-post-thumbnail","6":"product_cat-anal-toys","7":"product_cat-anal-vibrators-m","8":"product_cat-couples","9":"product_cat-couples-bs","10":"product_cat-for-him","11":"product_cat-prostate-massagers","13":"first","14":"instock","15":"sale","16":"shipping-taxable","17":"purchasable","18":"product-type-simple"},"_links":{"self":[{"href":"https:\/\/joyvibetoys.com\/zh\/wp-json\/wp\/v2\/product\/17788","targetHints":{"allow":["GET"]}}],"collection":[{"href":"https:\/\/joyvibetoys.com\/zh\/wp-json\/wp\/v2\/product"}],"about":[{"href":"https:\/\/joyvibetoys.com\/zh\/wp-json\/wp\/v2\/types\/product"}],"replies":[{"embeddable":true,"href":"https:\/\/joyvibetoys.com\/zh\/wp-json\/wp\/v2\/comments?post=17788"}],"version-history":[{"count":2,"href":"https:\/\/joyvibetoys.com\/zh\/wp-json\/wp\/v2\/product\/17788\/revisions"}],"predecessor-version":[{"id":17804,"href":"https:\/\/joyvibetoys.com\/zh\/wp-json\/wp\/v2\/product\/17788\/revisions\/17804"}],"wp:featuredmedia":[{"embeddable":true,"href":"https:\/\/joyvibetoys.com\/zh\/wp-json\/wp\/v2\/media\/17793"}],"wp:attachment":[{"href":"https:\/\/joyvibetoys.com\/zh\/wp-json\/wp\/v2\/media?parent=17788"}],"wp:term":[{"taxonomy":"product_brand","embeddable":true,"href":"https:\/\/joyvibetoys.com\/zh\/wp-json\/wp\/v2\/product_brand?post=17788"},{"taxonomy":"product_cat","embeddable":true,"href":"https:\/\/joyvibetoys.com\/zh\/wp-json\/wp\/v2\/product_cat?post=17788"},{"taxonomy":"product_tag","embeddable":true,"href":"https:\/\/joyvibetoys.com\/zh\/wp-json\/wp\/v2\/product_tag?post=17788"}],"curies":[{"name":"wp","href":"https:\/\/api.w.org\/{rel}","templated":true}]}}