{"id":21042,"date":"2025-07-31T15:02:48","date_gmt":"2025-07-31T15:02:48","guid":{"rendered":"https:\/\/joyvibetoys.com\/?post_type=product&#038;p=21042"},"modified":"2025-07-31T15:08:53","modified_gmt":"2025-07-31T15:08:53","slug":"our-7-inch-thrusting-and-vibrating-dildo-is-designed-for-intense-g-spot-anal-and-clitoral-stimulation-combining-powerful-thrusting-with-variable-vibration-modes-to-cater-to-your-deepest-desires-th","status":"publish","type":"product","link":"https:\/\/joyvibetoys.com\/fr\/produit\/our-7-inch-thrusting-and-vibrating-dildo-is-designed-for-intense-g-spot-anal-and-clitoral-stimulation-combining-powerful-thrusting-with-variable-vibration-modes-to-cater-to-your-deepest-desires-th\/","title":{"rendered":"Eronight 7 Inch Thrusting Vibrating Dildo Brown Realistic Butt"},"content":{"rendered":"<p><img fetchpriority=\"high\" decoding=\"async\" src=\"https:\/\/joyvibetoys.com\/wp-content\/uploads\/2025\/07\/10009-122.jpg\" alt=\"\" width=\"1601\" height=\"1601\" class=\"alignnone size-full wp-image-21043\" \/><\/p>\n<p><img decoding=\"async\" src=\"https:\/\/joyvibetoys.com\/wp-content\/uploads\/2025\/07\/10010-98.jpg\" alt=\"\" width=\"1601\" height=\"1601\" class=\"alignnone size-full wp-image-21044\" \/><\/p>\n<p><img decoding=\"async\" src=\"https:\/\/joyvibetoys.com\/wp-content\/uploads\/2025\/07\/10006-163.jpg\" alt=\"\" width=\"1601\" height=\"1601\" class=\"alignnone size-full wp-image-21053\" \/><\/p>\n<p>\nNotre gode vibrant de 7 pouces est con\u00e7u pour une stimulation intense du point G, de l'anus et du clitoris, combinant une pouss\u00e9e puissante avec des modes de vibration variables pour r\u00e9pondre \u00e0 vos d\u00e9sirs les plus profonds. Ce gode polyvalent est dot\u00e9 de vitesses et de fr\u00e9quences r\u00e9glables, ce qui vous permet de personnaliser l'exp\u00e9rience, des caresses douces et taquines aux pouss\u00e9es puissantes et profondes qui imitent les mouvements d'un v\u00e9ritable amant. Le design r\u00e9aliste de la jambe masculine, avec des lignes musculaires d\u00e9taill\u00e9es et une texture de peau r\u00e9aliste, ajoute \u00e0 la sensation, donnant l'impression qu'un partenaire fort et masculin s'enfonce profond\u00e9ment en vous, vous remplissant compl\u00e8tement et atteignant tous les bons points \u00e0 chaque pouss\u00e9e et vibration.<\/p>\n<p>Fabriqu\u00e9 en TPE&amp;ABS souple et \u00e9lastique, ce gode offre une sensation r\u00e9aliste et douce pour la peau, garantissant une exp\u00e9rience s\u00fbre et confortable. Il est imperm\u00e9able, ce qui facilite son nettoyage et son entretien, tandis que la tige de rin\u00e7age incluse permet un nettoyage interne approfondi pour une utilisation hygi\u00e9nique \u00e0 chaque fois. Qu'il soit utilis\u00e9 en solo ou avec un partenaire, ce gode renforce l'intimit\u00e9, vous invitant \u00e0 explorer de nouvelles positions et sensations qui \u00e9l\u00e8vent le plaisir sexuel \u00e0 de nouveaux sommets.\n<\/p>\n<div class=\"rb_bg\" id=\"specifications\">\n<h4 class=\"gh2 gh_arr\">Sp\u00e9cifications<\/h4>\n<ul class=\"g_atrl\" id=\"attrbute\">\n<li class=\"gt_ali\"><em class=\"atr_aa\">SKU :<\/em>\n<p class=\"atr_bb\">K0500286<\/p>\n<\/li>\n<li class=\"gt_ali\">\n<em class=\"atr_aa\">Marque :<\/em><\/p>\n<p class=\"atr_bb\">Joyvibetoys<\/p>\n<\/li>\n<li class=\"gt_ali\">\n<em class=\"atr_aa\">Fonction :<\/em><\/p>\n<p class=\"atr_bb\">Pouss\u00e9e\uff0cVibration<\/p>\n<\/li>\n<li class=\"gt_ali\">\n<em class=\"atr_aa\">Couleur :<\/em><\/p>\n<p class=\"atr_bb\">Marron<\/p>\n<\/li>\n<li class=\"gt_ali\">\n<em class=\"atr_aa\">Mat\u00e9riau :<\/em><\/p>\n<p class=\"atr_bb\">TPE, ABS<\/p>\n<\/li>\n<li class=\"gt_ali\">\n<em class=\"atr_aa\">Imperm\u00e9able \u00e0 l'eau :<\/em><\/p>\n<p class=\"atr_bb\">IPX6<\/p>\n<\/li>\n<li class=\"gt_ali\">\n<em class=\"atr_aa\">Type d'alimentation :<\/em><\/p>\n<p class=\"atr_bb\">Chargement magn\u00e9tique<\/p>\n<\/li>\n<li class=\"gt_ali\">\n<em class=\"atr_aa\">Taille :<\/em><\/p>\n<p class=\"atr_bb\">10.82*10.23*4.4 in<\/p>\n<\/li>\n<li class=\"gt_ali\">\n<em class=\"atr_aa\">Poids :<\/em><\/p>\n<p class=\"atr_bb\">10.56 lbs<\/p>\n<\/li>\n<li class=\"gt_ali\">\n<em class=\"atr_aa\">Longueur d'insertion :<\/em><\/p>\n<p class=\"atr_bb\">7 en<\/p>\n<\/li>\n<\/ul>\n<\/div>","protected":false},"excerpt":{"rendered":"<p>Our 7-inch Thrusting and Vibrating Dildo is designed for intense G-spot, anal, and clitoral stimulation, combining powerful thrusting with variable<\/p>","protected":false},"featured_media":21045,"comment_status":"open","ping_status":"closed","template":"","meta":[],"product_brand":[],"product_cat":[159,158],"product_tag":[],"class_list":{"0":"post-21042","1":"product","2":"type-product","3":"status-publish","4":"has-post-thumbnail","6":"product_cat-dildo-torso","7":"product_cat-sex-dolls","9":"first","10":"instock","11":"sale","12":"shipping-taxable","13":"purchasable","14":"product-type-simple"},"_links":{"self":[{"href":"https:\/\/joyvibetoys.com\/fr\/wp-json\/wp\/v2\/product\/21042","targetHints":{"allow":["GET"]}}],"collection":[{"href":"https:\/\/joyvibetoys.com\/fr\/wp-json\/wp\/v2\/product"}],"about":[{"href":"https:\/\/joyvibetoys.com\/fr\/wp-json\/wp\/v2\/types\/product"}],"replies":[{"embeddable":true,"href":"https:\/\/joyvibetoys.com\/fr\/wp-json\/wp\/v2\/comments?post=21042"}],"version-history":[{"count":4,"href":"https:\/\/joyvibetoys.com\/fr\/wp-json\/wp\/v2\/product\/21042\/revisions"}],"predecessor-version":[{"id":21055,"href":"https:\/\/joyvibetoys.com\/fr\/wp-json\/wp\/v2\/product\/21042\/revisions\/21055"}],"wp:featuredmedia":[{"embeddable":true,"href":"https:\/\/joyvibetoys.com\/fr\/wp-json\/wp\/v2\/media\/21045"}],"wp:attachment":[{"href":"https:\/\/joyvibetoys.com\/fr\/wp-json\/wp\/v2\/media?parent=21042"}],"wp:term":[{"taxonomy":"product_brand","embeddable":true,"href":"https:\/\/joyvibetoys.com\/fr\/wp-json\/wp\/v2\/product_brand?post=21042"},{"taxonomy":"product_cat","embeddable":true,"href":"https:\/\/joyvibetoys.com\/fr\/wp-json\/wp\/v2\/product_cat?post=21042"},{"taxonomy":"product_tag","embeddable":true,"href":"https:\/\/joyvibetoys.com\/fr\/wp-json\/wp\/v2\/product_tag?post=21042"}],"curies":[{"name":"wp","href":"https:\/\/api.w.org\/{rel}","templated":true}]}}