{"id":20970,"date":"2025-07-31T09:50:35","date_gmt":"2025-07-31T09:50:35","guid":{"rendered":"https:\/\/joyvibetoys.com\/?post_type=product&#038;p=20970"},"modified":"2025-07-31T09:50:36","modified_gmt":"2025-07-31T09:50:36","slug":"joyvibetoys-silver-jewelled-aluminium-beginners-t-bar-base-butt-plug-2-7-inch","status":"publish","type":"product","link":"https:\/\/joyvibetoys.com\/fr\/produit\/joyvibetoys-silver-jewelled-aluminium-beginners-t-bar-base-butt-plug-2-7-inch\/","title":{"rendered":"Joyvibetoys Bouchon d'orteil en aluminium argent\u00e9 bijou\u00e9 pour d\u00e9butants 2,7 pouces"},"content":{"rendered":"<p><img fetchpriority=\"high\" decoding=\"async\" src=\"https:\/\/joyvibetoys.com\/wp-content\/uploads\/2025\/07\/10006-158.jpg\" alt=\"\" width=\"790\" height=\"500\" class=\"alignnone size-full wp-image-20972\" \/><\/p>\n<p><img decoding=\"async\" src=\"https:\/\/joyvibetoys.com\/wp-content\/uploads\/2025\/07\/10007-133.jpg\" alt=\"\" width=\"790\" height=\"500\" class=\"alignnone size-full wp-image-20973\" \/><\/p>\n<p><img decoding=\"async\" src=\"https:\/\/joyvibetoys.com\/wp-content\/uploads\/2025\/07\/10008-101.jpg\" alt=\"\" width=\"790\" height=\"500\" class=\"alignnone size-full wp-image-20974\" \/><\/p>","protected":false},"excerpt":{"rendered":"","protected":false},"featured_media":20971,"comment_status":"open","ping_status":"closed","template":"","meta":[],"product_brand":[],"product_cat":[85,106],"product_tag":[],"class_list":{"0":"post-20970","1":"product","2":"type-product","3":"status-publish","4":"has-post-thumbnail","6":"product_cat-anal-toys","7":"product_cat-butt-plugs","9":"first","10":"instock","11":"sale","12":"shipping-taxable","13":"purchasable","14":"product-type-simple"},"_links":{"self":[{"href":"https:\/\/joyvibetoys.com\/fr\/wp-json\/wp\/v2\/product\/20970","targetHints":{"allow":["GET"]}}],"collection":[{"href":"https:\/\/joyvibetoys.com\/fr\/wp-json\/wp\/v2\/product"}],"about":[{"href":"https:\/\/joyvibetoys.com\/fr\/wp-json\/wp\/v2\/types\/product"}],"replies":[{"embeddable":true,"href":"https:\/\/joyvibetoys.com\/fr\/wp-json\/wp\/v2\/comments?post=20970"}],"version-history":[{"count":1,"href":"https:\/\/joyvibetoys.com\/fr\/wp-json\/wp\/v2\/product\/20970\/revisions"}],"predecessor-version":[{"id":20979,"href":"https:\/\/joyvibetoys.com\/fr\/wp-json\/wp\/v2\/product\/20970\/revisions\/20979"}],"wp:featuredmedia":[{"embeddable":true,"href":"https:\/\/joyvibetoys.com\/fr\/wp-json\/wp\/v2\/media\/20971"}],"wp:attachment":[{"href":"https:\/\/joyvibetoys.com\/fr\/wp-json\/wp\/v2\/media?parent=20970"}],"wp:term":[{"taxonomy":"product_brand","embeddable":true,"href":"https:\/\/joyvibetoys.com\/fr\/wp-json\/wp\/v2\/product_brand?post=20970"},{"taxonomy":"product_cat","embeddable":true,"href":"https:\/\/joyvibetoys.com\/fr\/wp-json\/wp\/v2\/product_cat?post=20970"},{"taxonomy":"product_tag","embeddable":true,"href":"https:\/\/joyvibetoys.com\/fr\/wp-json\/wp\/v2\/product_tag?post=20970"}],"curies":[{"name":"wp","href":"https:\/\/api.w.org\/{rel}","templated":true}]}}