{"id":20956,"date":"2025-07-31T09:33:43","date_gmt":"2025-07-31T09:33:43","guid":{"rendered":"https:\/\/joyvibetoys.com\/?post_type=product&#038;p=20956"},"modified":"2025-07-31T09:37:00","modified_gmt":"2025-07-31T09:37:00","slug":"5-in-1-mouth-sucking-vibrator-big-mouth-sex-toy","status":"publish","type":"product","link":"https:\/\/joyvibetoys.com\/fr\/produit\/5-in-1-mouth-sucking-vibrator-big-mouth-sex-toy\/","title":{"rendered":"Vibrateur 5 EN 1 pour la succion de la bouche Jouet sexuel pour la grande bouche"},"content":{"rendered":"<p><h5>[EMBARQUEZ POUR UN VOYAGE SENSORIEL CAPTIVANT]<\/h5>\n<p> Vibrateur buccal 4-en-1 pour sucer et l\u00e9cher - \"Lips\" avec une combinaison unique de 3 modes d'aspiration automatique, 1 mode d'aspiration manuelle, offre une langue flexible \u00e0 360\u00b0, ainsi que 10 modes de l\u00e9chage et de vibration. Explorez les diff\u00e9rents niveaux d'aspiration et d'intensit\u00e9 de l\u00e9chage de la langue pour un plaisir pur. Stimulateur con\u00e7u pour les jouets anaux, les jouets pour clitoris et mamelons, les vibrateurs pour points g, etc. Jouets sexuels id\u00e9aux pour les pr\u00e9liminaires, pour les couples de femmes et les partenaires f\u00e9minines, am\u00e9liorant le bonheur et l'intimit\u00e9.<\/p>\n<h5>[VIBRATEUR BUCCAL EXQUIS ET R\u00c9ALISTE, JOUET SEXUEL ROSE]<\/h5>\n<p> Nos vibromasseurs sont dot\u00e9s d'un design ergonomique innovant, d'une longueur optimale qui garantit une prise en main confortable et d'une texture de l\u00e8vres r\u00e9aliste qui permet de ressentir la stimulation r\u00e9aliste d'un baiser. Inspir\u00e9 d'une rose, il s'\u00e9panouit en une fleur \"bouche\". Il se distingue par sa poign\u00e9e allong\u00e9e facile \u00e0 saisir, ses l\u00e8vres r\u00e9alistes et son silicone respectueux de la peau. Que ce soit \u00e0 l'\u0153il ou \u00e0 l'usage, ce jouet pour adultes procure une d\u00e9licieuse exp\u00e9rience de plaisir et d'amusement.<\/p>\n<h5>[FACILE \u00c0 UTILISER, PUISSAMMENT SILENCIEUX]<\/h5>\n<p> Nos jouets sexuels pour femmes sont dot\u00e9s de 3 boutons pour un contr\u00f4le ind\u00e9pendant : succion automatique (3 modes), marche\/arr\u00eat et 10 modes de vibration. Il ajoute \u00e9galement une commande de succion manuelle, vous permettant de personnaliser l'intensit\u00e9 et la dur\u00e9e. Gr\u00e2ce \u00e0 un moteur puissant mais silencieux, vous pouvez vous adonner \u00e0 des modes personnalis\u00e9s en toute discr\u00e9tion (Bruit \u226445dB). Profitez de moments priv\u00e9s sans souci avec un vibrateur rose, jouets sexuels pour adultes et jeux, jouets sexuels - machines et appareils.<\/p>\n<h5>[SILICONE LIQUIDE DE QUALIT\u00c9 SUP\u00c9RIEURE ET IMPERM\u00c9ABLE \u00c0 L'EAU IPX7].<\/h5>\n<p> Con\u00e7u en silicone liquide sans danger pour le corps, ce vibromasseur pour adultes offre un toucher velout\u00e9 et agr\u00e9able pour la peau qui garantit une exp\u00e9rience confortable et rassurante. Son \u00e9tanch\u00e9it\u00e9 IPX7 permet de l'utiliser dans le bain ou sous la douche, pour un plaisir encore plus humide. Facile \u00e0 nettoyer, il assure un entretien sans souci pour un plaisir continu. REMARQUE : veuillez laver le vibrateur \u00e0 succion \u00e0 l'eau courante et \u00e9viter d'immerger ou de tremper la machine sexuelle.<br \/>\n[CHARGEUR MAGNETIQUE USB &amp; PORTABLE, CON\u00c7U POUR LA CONVENANCE] Nos jouets sexuels pour adultes comprennent une base de charge magn\u00e9tique USB facile \u00e0 utiliser et sont livr\u00e9s avec un c\u00e2ble de charge. Chargez-le facilement avec n'importe quel port USB, qu'il s'agisse d'un adaptateur secteur, d'un chargeur de voiture, d'une banque d'alimentation ou d'un PC. Sa taille portable rend le mini vibrateur id\u00e9al pour les voyages ou le plaisir en d\u00e9placement, vous permettant de profiter du plaisir et des d\u00e9sirs n'importe o\u00f9 et n'importe quand. Conseils : Veillez \u00e0 ce que l'appareil soit compl\u00e8tement charg\u00e9 avant de l'utiliser. Il offre une autonomie de 55 \u00e0 90 minutes pour une charge de deux heures.<\/p>\n<h5>[EMBALLAGE DISCRET ET SERVICE FIABLE]<\/h5>\n<p> Ne vous inqui\u00e9tez pas des probl\u00e8mes de confidentialit\u00e9 des produits, nous attachons une grande importance \u00e0 la protection de la vie priv\u00e9e de nos clients. Nos jouets pour adultes sont livr\u00e9s dans un emballage priv\u00e9, non seulement il n'y a pas de mots sensibles sur l'emballage, mais on ne peut pas non plus voir ce qu'il y a \u00e0 l'int\u00e9rieur depuis l'ext\u00e9rieur de l'emballage. En outre, les jouets sexuels pour couples peuvent \u00eatre utilis\u00e9s comme cadeau pour vous-m\u00eame ou pour votre amant. N'h\u00e9sitez pas \u00e0 nous contacter si vous rencontrez des probl\u00e8mes pour obtenir de l'aide !\n<\/p>\n<p><img fetchpriority=\"high\" decoding=\"async\" src=\"https:\/\/joyvibetoys.com\/wp-content\/uploads\/2025\/07\/10004-157.jpg\" alt=\"\" width=\"1464\" height=\"600\" class=\"alignnone size-full wp-image-20957\" \/><\/p>\n<p><img decoding=\"async\" src=\"https:\/\/joyvibetoys.com\/wp-content\/uploads\/2025\/07\/10005-169.jpg\" alt=\"\" width=\"1464\" height=\"600\" class=\"alignnone size-full wp-image-20958\" \/><\/p>\n<p><img decoding=\"async\" src=\"https:\/\/joyvibetoys.com\/wp-content\/uploads\/2025\/07\/10006-157.jpg\" alt=\"\" width=\"1464\" height=\"600\" class=\"alignnone size-full wp-image-20959\" \/><\/p>\n<p><img loading=\"lazy\" decoding=\"async\" src=\"https:\/\/joyvibetoys.com\/wp-content\/uploads\/2025\/07\/10007-132.jpg\" alt=\"\" width=\"1464\" height=\"600\" class=\"alignnone size-full wp-image-20960\" \/><\/p>\n<p><img loading=\"lazy\" decoding=\"async\" src=\"https:\/\/joyvibetoys.com\/wp-content\/uploads\/2025\/07\/10008-100.jpg\" alt=\"\" width=\"1464\" height=\"600\" class=\"alignnone size-full wp-image-20961\" \/><\/p>\n<p><img loading=\"lazy\" decoding=\"async\" src=\"https:\/\/joyvibetoys.com\/wp-content\/uploads\/2025\/07\/10009-117.jpg\" alt=\"\" width=\"1464\" height=\"600\" class=\"alignnone size-full wp-image-20962\" \/><\/p>\n<p><img loading=\"lazy\" decoding=\"async\" src=\"https:\/\/joyvibetoys.com\/wp-content\/uploads\/2025\/07\/10010-94.jpg\" alt=\"\" width=\"1464\" height=\"600\" class=\"alignnone size-full wp-image-20963\" \/><\/p>","protected":false},"excerpt":{"rendered":"<p>[EMBARK ON A CAPTIVATING SENSORY JOURNEY] 4-IN-1 Sucking &#038; Licking Mouth Vibrator \u2013 &#8220;Lips&#8221; with a unique combination of 3<\/p>","protected":false},"featured_media":20964,"comment_status":"open","ping_status":"closed","template":"","meta":[],"product_brand":[],"product_cat":[99,93,145,83],"product_tag":[],"class_list":{"0":"post-20956","1":"product","2":"type-product","3":"status-publish","4":"has-post-thumbnail","6":"product_cat-for-her","7":"product_cat-nipple-toys","8":"product_cat-tongue-vibrators","9":"product_cat-vibrators","11":"first","12":"instock","13":"sale","14":"shipping-taxable","15":"purchasable","16":"product-type-simple"},"_links":{"self":[{"href":"https:\/\/joyvibetoys.com\/fr\/wp-json\/wp\/v2\/product\/20956","targetHints":{"allow":["GET"]}}],"collection":[{"href":"https:\/\/joyvibetoys.com\/fr\/wp-json\/wp\/v2\/product"}],"about":[{"href":"https:\/\/joyvibetoys.com\/fr\/wp-json\/wp\/v2\/types\/product"}],"replies":[{"embeddable":true,"href":"https:\/\/joyvibetoys.com\/fr\/wp-json\/wp\/v2\/comments?post=20956"}],"version-history":[{"count":3,"href":"https:\/\/joyvibetoys.com\/fr\/wp-json\/wp\/v2\/product\/20956\/revisions"}],"predecessor-version":[{"id":20968,"href":"https:\/\/joyvibetoys.com\/fr\/wp-json\/wp\/v2\/product\/20956\/revisions\/20968"}],"wp:featuredmedia":[{"embeddable":true,"href":"https:\/\/joyvibetoys.com\/fr\/wp-json\/wp\/v2\/media\/20964"}],"wp:attachment":[{"href":"https:\/\/joyvibetoys.com\/fr\/wp-json\/wp\/v2\/media?parent=20956"}],"wp:term":[{"taxonomy":"product_brand","embeddable":true,"href":"https:\/\/joyvibetoys.com\/fr\/wp-json\/wp\/v2\/product_brand?post=20956"},{"taxonomy":"product_cat","embeddable":true,"href":"https:\/\/joyvibetoys.com\/fr\/wp-json\/wp\/v2\/product_cat?post=20956"},{"taxonomy":"product_tag","embeddable":true,"href":"https:\/\/joyvibetoys.com\/fr\/wp-json\/wp\/v2\/product_tag?post=20956"}],"curies":[{"name":"wp","href":"https:\/\/api.w.org\/{rel}","templated":true}]}}