{"id":20264,"date":"2025-07-29T16:27:57","date_gmt":"2025-07-29T16:27:57","guid":{"rendered":"https:\/\/joyvibetoys.com\/?post_type=product&#038;p=20264"},"modified":"2025-07-31T08:52:13","modified_gmt":"2025-07-31T08:52:13","slug":"cherry-10-licking-biting-vibrating-tongue-vibrator-for-clitoral-and-nipple-stimulation","status":"publish","type":"product","link":"https:\/\/joyvibetoys.com\/fr\/produit\/cherry-10-licking-biting-vibrating-tongue-vibrator-for-clitoral-and-nipple-stimulation\/","title":{"rendered":"Cherry 10 Vibrateur \u00e0 langue l\u00e9ch\u00e9e, mordante et vibrante pour la stimulation du clitoris et du mamelon"},"content":{"rendered":"<p><img fetchpriority=\"high\" decoding=\"async\" src=\"https:\/\/joyvibetoys.com\/wp-content\/uploads\/2025\/07\/10008-82.jpg\" alt=\"\" width=\"1180\" height=\"580\" class=\"alignnone size-full wp-image-20265\" \/><\/p>\n<div class=\"vgc_wrap vgc_fx1\" style=\"background-color: rgb(184, 71, 90); color: rgb(255, 255, 255);\">\n<div class=\"vgc_col\">\n<div class=\"vgc_colim\"><img decoding=\"async\" src=\"https:\/\/joyvibetoys.com\/wp-content\/uploads\/2025\/07\/10009-36.gif\" alt=\"\" width=\"790\" height=\"840\" class=\"alignnone size-full wp-image-20266\" \/><\/div>\n<\/div>\n<div class=\"vgc_col\">\n<div class=\"vgc_coltx\">\n<h2>10 Vibration Mode<\/h2>\n<p>Allows you to explore various sensations, find the frequency that suits you best, feel the intense sexual thrills, making it a perfect sex toy for couples&#8217; foreplay<\/p>\n<\/div>\n<\/div>\n<\/div>\n<div class=\"vgc_wrap vgc_fx1 flexR\" style=\"background-color: rgb(191, 70, 93); color: rgb(255, 255, 255);\">\n<div class=\"vgc_col\">\n<div class=\"vgc_colim\"><img decoding=\"async\" src=\"https:\/\/joyvibetoys.com\/wp-content\/uploads\/2025\/07\/10010-34.gif\" alt=\"\" width=\"790\" height=\"840\" class=\"alignnone size-full wp-image-20267\" \/><\/div>\n<\/div>\n<div class=\"vgc_col\">\n<div class=\"vgc_coltx\">\n<h2>Cherry Mouth &amp; Soft Tongue<\/h2>\n<p>Designed with sexy soft lips and extremely teased tongue, immersive experience of French kiss and oral pleasure<\/p>\n<\/div>\n<\/div>\n<\/div>\n<div class=\"vgc_wrap vgc_fx21\">\n<div class=\"vgc_col mr10\"><img loading=\"lazy\" decoding=\"async\" src=\"https:\/\/joyvibetoys.com\/wp-content\/uploads\/2025\/07\/10011-67.jpg\" alt=\"\" width=\"600\" height=\"400\" class=\"alignnone size-full wp-image-20268\" \/><\/p>\n<h5>IPX6 Waterproof<\/h5>\n<\/div>\n<div class=\"vgc_col\"><img loading=\"lazy\" decoding=\"async\" src=\"https:\/\/joyvibetoys.com\/wp-content\/uploads\/2025\/07\/10013-37.jpg\" alt=\"\" width=\"600\" height=\"400\" class=\"alignnone size-full wp-image-20269\" \/><\/p>\n<h5>Concealed &amp; Dustproof<\/h5>\n<\/div>\n<\/div>\n<div class=\"vgc_wrap vgc_fx1\" style=\"background-color: rgb(168, 50, 74); padding: 15px; color: rgb(255, 255, 255);\">\n<div class=\"vgc_col\">\n<div class=\"vgc_colim\"><img loading=\"lazy\" decoding=\"async\" src=\"https:\/\/joyvibetoys.com\/wp-content\/uploads\/2025\/07\/10012-53.jpg\" alt=\"\" width=\"750\" height=\"750\" class=\"alignnone size-full wp-image-20270\" \/><\/div>\n<\/div>\n<div class=\"vgc_col\">\n<div class=\"vgc_coltx\">\n<table class=\"vgc_attb\">\n<tbody>\n<tr>\n<td>\nMarque :\n<\/td>\n<td>\nJoyvibetoys\n<\/td>\n<\/tr>\n<tr>\n<td>Fonction :&nbsp;&nbsp;<\/td>\n<td>Vibration, Tongue Liking, Biting<\/td>\n<\/tr>\n<tr>\n<td>\nCouleur :&nbsp;\n<\/td>\n<td>Rouge<\/td>\n<\/tr>\n<tr>\n<td>Mat\u00e9riau :&nbsp;&nbsp;<\/td>\n<td>\nSilicone+ABS<\/td>\n<\/tr>\n<tr>\n<td>Imperm\u00e9able \u00e0 l'eau :&nbsp;&nbsp;<\/td>\n<td>\nIPX6\n<\/td>\n<\/tr>\n<tr>\n<td>\nMuet :\n<\/td>\n<td>\n&lt;60 dB\n<\/td>\n<\/tr>\n<tr>\n<td>\nType d'alimentation :\n<\/td>\n<td>Type-C Charging\n<\/td>\n<\/tr>\n<tr>\n<td>Dur\u00e9e d'ex\u00e9cution :&nbsp;<\/td>\n<td>&lt; 60 mins<\/td>\n<\/tr>\n<tr>\n<td>Working Time<\/td>\n<td>&nbsp; &lt; 60 mins<\/td>\n<\/tr>\n<tr>\n<td>Poids :&nbsp; &nbsp;<\/td>\n<td>&nbsp; 0.419lbs<\/td>\n<\/tr>\n<\/tbody>\n<\/table>\n<p><\/div>\n<\/div>\n<\/div>","protected":false},"excerpt":{"rendered":"<p>10 Vibration Mode Allows you to explore various sensations, find the frequency that suits you best, feel the intense sexual<\/p>","protected":false},"featured_media":20271,"comment_status":"open","ping_status":"closed","template":"","meta":[],"product_brand":[],"product_cat":[144,108,99,93,145,83],"product_tag":[],"class_list":{"0":"post-20264","1":"product","2":"type-product","3":"status-publish","4":"has-post-thumbnail","6":"product_cat-clitoral-suction-vibrators","7":"product_cat-clitoral-vibrators","8":"product_cat-for-her","9":"product_cat-nipple-toys","10":"product_cat-tongue-vibrators","11":"product_cat-vibrators","13":"first","14":"instock","15":"sale","16":"shipping-taxable","17":"purchasable","18":"product-type-simple"},"_links":{"self":[{"href":"https:\/\/joyvibetoys.com\/fr\/wp-json\/wp\/v2\/product\/20264","targetHints":{"allow":["GET"]}}],"collection":[{"href":"https:\/\/joyvibetoys.com\/fr\/wp-json\/wp\/v2\/product"}],"about":[{"href":"https:\/\/joyvibetoys.com\/fr\/wp-json\/wp\/v2\/types\/product"}],"replies":[{"embeddable":true,"href":"https:\/\/joyvibetoys.com\/fr\/wp-json\/wp\/v2\/comments?post=20264"}],"version-history":[{"count":2,"href":"https:\/\/joyvibetoys.com\/fr\/wp-json\/wp\/v2\/product\/20264\/revisions"}],"predecessor-version":[{"id":20279,"href":"https:\/\/joyvibetoys.com\/fr\/wp-json\/wp\/v2\/product\/20264\/revisions\/20279"}],"wp:featuredmedia":[{"embeddable":true,"href":"https:\/\/joyvibetoys.com\/fr\/wp-json\/wp\/v2\/media\/20271"}],"wp:attachment":[{"href":"https:\/\/joyvibetoys.com\/fr\/wp-json\/wp\/v2\/media?parent=20264"}],"wp:term":[{"taxonomy":"product_brand","embeddable":true,"href":"https:\/\/joyvibetoys.com\/fr\/wp-json\/wp\/v2\/product_brand?post=20264"},{"taxonomy":"product_cat","embeddable":true,"href":"https:\/\/joyvibetoys.com\/fr\/wp-json\/wp\/v2\/product_cat?post=20264"},{"taxonomy":"product_tag","embeddable":true,"href":"https:\/\/joyvibetoys.com\/fr\/wp-json\/wp\/v2\/product_tag?post=20264"}],"curies":[{"name":"wp","href":"https:\/\/api.w.org\/{rel}","templated":true}]}}