{"id":20143,"date":"2025-07-29T09:53:08","date_gmt":"2025-07-29T09:53:08","guid":{"rendered":"https:\/\/joyvibetoys.com\/?post_type=product&#038;p=20143"},"modified":"2025-07-29T15:09:08","modified_gmt":"2025-07-29T15:09:08","slug":"outrider-vibrating-thrusting-thick-long-lifelike-dildo-10-75-in","status":"publish","type":"product","link":"https:\/\/joyvibetoys.com\/fr\/produit\/outrider-vibrating-thrusting-thick-long-lifelike-dildo-10-75-in\/","title":{"rendered":"Outrider gode vibrant \u00e0 pouss\u00e9e \u00e9paisse et longue 10.75 In"},"content":{"rendered":"<div class=\"vgc_wrap vgc_fx1\" style=\"background-color:#f1f1f1;\">\n<div class=\"vgc_col\">\n<div class=\"vgc_colim\"><img fetchpriority=\"high\" decoding=\"async\" src=\"https:\/\/joyvibetoys.com\/wp-content\/uploads\/2025\/07\/10007-106.jpg\" alt=\"\" width=\"790\" height=\"840\" class=\"alignnone size-full wp-image-20144\" \/><\/div>\n<\/div>\n<div class=\"vgc_col\">\n<div class=\"vgc_coltx\">\n<h2>Grand Size for Supreme Comfort<br \/><\/h2>\n<p>Crafted for those who value spaciousness, this design offers unparalleled comfort and a grandeur experience, redefining luxury.<\/p>\n<\/div>\n<\/div>\n<\/div>\n<div class=\"vgc_wrap vgc_fx1 vgc_wrap_nob\" style=\"background-color:#f1f1f1;\">\n<div class=\"vgc_col\">\n<div class=\"vgc_coltx\">\n<h2>7-Mode Telescopic Bliss<\/h2>\n<p>Explore the zenith of pleasure with sevenfold telescopic sophistication, engineered for peak ecstasy. <\/p>\n<\/div>\n<\/div>\n<div class=\"vgc_col\">\n<div class=\"vgc_colim\"><img decoding=\"async\" src=\"https:\/\/joyvibetoys.com\/wp-content\/uploads\/2025\/07\/10008-75.jpg\" alt=\"\" width=\"800\" height=\"500\" class=\"alignnone size-full wp-image-20145\" \/><\/div>\n<\/div>\n<\/div>\n<div class=\"vgc_wrap vgc_fx1 vgc_wrap_nob flexR\" style=\"background-color:#f1f1f1;\" src=\"https:\/\/img.bestvibe.com\/cdn-cgi\/image\/format=auto\/images\/goods\/2389\/goods_desc\/20240225\/20240225234621_36739.gif\" height=\"611\" width=\"970\">\n<div class=\"vgc_col\">\n<div class=\"vgc_coltx\">\n<h2>7-Tier Vibration Elegance<\/h2>\n<p>Elevate your senses with seven modes of vibration, crafted for peak pleasure and divine satisfaction. <\/p>\n<\/div>\n<\/div>\n<div class=\"vgc_col\">\n<div class=\"vgc_colim\"><img decoding=\"async\" src=\"https:\/\/joyvibetoys.com\/wp-content\/uploads\/2025\/07\/10010-33.gif\" alt=\"\" width=\"800\" height=\"500\" class=\"alignnone size-full wp-image-20147\" \/><\/div>\n<\/div>\n<\/div>\n<div class=\"vgc_wrap vgc_fx1\" style=\"background-color:#f8f8f8;\">\n<div class=\"vgc_col\">\n<div class=\"vgc_colim\"><img loading=\"lazy\" decoding=\"async\" src=\"https:\/\/joyvibetoys.com\/wp-content\/uploads\/2025\/07\/10009-90.jpg\" alt=\"\" width=\"750\" height=\"750\" class=\"alignnone size-full wp-image-20146\" \/><\/div>\n<\/div>\n<div class=\"vgc_col\">\n<div class=\"vgc_coltx\">\n<ol class=\"vgc_atr\">\n<li>\n<h5>Vivid Heliotrope Crest<\/h5>\n<p>A richly pigmented apex, designed for visual depth and realism.<\/p>\n<\/li>\n<li>\n<h5>Accentuated Azure Veins<\/h5>\n<p>Prominent venous patterns etched with precision, enhancing tactile realism.<\/p>\n<\/li>\n<li>\n<h5>Lifelike Spheroids<\/h5>\n<p>Perfectly mimicked for an authentic touch, encapsulating realism in form.<\/p>\n<\/li>\n<li>\n<h5>Silicone Craftsmanship<\/h5>\n<p>Expertly molded from premium silicone for durability and a true-to-life feel.<\/p>\n<\/li>\n<\/ol>\n<\/div>\n<\/div>\n<\/div>\n<div class=\"rb_bg\" id=\"specifications\">\n<h4 class=\"gh2 gh_arr\">Sp\u00e9cifications<\/h4>\n<ul class=\"g_atrl\" id=\"attrbute\">\n<li class=\"gt_ali\"><em class=\"atr_aa\">SKU :<\/em>\n<p class=\"atr_bb\">Y76185<\/p>\n<\/li>\n<li class=\"gt_ali\">\n<em class=\"atr_aa\">Marque :<\/em><\/p>\n<p class=\"atr_bb\">Joyvibetoys<\/p>\n<\/li>\n<li class=\"gt_ali\">\n<em class=\"atr_aa\">Caract\u00e9ristiques :<\/em><\/p>\n<p class=\"atr_bb\">Thick and Long, 7 Vibrating &amp; 7 Thrusting, Premium Liquid Silicone<\/p>\n<\/li>\n<li class=\"gt_ali\">\n<em class=\"atr_aa\">Fonction :<\/em><\/p>\n<p class=\"atr_bb\">Vibrating &amp; Thrusting, Heating<\/p>\n<\/li>\n<li class=\"gt_ali\">\n<em class=\"atr_aa\">Fr\u00e9quence :<\/em><\/p>\n<p class=\"atr_bb\">7 Fr\u00e9quences<\/p>\n<\/li>\n<li class=\"gt_ali\">\n<em class=\"atr_aa\">Couleur :<\/em><\/p>\n<p class=\"atr_bb\">Noir<\/p>\n<\/li>\n<li class=\"gt_ali\">\n<em class=\"atr_aa\">Mat\u00e9riau :<\/em><\/p>\n<p class=\"atr_bb\">Silicone<\/p>\n<\/li>\n<li class=\"gt_ali\">\n<em class=\"atr_aa\">Imperm\u00e9able \u00e0 l'eau :<\/em><\/p>\n<p class=\"atr_bb\">IPX5<\/p>\n<\/li>\n<li class=\"gt_ali\">\n<em class=\"atr_aa\">Muet :<\/em><\/p>\n<p class=\"atr_bb\">&lt;50 dB<\/p>\n<\/li>\n<li class=\"gt_ali\">\n<em class=\"atr_aa\">Type d'alimentation :<\/em><\/p>\n<p class=\"atr_bb\">Chargement magn\u00e9tique<\/p>\n<\/li>\n<li class=\"gt_ali\">\n<em class=\"atr_aa\">Temps de charge :<\/em><\/p>\n<p class=\"atr_bb\">150 mins<\/p>\n<\/li>\n<li class=\"gt_ali\">\n<em class=\"atr_aa\">Dur\u00e9e d'ex\u00e9cution :<\/em><\/p>\n<p class=\"atr_bb\">40 mins<\/p>\n<\/li>\n<li class=\"gt_ali\">\n<em class=\"atr_aa\">Le paquet comprend :<\/em><\/p>\n<p class=\"atr_bb\">Dildo x1, Charging Cable x1, Remote Controller x1, Manual x1<\/p>\n<\/li>\n<li class=\"gt_ali\">\n<em class=\"atr_aa\">Taille :<\/em><\/p>\n<p class=\"atr_bb\">10.75*1.97 in<\/p>\n<\/li>\n<li class=\"gt_ali\">\n<em class=\"atr_aa\">Poids :<\/em><\/p>\n<p class=\"atr_bb\">1.54 lbs<\/p>\n<\/li>\n<li class=\"gt_ali\">\n<em class=\"atr_aa\">Longueur d'insertion :<\/em><\/p>\n<p class=\"atr_bb\">8.27 in<\/p>\n<\/li>\n<li class=\"gt_ali\">\n<em class=\"atr_aa\">Longueur t\u00e9lescopique :<\/em><\/p>\n<p class=\"atr_bb\">1.81 in<\/p>\n<\/li>\n<\/ul>\n<\/div>","protected":false},"excerpt":{"rendered":"<p>Grand Size for Supreme Comfort Crafted for those who value spaciousness, this design offers unparalleled comfort and a grandeur experience,<\/p>","protected":false},"featured_media":20148,"comment_status":"open","ping_status":"closed","template":"","meta":[],"product_brand":[],"product_cat":[129,154,84,152,155,143],"product_tag":[],"class_list":{"0":"post-20143","1":"product","2":"type-product","3":"status-publish","4":"has-post-thumbnail","6":"product_cat-anal-dildo","7":"product_cat-black-dildos","8":"product_cat-dildos","9":"product_cat-fm-g-spot-dildos","10":"product_cat-suction-cup-dildos","11":"product_cat-vibrating-dildos","13":"first","14":"instock","15":"sale","16":"shipping-taxable","17":"purchasable","18":"product-type-simple"},"_links":{"self":[{"href":"https:\/\/joyvibetoys.com\/fr\/wp-json\/wp\/v2\/product\/20143","targetHints":{"allow":["GET"]}}],"collection":[{"href":"https:\/\/joyvibetoys.com\/fr\/wp-json\/wp\/v2\/product"}],"about":[{"href":"https:\/\/joyvibetoys.com\/fr\/wp-json\/wp\/v2\/types\/product"}],"replies":[{"embeddable":true,"href":"https:\/\/joyvibetoys.com\/fr\/wp-json\/wp\/v2\/comments?post=20143"}],"version-history":[{"count":3,"href":"https:\/\/joyvibetoys.com\/fr\/wp-json\/wp\/v2\/product\/20143\/revisions"}],"predecessor-version":[{"id":20155,"href":"https:\/\/joyvibetoys.com\/fr\/wp-json\/wp\/v2\/product\/20143\/revisions\/20155"}],"wp:featuredmedia":[{"embeddable":true,"href":"https:\/\/joyvibetoys.com\/fr\/wp-json\/wp\/v2\/media\/20148"}],"wp:attachment":[{"href":"https:\/\/joyvibetoys.com\/fr\/wp-json\/wp\/v2\/media?parent=20143"}],"wp:term":[{"taxonomy":"product_brand","embeddable":true,"href":"https:\/\/joyvibetoys.com\/fr\/wp-json\/wp\/v2\/product_brand?post=20143"},{"taxonomy":"product_cat","embeddable":true,"href":"https:\/\/joyvibetoys.com\/fr\/wp-json\/wp\/v2\/product_cat?post=20143"},{"taxonomy":"product_tag","embeddable":true,"href":"https:\/\/joyvibetoys.com\/fr\/wp-json\/wp\/v2\/product_tag?post=20143"}],"curies":[{"name":"wp","href":"https:\/\/api.w.org\/{rel}","templated":true}]}}