{"id":19900,"date":"2025-07-28T15:29:07","date_gmt":"2025-07-28T15:29:07","guid":{"rendered":"https:\/\/joyvibetoys.com\/?post_type=product&#038;p=19900"},"modified":"2025-07-31T14:23:18","modified_gmt":"2025-07-31T14:23:18","slug":"svakom-godwin-stepless-variable-speed-masturbator-handsfree-sex-toys-for-men","status":"publish","type":"product","link":"https:\/\/joyvibetoys.com\/fr\/produit\/svakom-godwin-stepless-variable-speed-masturbator-handsfree-sex-toys-for-men\/","title":{"rendered":"SVAKOM Godwin Masturbateur \u00e0 vitesse variable sans palier Mains libres Jouets sexuels pour hommes"},"content":{"rendered":"<p><img fetchpriority=\"high\" decoding=\"async\" src=\"https:\/\/joyvibetoys.com\/wp-content\/uploads\/2025\/07\/10010-28.gif\" alt=\"\" width=\"1180\" height=\"580\" class=\"alignnone size-full wp-image-19901\" \/><\/p>\n<div class=\"vgc_wrap vgc_fx1\" style=\"background-color:#f1f1f1;\">\n<div class=\"vgc_col\">\n<div class=\"vgc_colim\"><img decoding=\"async\" src=\"https:\/\/joyvibetoys.com\/wp-content\/uploads\/2025\/07\/10011-19.gif\" alt=\"\" width=\"790\" height=\"840\" class=\"alignnone size-full wp-image-19902\" \/><\/div>\n<\/div>\n<div class=\"vgc_col\">\n<div class=\"vgc_coltx\">\n<h2>Simulation d'un vrai vagin<br \/><\/h2>\n<p>Les granul\u00e9s riches et la simulation de l'ouverture cervicale stimulent le gland dans toutes les directions. Combin\u00e9 \u00e0 la fonction de succion, il serre fortement votre p\u00e9nis.<\/p>\n<\/div>\n<\/div>\n<\/div>\n<div class=\"vgc_wrap vgc_fx1 flexR\" style=\"background-color:#f1f1f1;\">\n<div class=\"vgc_col\">\n<div class=\"vgc_colim\"><img decoding=\"async\" src=\"https:\/\/joyvibetoys.com\/wp-content\/uploads\/2025\/07\/10012-13.gif\" alt=\"\" width=\"790\" height=\"840\" class=\"alignnone size-full wp-image-19903\" \/><\/div>\n<\/div>\n<div class=\"vgc_col\">\n<div class=\"vgc_coltx\">\n<h2>Pouss\u00e9e bidirectionnelle rotative<br \/><\/h2>\n<p>La combinaison de grosses granules et d'une pouss\u00e9e rotative bidirectionnelle ajoute \u00e0 votre exp\u00e9rience qui simule un rythme plus impr\u00e9visible, garantissant que chaque mouvement d\u00e9clenche une cascade de sensations d\u00e9licieuses.<\/p>\n<\/div>\n<\/div>\n<\/div>\n<div class=\"vgc_wrap vgc_fx2\">\n<div class=\"vgc_col mr10\"><img loading=\"lazy\" decoding=\"async\" src=\"https:\/\/joyvibetoys.com\/wp-content\/uploads\/2025\/07\/10013-9.gif\" alt=\"\" width=\"600\" height=\"800\" class=\"alignnone size-full wp-image-19904\" \/><\/p>\n<h5>Vitesse variable en continu<\/h5>\n<p>Le r\u00e9glage de la vitesse d'\u00e9tirement est plus souple.<\/p>\n<\/div>\n<div class=\"vgc_col\"><img loading=\"lazy\" decoding=\"async\" src=\"https:\/\/joyvibetoys.com\/wp-content\/uploads\/2025\/07\/10014-9.gif\" alt=\"\" width=\"600\" height=\"800\" class=\"alignnone size-full wp-image-19905\" \/><\/p>\n<h5>Ventouse puissante<\/h5>\n<p>D\u00e9verrouillez toutes les poses que vous souhaitez.<\/p>\n<\/div>\n<\/div>\n<div class=\"vgc_wrap vgc_fx1\" style=\"background-color:#111;padding:15px;color:#fff;\">\n<div class=\"vgc_col\">\n<div class=\"vgc_colim\"><img loading=\"lazy\" decoding=\"async\" src=\"https:\/\/joyvibetoys.com\/wp-content\/uploads\/2025\/07\/10015-12.jpg\" alt=\"\" width=\"750\" height=\"750\" class=\"alignnone size-full wp-image-19906\" \/><\/div>\n<\/div>\n<div class=\"vgc_col\">\n<div class=\"vgc_coltx\">\n<table class=\"vgc_attb\">\n<tbody>\n<tr>\n<td>Marque :<\/td>\n<td>SVAKOM<\/td>\n<\/tr>\n<tr>\n<td>Fonction :<\/td>\n<td>Pouss\u00e9e, rotation, succion<\/td>\n<\/tr>\n<tr>\n<td>Mat\u00e9riau :<\/td>\n<td>Silicone, ABS, PC<\/td>\n<\/tr>\n<tr>\n<td>Muet :<\/td>\n<td>\u226458 dB<\/td>\n<\/tr>\n<tr>\n<td>Temps de charge :<\/td>\n<td>200 minutes<\/td>\n<\/tr>\n<tr>\n<td>Dur\u00e9e d'ex\u00e9cution :<\/td>\n<td>60 minutes<\/td>\n<\/tr>\n<tr>\n<td>Taille :<\/td>\n<td>11.22*3.77 in<\/td>\n<\/tr>\n<tr>\n<td>Poids :<\/td>\n<td>1.79 lbs<\/td>\n<\/tr>\n<tr>\n<td>Imperm\u00e9able \u00e0 l'eau :<\/td>\n<td>Non \u00e9tanche<\/td>\n<\/tr>\n<tr>\n<td>Service :<\/td>\n<td>&nbsp; service@joyvibetoys.com<\/td>\n<\/tr>\n<\/tbody>\n<\/table>\n<\/div>\n<\/div>\n<\/div>","protected":false},"excerpt":{"rendered":"<p>Real Vagina Simulation The rich granules and the cervical opening simulation, stimulating your glans in all directions. Combined with the<\/p>","protected":false},"featured_media":19907,"comment_status":"open","ping_status":"closed","template":"","meta":[],"product_brand":[],"product_cat":[82,126,124],"product_tag":[],"class_list":{"0":"post-19900","1":"product","2":"type-product","3":"status-publish","4":"has-post-thumbnail","6":"product_cat-masturbators","7":"product_cat-telescopic-roation-masturbator","8":"product_cat-vibration-masturbators","10":"first","11":"instock","12":"sale","13":"shipping-taxable","14":"purchasable","15":"product-type-simple"},"_links":{"self":[{"href":"https:\/\/joyvibetoys.com\/fr\/wp-json\/wp\/v2\/product\/19900","targetHints":{"allow":["GET"]}}],"collection":[{"href":"https:\/\/joyvibetoys.com\/fr\/wp-json\/wp\/v2\/product"}],"about":[{"href":"https:\/\/joyvibetoys.com\/fr\/wp-json\/wp\/v2\/types\/product"}],"replies":[{"embeddable":true,"href":"https:\/\/joyvibetoys.com\/fr\/wp-json\/wp\/v2\/comments?post=19900"}],"version-history":[{"count":3,"href":"https:\/\/joyvibetoys.com\/fr\/wp-json\/wp\/v2\/product\/19900\/revisions"}],"predecessor-version":[{"id":19918,"href":"https:\/\/joyvibetoys.com\/fr\/wp-json\/wp\/v2\/product\/19900\/revisions\/19918"}],"wp:featuredmedia":[{"embeddable":true,"href":"https:\/\/joyvibetoys.com\/fr\/wp-json\/wp\/v2\/media\/19907"}],"wp:attachment":[{"href":"https:\/\/joyvibetoys.com\/fr\/wp-json\/wp\/v2\/media?parent=19900"}],"wp:term":[{"taxonomy":"product_brand","embeddable":true,"href":"https:\/\/joyvibetoys.com\/fr\/wp-json\/wp\/v2\/product_brand?post=19900"},{"taxonomy":"product_cat","embeddable":true,"href":"https:\/\/joyvibetoys.com\/fr\/wp-json\/wp\/v2\/product_cat?post=19900"},{"taxonomy":"product_tag","embeddable":true,"href":"https:\/\/joyvibetoys.com\/fr\/wp-json\/wp\/v2\/product_tag?post=19900"}],"curies":[{"name":"wp","href":"https:\/\/api.w.org\/{rel}","templated":true}]}}