{"id":19667,"date":"2025-07-28T07:53:36","date_gmt":"2025-07-28T07:53:36","guid":{"rendered":"https:\/\/joyvibetoys.com\/?post_type=product&#038;p=19667"},"modified":"2025-07-31T09:42:14","modified_gmt":"2025-07-31T09:42:14","slug":"u-siner-3-in-1-prostate-massager-with-11-vibrations-dual-penis-ring","status":"publish","type":"product","link":"https:\/\/joyvibetoys.com\/fr\/produit\/u-siner-3-in-1-prostate-massager-with-11-vibrations-dual-penis-ring\/","title":{"rendered":"U-SINER 3-IN-1 Prostate Massager With 11 Vibrations &#038; Dual Penis Ring"},"content":{"rendered":"<p><img fetchpriority=\"high\" decoding=\"async\" src=\"https:\/\/joyvibetoys.com\/wp-content\/uploads\/2025\/07\/10005-103.jpg\" alt=\"\" width=\"970\" height=\"600\" class=\"alignnone size-full wp-image-19668\" \/><\/p>\n<p><img decoding=\"async\" src=\"https:\/\/joyvibetoys.com\/wp-content\/uploads\/2025\/07\/10006-90.jpg\" alt=\"\" width=\"970\" height=\"600\" class=\"alignnone size-full wp-image-19669\" \/><\/p>\n<p><img decoding=\"async\" src=\"https:\/\/joyvibetoys.com\/wp-content\/uploads\/2025\/07\/10007-83.jpg\" alt=\"\" width=\"970\" height=\"600\" class=\"alignnone size-full wp-image-19670\" \/><\/p>\n<p>\nThis prostate massager lets you explore 10 different speeds of vibration, from gentle to wild suitable for both beginners and advancers, bringing you the world\u2019s most explosive male orgasm. The shape of the toy adopts an L-shaped design, which fits your unique shape for extensive erotic games. 3 IN 1, stimulate your prostate, testicle,  and penis simultaneously, making you enjoy ultimate pleasure. IPX5 waterproof, and he is strong enough to play every dangerous game with you.\n<\/p>\n<div class=\"rb_bg\" id=\"specifications\">\n<h4 class=\"gh2 gh_arr\">Sp\u00e9cifications<\/h4>\n<ul class=\"g_atrl\" id=\"attrbute\">\n<li class=\"gt_ali\"><em class=\"atr_aa\">SKU :<\/em>\n<p class=\"atr_bb\">Y26243<\/p>\n<\/li>\n<li class=\"gt_ali\">\n<em class=\"atr_aa\">Marque :<\/em><\/p>\n<p class=\"atr_bb\">Joyvibetoys<\/p>\n<\/li>\n<li class=\"gt_ali\">\n<em class=\"atr_aa\">Caract\u00e9ristiques :<\/em><\/p>\n<p class=\"atr_bb\">3 in 1, 10 Strong Vibration, Ergonomic Design, Dual Cock Ring<\/p>\n<\/li>\n<li class=\"gt_ali\">\n<em class=\"atr_aa\">Fonction :<\/em><\/p>\n<p class=\"atr_bb\">Vibrating<\/p>\n<\/li>\n<li class=\"gt_ali\">\n<em class=\"atr_aa\">Fr\u00e9quence :<\/em><\/p>\n<p class=\"atr_bb\">10 Fr\u00e9quences<\/p>\n<\/li>\n<li class=\"gt_ali\">\n<em class=\"atr_aa\">Couleur :<\/em><\/p>\n<p class=\"atr_bb\">Noir<\/p>\n<\/li>\n<li class=\"gt_ali\">\n<em class=\"atr_aa\">Mat\u00e9riau :<\/em><\/p>\n<p class=\"atr_bb\">Silicone, ABS<\/p>\n<\/li>\n<li class=\"gt_ali\">\n<em class=\"atr_aa\">Imperm\u00e9able \u00e0 l'eau :<\/em><\/p>\n<p class=\"atr_bb\">IPX5<\/p>\n<\/li>\n<li class=\"gt_ali\">\n<em class=\"atr_aa\">Muet :<\/em><\/p>\n<p class=\"atr_bb\">&lt;60 dB<\/p>\n<\/li>\n<li class=\"gt_ali\">\n<em class=\"atr_aa\">Type d'alimentation :<\/em><\/p>\n<p class=\"atr_bb\">Chargement par USB<\/p>\n<\/li>\n<li class=\"gt_ali\">\n<em class=\"atr_aa\">Temps de charge :<\/em><\/p>\n<p class=\"atr_bb\">120 minutes<\/p>\n<\/li>\n<li class=\"gt_ali\">\n<em class=\"atr_aa\">Dur\u00e9e d'ex\u00e9cution :<\/em><\/p>\n<p class=\"atr_bb\">60 minutes<\/p>\n<\/li>\n<li class=\"gt_ali\">\n<em class=\"atr_aa\">Le paquet comprend :<\/em><\/p>\n<p class=\"atr_bb\">Produit x1, c\u00e2ble de chargement x1, t\u00e9l\u00e9commande x1, manuel x1<\/p>\n<\/li>\n<li class=\"gt_ali\">\n<em class=\"atr_aa\">Taille :<\/em><\/p>\n<p class=\"atr_bb\">5.5*6.1 in<\/p>\n<\/li>\n<li class=\"gt_ali\">\n<em class=\"atr_aa\">Poids :<\/em><\/p>\n<p class=\"atr_bb\">0.52 lbs<\/p>\n<\/li>\n<li class=\"gt_ali\">\n<em class=\"atr_aa\">Longueur d'insertion :<\/em><\/p>\n<p class=\"atr_bb\">3.9 in<\/p>\n<\/li>\n<li class=\"gt_ali\">\n<em class=\"atr_aa\">Diam\u00e8tre d'insertion :<\/em><\/p>\n<p class=\"atr_bb\">1.3 in<\/p>\n<\/li>\n<\/ul>\n<\/div>","protected":false},"excerpt":{"rendered":"<p>This prostate massager lets you explore 10 different speeds of vibration, from gentle to wild suitable for both beginners and<\/p>","protected":false},"featured_media":19675,"comment_status":"open","ping_status":"closed","template":"","meta":[],"product_brand":[],"product_cat":[85,130,103],"product_tag":[],"class_list":{"0":"post-19667","1":"product","2":"type-product","3":"status-publish","4":"has-post-thumbnail","6":"product_cat-anal-toys","7":"product_cat-anal-vibrators-m","8":"product_cat-prostate-massagers","10":"first","11":"instock","12":"sale","13":"shipping-taxable","14":"purchasable","15":"product-type-simple"},"_links":{"self":[{"href":"https:\/\/joyvibetoys.com\/fr\/wp-json\/wp\/v2\/product\/19667","targetHints":{"allow":["GET"]}}],"collection":[{"href":"https:\/\/joyvibetoys.com\/fr\/wp-json\/wp\/v2\/product"}],"about":[{"href":"https:\/\/joyvibetoys.com\/fr\/wp-json\/wp\/v2\/types\/product"}],"replies":[{"embeddable":true,"href":"https:\/\/joyvibetoys.com\/fr\/wp-json\/wp\/v2\/comments?post=19667"}],"version-history":[{"count":2,"href":"https:\/\/joyvibetoys.com\/fr\/wp-json\/wp\/v2\/product\/19667\/revisions"}],"predecessor-version":[{"id":19677,"href":"https:\/\/joyvibetoys.com\/fr\/wp-json\/wp\/v2\/product\/19667\/revisions\/19677"}],"wp:featuredmedia":[{"embeddable":true,"href":"https:\/\/joyvibetoys.com\/fr\/wp-json\/wp\/v2\/media\/19675"}],"wp:attachment":[{"href":"https:\/\/joyvibetoys.com\/fr\/wp-json\/wp\/v2\/media?parent=19667"}],"wp:term":[{"taxonomy":"product_brand","embeddable":true,"href":"https:\/\/joyvibetoys.com\/fr\/wp-json\/wp\/v2\/product_brand?post=19667"},{"taxonomy":"product_cat","embeddable":true,"href":"https:\/\/joyvibetoys.com\/fr\/wp-json\/wp\/v2\/product_cat?post=19667"},{"taxonomy":"product_tag","embeddable":true,"href":"https:\/\/joyvibetoys.com\/fr\/wp-json\/wp\/v2\/product_tag?post=19667"}],"curies":[{"name":"wp","href":"https:\/\/api.w.org\/{rel}","templated":true}]}}