{"id":19628,"date":"2025-07-28T06:38:31","date_gmt":"2025-07-28T06:38:31","guid":{"rendered":"https:\/\/joyvibetoys.com\/?post_type=product&#038;p=19628"},"modified":"2025-07-31T09:42:15","modified_gmt":"2025-07-31T09:42:15","slug":"finger-like-wiggle-9-swing-vibrating-prostate-massager-with-double-cock-ring","status":"publish","type":"product","link":"https:\/\/joyvibetoys.com\/fr\/produit\/finger-like-wiggle-9-swing-vibrating-prostate-massager-with-double-cock-ring\/","title":{"rendered":"Finger-like Wiggle 9 Swing Vibrating Prostate Massager with Double Cock Ring"},"content":{"rendered":"<p><img fetchpriority=\"high\" decoding=\"async\" src=\"https:\/\/joyvibetoys.com\/wp-content\/uploads\/2025\/07\/10007-81.jpg\" alt=\"\" width=\"790\" height=\"500\" class=\"alignnone size-full wp-image-19629\" \/><\/p>\n<p><img decoding=\"async\" src=\"https:\/\/joyvibetoys.com\/wp-content\/uploads\/2025\/07\/10008-58.jpg\" alt=\"\" width=\"790\" height=\"500\" class=\"alignnone size-full wp-image-19630\" \/><\/p>\n<p><img decoding=\"async\" src=\"https:\/\/joyvibetoys.com\/wp-content\/uploads\/2025\/07\/10009-71.jpg\" alt=\"\" width=\"790\" height=\"500\" class=\"alignnone size-full wp-image-19631\" \/><\/p>\n<div class=\"rb_bg\" id=\"specifications\">\n<h4 class=\"gh2 gh_arr\">Sp\u00e9cifications<\/h4>\n<ul class=\"g_atrl\" id=\"attrbute\">\n<li class=\"gt_ali\"><em class=\"atr_aa\">SKU :<\/em>\n<p class=\"atr_bb\">Y5318<\/p>\n<\/li>\n<li class=\"gt_ali\">\n<em class=\"atr_aa\">Marque :<\/em><\/p>\n<p class=\"atr_bb\">Joyvibetoys<\/p>\n<\/li>\n<li class=\"gt_ali\">\n<em class=\"atr_aa\">Caract\u00e9ristiques :<\/em><\/p>\n<p class=\"atr_bb\">Finger-like Wiggle, 9 Swing &amp; Vibrating, Double Cock Ring<\/p>\n<\/li>\n<li class=\"gt_ali\">\n<em class=\"atr_aa\">Fr\u00e9quence :<\/em><\/p>\n<p class=\"atr_bb\">9 Fr\u00e9quences<\/p>\n<\/li>\n<li class=\"gt_ali\">\n<em class=\"atr_aa\">Couleur :<\/em><\/p>\n<p class=\"atr_bb\">Noir<\/p>\n<\/li>\n<li class=\"gt_ali\">\n<em class=\"atr_aa\">Mat\u00e9riau :<\/em><\/p>\n<p class=\"atr_bb\">Silicone, ABS<\/p>\n<\/li>\n<li class=\"gt_ali\">\n<em class=\"atr_aa\">Imperm\u00e9able \u00e0 l'eau :<\/em><\/p>\n<p class=\"atr_bb\">IPX6<\/p>\n<\/li>\n<li class=\"gt_ali\">\n<em class=\"atr_aa\">Muet :<\/em><\/p>\n<p class=\"atr_bb\">&lt;60 dB<\/p>\n<\/li>\n<li class=\"gt_ali\">\n<em class=\"atr_aa\">Type d'alimentation :<\/em><\/p>\n<p class=\"atr_bb\">Chargement magn\u00e9tique<\/p>\n<\/li>\n<li class=\"gt_ali\">\n<em class=\"atr_aa\">Temps de charge :<\/em><\/p>\n<p class=\"atr_bb\">120 minutes<\/p>\n<\/li>\n<li class=\"gt_ali\">\n<em class=\"atr_aa\">Dur\u00e9e d'ex\u00e9cution :<\/em><\/p>\n<p class=\"atr_bb\">45 mins<\/p>\n<\/li>\n<li class=\"gt_ali\">\n<em class=\"atr_aa\">Le paquet comprend :<\/em><\/p>\n<p class=\"atr_bb\">Produit x1, c\u00e2ble de chargement x1, t\u00e9l\u00e9commande x1, manuel x1<\/p>\n<\/li>\n<li class=\"gt_ali\">\n<em class=\"atr_aa\">Taille :<\/em><\/p>\n<p class=\"atr_bb\">5.04*5.91 in<\/p>\n<\/li>\n<li class=\"gt_ali\">\n<em class=\"atr_aa\">Poids :<\/em><\/p>\n<p class=\"atr_bb\">0.58 lbs<\/p>\n<\/li>\n<li class=\"gt_ali\">\n<em class=\"atr_aa\">Longueur d'insertion :<\/em><\/p>\n<p class=\"atr_bb\">4.53 in<\/p>\n<\/li>\n<\/ul>\n<\/div>","protected":false},"excerpt":{"rendered":"<p>Specifications SKU: Y5318 Brand: Joyvibetoys Features: Finger-like Wiggle, 9 Swing &amp; Vibrating, Double Cock Ring Frequency: 9 Frequencies Color: Black<\/p>","protected":false},"featured_media":19638,"comment_status":"open","ping_status":"closed","template":"","meta":[],"product_brand":[],"product_cat":[85,130,103],"product_tag":[],"class_list":{"0":"post-19628","1":"product","2":"type-product","3":"status-publish","4":"has-post-thumbnail","6":"product_cat-anal-toys","7":"product_cat-anal-vibrators-m","8":"product_cat-prostate-massagers","10":"first","11":"instock","12":"sale","13":"shipping-taxable","14":"purchasable","15":"product-type-simple"},"_links":{"self":[{"href":"https:\/\/joyvibetoys.com\/fr\/wp-json\/wp\/v2\/product\/19628","targetHints":{"allow":["GET"]}}],"collection":[{"href":"https:\/\/joyvibetoys.com\/fr\/wp-json\/wp\/v2\/product"}],"about":[{"href":"https:\/\/joyvibetoys.com\/fr\/wp-json\/wp\/v2\/types\/product"}],"replies":[{"embeddable":true,"href":"https:\/\/joyvibetoys.com\/fr\/wp-json\/wp\/v2\/comments?post=19628"}],"version-history":[{"count":2,"href":"https:\/\/joyvibetoys.com\/fr\/wp-json\/wp\/v2\/product\/19628\/revisions"}],"predecessor-version":[{"id":19640,"href":"https:\/\/joyvibetoys.com\/fr\/wp-json\/wp\/v2\/product\/19628\/revisions\/19640"}],"wp:featuredmedia":[{"embeddable":true,"href":"https:\/\/joyvibetoys.com\/fr\/wp-json\/wp\/v2\/media\/19638"}],"wp:attachment":[{"href":"https:\/\/joyvibetoys.com\/fr\/wp-json\/wp\/v2\/media?parent=19628"}],"wp:term":[{"taxonomy":"product_brand","embeddable":true,"href":"https:\/\/joyvibetoys.com\/fr\/wp-json\/wp\/v2\/product_brand?post=19628"},{"taxonomy":"product_cat","embeddable":true,"href":"https:\/\/joyvibetoys.com\/fr\/wp-json\/wp\/v2\/product_cat?post=19628"},{"taxonomy":"product_tag","embeddable":true,"href":"https:\/\/joyvibetoys.com\/fr\/wp-json\/wp\/v2\/product_tag?post=19628"}],"curies":[{"name":"wp","href":"https:\/\/api.w.org\/{rel}","templated":true}]}}