{"id":19543,"date":"2025-07-27T18:24:50","date_gmt":"2025-07-27T18:24:50","guid":{"rendered":"https:\/\/joyvibetoys.com\/?post_type=product&#038;p=19543"},"modified":"2025-08-01T08:43:26","modified_gmt":"2025-08-01T08:43:26","slug":"9-vibrating-dual-motor-30-wave-motion-prostate-massager","status":"publish","type":"product","link":"https:\/\/joyvibetoys.com\/fr\/produit\/9-vibrating-dual-motor-30-wave-motion-prostate-massager\/","title":{"rendered":"9 Masseur prostatique vibrant \u00e0 double moteur et \u00e0 mouvement ondulatoire de 30\u00b0."},"content":{"rendered":"<div class=\"vgc_wrap vgc_fx1 flexR\" style=\"background-color:#f1f1f1;\">\n<div class=\"vgc_col\">\n<div class=\"vgc_coltx\">\n<h2>\nExploring hands-free prostate pleasure with a three-level finger snap technique.<br \/>\n<br \/><\/h2>\n<p>A finger-like motion targets the prostate internally, offering precise stimulation for an exhilarating, hands-free experience. Its head strokes the prostate with optimal pressure and consistency, facilitating intense orgasms. This device includes a flick of a finger motion with three adjustable massage speeds, enabling a controlled build-up to the climax.<\/p>\n<\/div>\n<\/div>\n<div class=\"vgc_col\">\n<div class=\"vgc_colim\"><img fetchpriority=\"high\" decoding=\"async\" src=\"https:\/\/joyvibetoys.com\/wp-content\/uploads\/2025\/07\/10010-24.gif\" alt=\"\" width=\"720\" height=\"771\" class=\"alignnone size-full wp-image-19544\" \/><\/div>\n<\/div>\n<\/div>\n<div class=\"vgc_wrap vgc_fx1\" style=\"background-color:#f1f1f1;\">\n<div class=\"vgc_col\">\n<div class=\"vgc_coltx\">\n<h2>\nPerineum massager with 9 intense vibration modes for external pleasure.<br \/>\n<br \/><\/h2>\n<p>This pleasure device features two distinct motors and heads for a comprehensive experience, targeting both the internal prostate and the external perineum, which is the area between the anus and scrotum. The external component offers nine dynamic vibration settings, ensuring a deeply satisfying dual sensation and promoting intense, hands-free climaxes.<\/p>\n<\/div>\n<\/div>\n<div class=\"vgc_col\">\n<div class=\"vgc_colim\"><img decoding=\"async\" src=\"https:\/\/joyvibetoys.com\/wp-content\/uploads\/2025\/07\/10011-16.gif\" alt=\"\" width=\"720\" height=\"771\" class=\"alignnone size-full wp-image-19545\" \/><\/div>\n<\/div>\n<\/div>\n<div class=\"vgc_wrap vgc_fx1 flexR\" style=\"background-color:#f1f1f1;\">\n<div class=\"vgc_col\">\n<div class=\"vgc_coltx\">\n<h2>All features are just to fit you better<br \/><\/h2>\n<p>10-meter range remote control<br \/> IPX6 waterproof<br \/> Less than 45 dB<br \/> Portable  <\/p>\n<\/div>\n<\/div>\n<div class=\"vgc_col\">\n<div class=\"vgc_colim\"><img decoding=\"async\" src=\"https:\/\/joyvibetoys.com\/wp-content\/uploads\/2025\/07\/10012-40.jpg\" alt=\"\" width=\"720\" height=\"771\" class=\"alignnone size-full wp-image-19546\" \/><\/div>\n<\/div>\n<\/div>\n<div class=\"vgc_wrap vgc_fx1\" style=\"background-color:#f1f1f1;\">\n<div class=\"vgc_col\">\n<div class=\"vgc_coltx\">\n<h2>Feel the touch charm of high-quality liquid silicone<br \/><\/h2>\n<p>Experience ultimate comfort with our advanced anal toy, crafted from high-quality liquid silicone. This premium material offers a soft, smooth touch, ensuring a luxurious and comfortable experience. Safe, hygienic, and designed for the discerning individual, it transforms each use into a delicate, indulgent journey, elevating your sensory experience to new heights.<\/p>\n<\/div>\n<\/div>\n<div class=\"vgc_col\">\n<div class=\"vgc_colim\"><img loading=\"lazy\" decoding=\"async\" src=\"https:\/\/joyvibetoys.com\/wp-content\/uploads\/2025\/07\/10013-24.jpg\" alt=\"\" width=\"720\" height=\"771\" class=\"alignnone size-full wp-image-19547\" \/><\/div>\n<\/div>\n<\/div>\n<div class=\"rb_bg\" id=\"specifications\">\n<h4 class=\"gh2 gh_arr\">Sp\u00e9cifications<\/h4>\n<ul class=\"g_atrl\" id=\"attrbute\">\n<li class=\"gt_ali\"><em class=\"atr_aa\">SKU :<\/em>\n<p class=\"atr_bb\">Y2210<\/p>\n<\/li>\n<li class=\"gt_ali\">\n<em class=\"atr_aa\">Marque :<\/em><\/p>\n<p class=\"atr_bb\">Joyvibetoys<\/p>\n<\/li>\n<li class=\"gt_ali\">\n<em class=\"atr_aa\">Caract\u00e9ristiques :<\/em><\/p>\n<p class=\"atr_bb\"> 0-30 Degrees, 81 Combined Vibrating, Dual-motor<\/p>\n<\/li>\n<li class=\"gt_ali\">\n<em class=\"atr_aa\">Fonction :<\/em><\/p>\n<p class=\"atr_bb\">Vibrating, Remote Control<\/p>\n<\/li>\n<li class=\"gt_ali\">\n<em class=\"atr_aa\">Fr\u00e9quence :<\/em><\/p>\n<p class=\"atr_bb\">9 Fr\u00e9quences<\/p>\n<\/li>\n<li class=\"gt_ali\">\n<em class=\"atr_aa\">Couleur :<\/em><\/p>\n<p class=\"atr_bb\">Noir<\/p>\n<\/li>\n<li class=\"gt_ali\">\n<em class=\"atr_aa\">Mat\u00e9riau :<\/em><\/p>\n<p class=\"atr_bb\">Silicone, ABS<\/p>\n<\/li>\n<li class=\"gt_ali\">\n<em class=\"atr_aa\">Imperm\u00e9able \u00e0 l'eau :<\/em><\/p>\n<p class=\"atr_bb\">IPX6<\/p>\n<\/li>\n<li class=\"gt_ali\">\n<em class=\"atr_aa\">Muet :<\/em><\/p>\n<p class=\"atr_bb\">&lt;45 dB<\/p>\n<\/li>\n<li class=\"gt_ali\">\n<em class=\"atr_aa\">Type d'alimentation :<\/em><\/p>\n<p class=\"atr_bb\">Chargement par USB<\/p>\n<\/li>\n<li class=\"gt_ali\">\n<em class=\"atr_aa\">Temps de charge :<\/em><\/p>\n<p class=\"atr_bb\">90 mins<\/p>\n<\/li>\n<li class=\"gt_ali\">\n<em class=\"atr_aa\">Dur\u00e9e d'ex\u00e9cution :<\/em><\/p>\n<p class=\"atr_bb\">60 minutes<\/p>\n<\/li>\n<li class=\"gt_ali\">\n<em class=\"atr_aa\">Le paquet comprend :<\/em><\/p>\n<p class=\"atr_bb\">Produit x1, c\u00e2ble de chargement x1, t\u00e9l\u00e9commande x1, manuel x1<\/p>\n<\/li>\n<li class=\"gt_ali\">\n<em class=\"atr_aa\">Taille :<\/em><\/p>\n<p class=\"atr_bb\"> 5.5*3.96 in<\/p>\n<\/li>\n<li class=\"gt_ali\">\n<em class=\"atr_aa\">Poids :<\/em><\/p>\n<p class=\"atr_bb\">0.34 lbs<\/p>\n<\/li>\n<li class=\"gt_ali\">\n<em class=\"atr_aa\">Longueur d'insertion :<\/em><\/p>\n<p class=\"atr_bb\">4.33 in<\/p>\n<\/li>\n<li class=\"gt_ali\">\n<em class=\"atr_aa\">Diam\u00e8tre d'insertion :<\/em><\/p>\n<p class=\"atr_bb\">1.18 in<\/p>\n<\/li>\n<\/ul>\n<\/div>","protected":false},"excerpt":{"rendered":"<p>Exploring hands-free prostate pleasure with a three-level finger snap technique. A finger-like motion targets the prostate internally, offering precise stimulation<\/p>","protected":false},"featured_media":19548,"comment_status":"open","ping_status":"closed","template":"","meta":[],"product_brand":[],"product_cat":[139,85,130,103],"product_tag":[],"class_list":{"0":"post-19543","1":"product","2":"type-product","3":"status-publish","4":"has-post-thumbnail","6":"product_cat-anal-bs","7":"product_cat-anal-toys","8":"product_cat-anal-vibrators-m","9":"product_cat-prostate-massagers","11":"first","12":"instock","13":"sale","14":"shipping-taxable","15":"purchasable","16":"product-type-simple"},"_links":{"self":[{"href":"https:\/\/joyvibetoys.com\/fr\/wp-json\/wp\/v2\/product\/19543","targetHints":{"allow":["GET"]}}],"collection":[{"href":"https:\/\/joyvibetoys.com\/fr\/wp-json\/wp\/v2\/product"}],"about":[{"href":"https:\/\/joyvibetoys.com\/fr\/wp-json\/wp\/v2\/types\/product"}],"replies":[{"embeddable":true,"href":"https:\/\/joyvibetoys.com\/fr\/wp-json\/wp\/v2\/comments?post=19543"}],"version-history":[{"count":2,"href":"https:\/\/joyvibetoys.com\/fr\/wp-json\/wp\/v2\/product\/19543\/revisions"}],"predecessor-version":[{"id":19558,"href":"https:\/\/joyvibetoys.com\/fr\/wp-json\/wp\/v2\/product\/19543\/revisions\/19558"}],"wp:featuredmedia":[{"embeddable":true,"href":"https:\/\/joyvibetoys.com\/fr\/wp-json\/wp\/v2\/media\/19548"}],"wp:attachment":[{"href":"https:\/\/joyvibetoys.com\/fr\/wp-json\/wp\/v2\/media?parent=19543"}],"wp:term":[{"taxonomy":"product_brand","embeddable":true,"href":"https:\/\/joyvibetoys.com\/fr\/wp-json\/wp\/v2\/product_brand?post=19543"},{"taxonomy":"product_cat","embeddable":true,"href":"https:\/\/joyvibetoys.com\/fr\/wp-json\/wp\/v2\/product_cat?post=19543"},{"taxonomy":"product_tag","embeddable":true,"href":"https:\/\/joyvibetoys.com\/fr\/wp-json\/wp\/v2\/product_tag?post=19543"}],"curies":[{"name":"wp","href":"https:\/\/api.w.org\/{rel}","templated":true}]}}