{"id":19496,"date":"2025-07-27T17:32:53","date_gmt":"2025-07-27T17:32:53","guid":{"rendered":"https:\/\/joyvibetoys.com\/?post_type=product&#038;p=19496"},"modified":"2025-08-01T08:43:26","modified_gmt":"2025-08-01T08:43:26","slug":"bliss-anal-beads-360-rotating-head-prostate-massager-with-upgraded-cock-ring","status":"publish","type":"product","link":"https:\/\/joyvibetoys.com\/fr\/produit\/bliss-anal-beads-360-rotating-head-prostate-massager-with-upgraded-cock-ring\/","title":{"rendered":"Bliss &#8211; Anal Beads 360\u00b0 Rotating Head Prostate Massager with Upgraded Cock Ring"},"content":{"rendered":"<div id=\"videos\">\n<div class=\"pl_video\" id=\"pl_video\">\n<p class=\"pl_videop\"><img decoding=\"async\" width=\"80\" height=\"80\" class=\"alC\" src=\"https:\/\/img.bestvibe.com\/cdn-cgi\/image\/format=auto\/asset\/css\/g\/g_play.png\"><br \/>LIRE LA VID\u00c9O<\/p>\n<\/div>\n<p>\t\t<video id=\"media\" muted=\"\" controls=\"\" preload=\"none\" x5-playsinline=\"true\" playsinline=\"true\" webkit-playsinline=\"true\" poster=\"https:\/\/img.bestvibe.com\/cdn-cgi\/image\/format=auto\/asset\/css\/f\/null_video.png\" width=\"100%\" src=\"https:\/\/hjusa.s3.us-west-1.amazonaws.com\/goods\/1730277905.mp4\"><\/video>\n\t<\/div>\n<p><img fetchpriority=\"high\" decoding=\"async\" src=\"https:\/\/joyvibetoys.com\/wp-content\/uploads\/2025\/07\/10009-64.jpg\" alt=\"\" width=\"1180\" height=\"732\" class=\"alignnone size-full wp-image-19497\" \/><\/p>\n<p><img decoding=\"async\" src=\"https:\/\/joyvibetoys.com\/wp-content\/uploads\/2025\/07\/10010-50.jpg\" alt=\"\" width=\"1180\" height=\"705\" class=\"alignnone size-full wp-image-19498\" \/><\/p>\n<p><img loading=\"lazy\" decoding=\"async\" src=\"https:\/\/joyvibetoys.com\/wp-content\/uploads\/2025\/07\/10011-46.jpg\" alt=\"\" width=\"1180\" height=\"968\" class=\"alignnone size-full wp-image-19499\" \/><\/p>\n<p><img loading=\"lazy\" decoding=\"async\" src=\"https:\/\/joyvibetoys.com\/wp-content\/uploads\/2025\/07\/10012-37.jpg\" alt=\"\" width=\"1180\" height=\"485\" class=\"alignnone size-full wp-image-19500\" \/><\/p>\n<p>Experience the ultimate pleasure with our mind-blowing creation! The 360-degree rotating head takes your pleasure to new heights, hitting all the right spots from every angle imaginable. Brace yourself for a tantalizing journey of sensation with our quadruple bead design, offering a rollercoaster of excitement that&#8217;ll leave you breathless. Stay in the game longer with our enhanced cock ring, like having your own personal cheerleader, cheering you on for endless rounds of fun!<\/p>\n<p>Your safety and comfort are our top priorities, crafted from premium silicone material. Experience the luxurious touch against your skin, ensuring a worry-free ride to ecstasy. And with the remote control, spice up your escapades with unexpected twists of pleasure, handing over the reins of ecstasy to you or your partner, embracing the unknown, as every press of the button unleashes a surge of delight that&#8217;s out of this world!<\/p>\n<p>So, what are you waiting for? Embark on an unforgettable journey to bliss, feeling sensations like never before with our perfectly crafted pleasure device. Get ready to dive into a world of pleasure, where satisfaction knows no bounds!<\/p>\n<p>Please note: Using lube for the best experience.<\/p>\n<div class=\"rb_bg\" id=\"specifications\">\n<h4 class=\"gh2 gh_arr\">Sp\u00e9cifications<\/h4>\n<ul class=\"g_atrl\" id=\"attrbute\">\n<li class=\"gt_ali\"><em class=\"atr_aa\">SKU :<\/em>\n<p class=\"atr_bb\">Y5498<\/p>\n<\/li>\n<li class=\"gt_ali\">\n<em class=\"atr_aa\">Marque :<\/em><\/p>\n<p class=\"atr_bb\">Joyvibetoys<\/p>\n<\/li>\n<li class=\"gt_ali\">\n<em class=\"atr_aa\">Caract\u00e9ristiques :<\/em><\/p>\n<p class=\"atr_bb\">360\u00b0 Rotating Head, Anal Bead Design, Upgraded Cock Ring<\/p>\n<\/li>\n<li class=\"gt_ali\">\n<em class=\"atr_aa\">Fonction :<\/em><\/p>\n<p class=\"atr_bb\">Rotating, Vibrating, Remote Control<\/p>\n<\/li>\n<li class=\"gt_ali\">\n<em class=\"atr_aa\">Couleur :<\/em><\/p>\n<p class=\"atr_bb\">Noir<\/p>\n<\/li>\n<li class=\"gt_ali\">\n<em class=\"atr_aa\">Mat\u00e9riau :<\/em><\/p>\n<p class=\"atr_bb\">Silicone, ABS<\/p>\n<\/li>\n<li class=\"gt_ali\">\n<em class=\"atr_aa\">Imperm\u00e9able \u00e0 l'eau :<\/em><\/p>\n<p class=\"atr_bb\">IPX6<\/p>\n<\/li>\n<li class=\"gt_ali\">\n<em class=\"atr_aa\">Muet :<\/em><\/p>\n<p class=\"atr_bb\">&lt;60 dB<\/p>\n<\/li>\n<li class=\"gt_ali\">\n<em class=\"atr_aa\">Type d'alimentation :<\/em><\/p>\n<p class=\"atr_bb\">Chargement par USB<\/p>\n<\/li>\n<li class=\"gt_ali\">\n<em class=\"atr_aa\">Temps de charge :<\/em><\/p>\n<p class=\"atr_bb\">120 minutes<\/p>\n<\/li>\n<li class=\"gt_ali\">\n<em class=\"atr_aa\">Dur\u00e9e d'ex\u00e9cution :<\/em><\/p>\n<p class=\"atr_bb\">50 mins<\/p>\n<\/li>\n<li class=\"gt_ali\">\n<em class=\"atr_aa\">Le paquet comprend :<\/em><\/p>\n<p class=\"atr_bb\">Produit x1, c\u00e2ble de chargement x1, t\u00e9l\u00e9commande x1, manuel x1<\/p>\n<\/li>\n<li class=\"gt_ali\">\n<em class=\"atr_aa\">Taille :<\/em><\/p>\n<p class=\"atr_bb\">5.75*5.21 in<\/p>\n<\/li>\n<li class=\"gt_ali\">\n<em class=\"atr_aa\">Poids :<\/em><\/p>\n<p class=\"atr_bb\">0.71 lbs<\/p>\n<\/li>\n<li class=\"gt_ali\">\n<em class=\"atr_aa\">Longueur d'insertion :<\/em><\/p>\n<p class=\"atr_bb\">4.19 in<\/p>\n<\/li>\n<li class=\"gt_ali\">\n<em class=\"atr_aa\">Diam\u00e8tre d'insertion :<\/em><\/p>\n<p class=\"atr_bb\">0.86 &#8211; 1.37 in<\/p>\n<\/li>\n<\/ul>\n<\/div>","protected":false},"excerpt":{"rendered":"<p>PLAY VIDEO Experience the ultimate pleasure with our mind-blowing creation! The 360-degree rotating head takes your pleasure to new heights,<\/p>","protected":false},"featured_media":19501,"comment_status":"open","ping_status":"closed","template":"","meta":[],"product_brand":[],"product_cat":[139,85,130,103],"product_tag":[],"class_list":{"0":"post-19496","1":"product","2":"type-product","3":"status-publish","4":"has-post-thumbnail","6":"product_cat-anal-bs","7":"product_cat-anal-toys","8":"product_cat-anal-vibrators-m","9":"product_cat-prostate-massagers","11":"first","12":"instock","13":"sale","14":"shipping-taxable","15":"purchasable","16":"product-type-simple"},"_links":{"self":[{"href":"https:\/\/joyvibetoys.com\/fr\/wp-json\/wp\/v2\/product\/19496","targetHints":{"allow":["GET"]}}],"collection":[{"href":"https:\/\/joyvibetoys.com\/fr\/wp-json\/wp\/v2\/product"}],"about":[{"href":"https:\/\/joyvibetoys.com\/fr\/wp-json\/wp\/v2\/types\/product"}],"replies":[{"embeddable":true,"href":"https:\/\/joyvibetoys.com\/fr\/wp-json\/wp\/v2\/comments?post=19496"}],"version-history":[{"count":2,"href":"https:\/\/joyvibetoys.com\/fr\/wp-json\/wp\/v2\/product\/19496\/revisions"}],"predecessor-version":[{"id":19510,"href":"https:\/\/joyvibetoys.com\/fr\/wp-json\/wp\/v2\/product\/19496\/revisions\/19510"}],"wp:featuredmedia":[{"embeddable":true,"href":"https:\/\/joyvibetoys.com\/fr\/wp-json\/wp\/v2\/media\/19501"}],"wp:attachment":[{"href":"https:\/\/joyvibetoys.com\/fr\/wp-json\/wp\/v2\/media?parent=19496"}],"wp:term":[{"taxonomy":"product_brand","embeddable":true,"href":"https:\/\/joyvibetoys.com\/fr\/wp-json\/wp\/v2\/product_brand?post=19496"},{"taxonomy":"product_cat","embeddable":true,"href":"https:\/\/joyvibetoys.com\/fr\/wp-json\/wp\/v2\/product_cat?post=19496"},{"taxonomy":"product_tag","embeddable":true,"href":"https:\/\/joyvibetoys.com\/fr\/wp-json\/wp\/v2\/product_tag?post=19496"}],"curies":[{"name":"wp","href":"https:\/\/api.w.org\/{rel}","templated":true}]}}