{"id":19465,"date":"2025-07-27T16:57:13","date_gmt":"2025-07-27T16:57:13","guid":{"rendered":"https:\/\/joyvibetoys.com\/?post_type=product&#038;p=19465"},"modified":"2025-08-06T18:53:32","modified_gmt":"2025-08-06T18:53:32","slug":"joyvibetoys-8-frequency-vibration-thrusting-anal-vibrator-butt-plug","status":"publish","type":"product","link":"https:\/\/joyvibetoys.com\/fr\/produit\/joyvibetoys-8-frequency-vibration-thrusting-anal-vibrator-butt-plug\/","title":{"rendered":"Joyvibetoys 8-Frequency Vibration Thrusting Anal Vibrator Butt Plug"},"content":{"rendered":"<div id=\"videos\">\n<div class=\"pl_video\" id=\"pl_video\">\n<p class=\"pl_videop\">\n         <img decoding=\"async\" width=\"80\" height=\"80\" class=\"alC\" src=\"\/wp-content\/uploads\/2025\/07\/10001-2.png\"><br \/>LIRE LA VID\u00c9O\n      <\/p>\n<\/p><\/div>\n<p>    <video id=\"media\" muted=\"\" controls=\"\" preload=\"none\" x5-playsinline=\"true\" playsinline=\"true\" webkit-playsinline=\"true\" poster=\"\/wp-content\/plugins\/mywc\/assets\/img\/nullvideon.png\" width=\"100%\" src=\"\/wp-content\/plugins\/mywc\/assets\/video\/19465.mp4\"><br \/>\n    <\/video>\n<\/div>\n<p><img fetchpriority=\"high\" decoding=\"async\" src=\"https:\/\/joyvibetoys.com\/wp-content\/uploads\/2025\/07\/10007-22.gif\" alt=\"\" width=\"790\" height=\"500\" class=\"alignnone size-full wp-image-19466\" \/><\/p>\n<p><img decoding=\"async\" src=\"https:\/\/joyvibetoys.com\/wp-content\/uploads\/2025\/07\/10008-32.gif\" alt=\"\" width=\"790\" height=\"500\" class=\"alignnone size-full wp-image-19467\" \/><\/p>\n<p><img loading=\"lazy\" decoding=\"async\" src=\"https:\/\/joyvibetoys.com\/wp-content\/uploads\/2025\/07\/10009-62.jpg\" alt=\"\" width=\"790\" height=\"544\" class=\"alignnone size-full wp-image-19468\" \/><\/p>\n<p><img loading=\"lazy\" decoding=\"async\" src=\"https:\/\/joyvibetoys.com\/wp-content\/uploads\/2025\/07\/10010-48.jpg\" alt=\"\" width=\"790\" height=\"544\" class=\"alignnone size-full wp-image-19469\" \/><\/p>\n<div class=\"vgc_ed\">\n<p>Available in 8 different vibrating&amp; thrusting modes and can be used simultaneously or independently. Just explore and discover the ultimate rhythm and the mind-blowing sweet spots for you and your partner now.&nbsp;<\/p>\n<p>The textured round head of the anal toy with bend and curved shaft massages the P-spot and delivers powerful, satisfying stimulation.&nbsp; Whether used alone or with a partner, this anal vibrator will bring you a surprise and exciting journey.&nbsp;<\/p>\n<p>Even if you play in the bathtub or shower, its waterproof design allows you to release your nature. Made of high-quality medical silicone, safe and tasteless.&nbsp;<\/p>\n<p>Please note: For a better experience, please cooperate with lube. Enjoy your time, and share the ultimate pleasure!<\/p>\n<\/p><\/div>\n<div class=\"rb_bg\" id=\"specifications\">\n<h4 class=\"gh2 gh_arr\">Sp\u00e9cifications<\/h4>\n<ul class=\"g_atrl\" id=\"attrbute\">\n<li class=\"gt_ali\"><em class=\"atr_aa\">SKU :<\/em>\n<p class=\"atr_bb\">Y9191<\/p>\n<\/li>\n<li class=\"gt_ali\">\n<em class=\"atr_aa\">Marque :<\/em><\/p>\n<p class=\"atr_bb\">Joyvibetoys<\/p>\n<\/li>\n<li class=\"gt_ali\">\n<em class=\"atr_aa\">Caract\u00e9ristiques :<\/em><\/p>\n<p class=\"atr_bb\">Vibrating &amp; Thrusting, Remote Control, Solo, Couple Play<\/p>\n<\/li>\n<li class=\"gt_ali\">\n<em class=\"atr_aa\">Fonction :<\/em><\/p>\n<p class=\"atr_bb\"> Thrusting, Vibrating<\/p>\n<\/li>\n<li class=\"gt_ali\">\n<em class=\"atr_aa\">Fr\u00e9quence :<\/em><\/p>\n<p class=\"atr_bb\">8 Frequencies<\/p>\n<\/li>\n<li class=\"gt_ali\">\n<em class=\"atr_aa\">Couleur :<\/em><\/p>\n<p class=\"atr_bb\">Noir<\/p>\n<\/li>\n<li class=\"gt_ali\">\n<em class=\"atr_aa\">Mat\u00e9riau :<\/em><\/p>\n<p class=\"atr_bb\">Silicone, ABS<\/p>\n<\/li>\n<li class=\"gt_ali\">\n<em class=\"atr_aa\">Imperm\u00e9able \u00e0 l'eau :<\/em><\/p>\n<p class=\"atr_bb\">IPX6<\/p>\n<\/li>\n<li class=\"gt_ali\">\n<em class=\"atr_aa\">Muet :<\/em><\/p>\n<p class=\"atr_bb\">&lt;60 dB<\/p>\n<\/li>\n<li class=\"gt_ali\">\n<em class=\"atr_aa\">Type d'alimentation :<\/em><\/p>\n<p class=\"atr_bb\">Chargement magn\u00e9tique<\/p>\n<\/li>\n<li class=\"gt_ali\">\n<em class=\"atr_aa\">Temps de charge :<\/em><\/p>\n<p class=\"atr_bb\">120 minutes<\/p>\n<\/li>\n<li class=\"gt_ali\">\n<em class=\"atr_aa\">Dur\u00e9e d'ex\u00e9cution :<\/em><\/p>\n<p class=\"atr_bb\">60 minutes<\/p>\n<\/li>\n<li class=\"gt_ali\">\n<em class=\"atr_aa\">Le paquet comprend :<\/em><\/p>\n<p class=\"atr_bb\">Produit x1, c\u00e2ble de chargement x1, t\u00e9l\u00e9commande x1, manuel x1<\/p>\n<\/li>\n<li class=\"gt_ali\">\n<em class=\"atr_aa\">Taille :<\/em><\/p>\n<p class=\"atr_bb\">6*4.17 in<\/p>\n<\/li>\n<li class=\"gt_ali\">\n<em class=\"atr_aa\">Poids :<\/em><\/p>\n<p class=\"atr_bb\">0.53 lbs<\/p>\n<\/li>\n<li class=\"gt_ali\">\n<em class=\"atr_aa\">Longueur d'insertion :<\/em><\/p>\n<p class=\"atr_bb\">4.72 In<\/p>\n<\/li>\n<li class=\"gt_ali\">\n<em class=\"atr_aa\">Diam\u00e8tre d'insertion :<\/em><\/p>\n<p class=\"atr_bb\">Max: 1.38 In<\/p>\n<\/li>\n<\/ul>\n<\/div>","protected":false},"excerpt":{"rendered":"<p>PLAY VIDEO Available in 8 different vibrating&amp; thrusting modes and can be used simultaneously or independently. Just explore and discover<\/p>","protected":false},"featured_media":19470,"comment_status":"open","ping_status":"closed","template":"","meta":[],"product_brand":[],"product_cat":[139,85,130,103],"product_tag":[],"class_list":{"0":"post-19465","1":"product","2":"type-product","3":"status-publish","4":"has-post-thumbnail","6":"product_cat-anal-bs","7":"product_cat-anal-toys","8":"product_cat-anal-vibrators-m","9":"product_cat-prostate-massagers","11":"first","12":"instock","13":"sale","14":"shipping-taxable","15":"purchasable","16":"product-type-simple"},"_links":{"self":[{"href":"https:\/\/joyvibetoys.com\/fr\/wp-json\/wp\/v2\/product\/19465","targetHints":{"allow":["GET"]}}],"collection":[{"href":"https:\/\/joyvibetoys.com\/fr\/wp-json\/wp\/v2\/product"}],"about":[{"href":"https:\/\/joyvibetoys.com\/fr\/wp-json\/wp\/v2\/types\/product"}],"replies":[{"embeddable":true,"href":"https:\/\/joyvibetoys.com\/fr\/wp-json\/wp\/v2\/comments?post=19465"}],"version-history":[{"count":4,"href":"https:\/\/joyvibetoys.com\/fr\/wp-json\/wp\/v2\/product\/19465\/revisions"}],"predecessor-version":[{"id":21578,"href":"https:\/\/joyvibetoys.com\/fr\/wp-json\/wp\/v2\/product\/19465\/revisions\/21578"}],"wp:featuredmedia":[{"embeddable":true,"href":"https:\/\/joyvibetoys.com\/fr\/wp-json\/wp\/v2\/media\/19470"}],"wp:attachment":[{"href":"https:\/\/joyvibetoys.com\/fr\/wp-json\/wp\/v2\/media?parent=19465"}],"wp:term":[{"taxonomy":"product_brand","embeddable":true,"href":"https:\/\/joyvibetoys.com\/fr\/wp-json\/wp\/v2\/product_brand?post=19465"},{"taxonomy":"product_cat","embeddable":true,"href":"https:\/\/joyvibetoys.com\/fr\/wp-json\/wp\/v2\/product_cat?post=19465"},{"taxonomy":"product_tag","embeddable":true,"href":"https:\/\/joyvibetoys.com\/fr\/wp-json\/wp\/v2\/product_tag?post=19465"}],"curies":[{"name":"wp","href":"https:\/\/api.w.org\/{rel}","templated":true}]}}