{"id":19380,"date":"2025-07-27T15:01:37","date_gmt":"2025-07-27T15:01:37","guid":{"rendered":"https:\/\/joyvibetoys.com\/?post_type=product&#038;p=19380"},"modified":"2025-08-01T06:50:07","modified_gmt":"2025-08-01T06:50:07","slug":"shand-remote-insertable-vibrating-cock-ring","status":"publish","type":"product","link":"https:\/\/joyvibetoys.com\/fr\/produit\/shand-remote-insertable-vibrating-cock-ring\/","title":{"rendered":"SHand Remote Insertable Vibrating Cock Ring"},"content":{"rendered":"<p><img fetchpriority=\"high\" decoding=\"async\" src=\"https:\/\/joyvibetoys.com\/wp-content\/uploads\/2025\/07\/10008-55.jpg\" alt=\"\" width=\"790\" height=\"489\" class=\"alignnone size-full wp-image-19381\" \/><\/p>\n<div id=\"pic_b\">\n<div class=\"vgc_ed\">\n<p><strong>[PLUGGABLE DESIGN]<\/strong><\/p>\n<p> This rechargeable cock ring can not only stimulate you and your partner but also increase the size and firmness of your erection. What&#8217;s more noteworthy is that the outwardly extending part thickens your penis and better satisfies your partner.<\/p>\n<p><strong>[DUAL MOTORS &amp; NINE VIBRATION MODES]<\/strong><\/p>\n<p> With two motors, the motor inserted into the body starts to vibrate during the play, constantly stimulating the G-spot of the partner. At the same time, another motor will transmit a strong sensation to the clitoris and the ball. Both you and your partner can experience incredible pleasure from this luxurious sex toy.<\/p>\n<p><strong>[REMOTE CONTROL]<\/strong><\/p>\n<p> Designed to be more convenient for customers to use, this cock ring has a remote control with a range of up to 2 meters. Even if you are not very close, it will not delay your sex games.<\/p>\n<p><strong>[IPX7 WATERPROOF]<\/strong><\/p>\n<p> Featuring IPX7 waterproof, this means you don&#8217;t have to worry about this toy being damaged by water. At the same time, in addition to the remote control, you can clean the entire product directly in water, making the cleaning work easier.<\/p>\n<\/p><\/div>\n<\/p><\/div>\n<div class=\"rb_bg\" id=\"specifications\">\n<h4 class=\"gh2 gh_arr\">Sp\u00e9cifications<\/h4>\n<ul class=\"g_atrl\" id=\"attrbute\">\n<li class=\"gt_ali\"><em class=\"atr_aa\">SKU :<\/em>\n<p class=\"atr_bb\">Y9052<\/p>\n<\/li>\n<li class=\"gt_ali\">\n<em class=\"atr_aa\">Marque :<\/em><\/p>\n<p class=\"atr_bb\">Joyvibetoys<\/p>\n<\/li>\n<li class=\"gt_ali\">\n<em class=\"atr_aa\">Caract\u00e9ristiques :<\/em><\/p>\n<p class=\"atr_bb\">9 Vibrating, Remote Control, Dual Rings<\/p>\n<\/li>\n<li class=\"gt_ali\">\n<em class=\"atr_aa\">Fonction :<\/em><\/p>\n<p class=\"atr_bb\">Vibrating, Remote Control<\/p>\n<\/li>\n<li class=\"gt_ali\">\n<em class=\"atr_aa\">Fr\u00e9quence :<\/em><\/p>\n<p class=\"atr_bb\">9 Fr\u00e9quences<\/p>\n<\/li>\n<li class=\"gt_ali\">\n<em class=\"atr_aa\">Couleur :<\/em><\/p>\n<p class=\"atr_bb\">Noir<\/p>\n<\/li>\n<li class=\"gt_ali\">\n<em class=\"atr_aa\">Mat\u00e9riau :<\/em><\/p>\n<p class=\"atr_bb\">Silicone, ABS<\/p>\n<\/li>\n<li class=\"gt_ali\">\n<em class=\"atr_aa\">Imperm\u00e9able \u00e0 l'eau :<\/em><\/p>\n<p class=\"atr_bb\">IPX7<\/p>\n<\/li>\n<li class=\"gt_ali\">\n<em class=\"atr_aa\">Muet :<\/em><\/p>\n<p class=\"atr_bb\">&lt;55 dB<\/p>\n<\/li>\n<li class=\"gt_ali\">\n<em class=\"atr_aa\">Type d'alimentation :<\/em><\/p>\n<p class=\"atr_bb\">Chargement magn\u00e9tique<\/p>\n<\/li>\n<li class=\"gt_ali\">\n<em class=\"atr_aa\">Temps de charge :<\/em><\/p>\n<p class=\"atr_bb\">60 &#8211; 90 mins<\/p>\n<\/li>\n<li class=\"gt_ali\">\n<em class=\"atr_aa\">Dur\u00e9e d'ex\u00e9cution :<\/em><\/p>\n<p class=\"atr_bb\">50 &#8211; 60 mins<\/p>\n<\/li>\n<li class=\"gt_ali\">\n<em class=\"atr_aa\">Le paquet comprend :<\/em><\/p>\n<p class=\"atr_bb\">Produit x1, c\u00e2ble de chargement x1, t\u00e9l\u00e9commande x1, manuel x1<\/p>\n<\/li>\n<li class=\"gt_ali\">\n<em class=\"atr_aa\">Taille :<\/em><\/p>\n<p class=\"atr_bb\">4.5*3.9*0.7 in<\/p>\n<\/li>\n<li class=\"gt_ali\">\n<em class=\"atr_aa\">Poids :<\/em><\/p>\n<p class=\"atr_bb\">0.44 lbs<\/p>\n<\/li>\n<\/ul>\n<\/div>","protected":false},"excerpt":{"rendered":"<p>[PLUGGABLE DESIGN] This rechargeable cock ring can not only stimulate you and your partner but also increase the size and<\/p>","protected":false},"featured_media":19388,"comment_status":"open","ping_status":"closed","template":"","meta":[],"product_brand":[],"product_cat":[91,123,100],"product_tag":[],"class_list":{"0":"post-19380","1":"product","2":"type-product","3":"status-publish","4":"has-post-thumbnail","6":"product_cat-cock-rings","7":"product_cat-cock-rings-m","8":"product_cat-for-him","10":"first","11":"instock","12":"sale","13":"shipping-taxable","14":"purchasable","15":"product-type-simple"},"_links":{"self":[{"href":"https:\/\/joyvibetoys.com\/fr\/wp-json\/wp\/v2\/product\/19380","targetHints":{"allow":["GET"]}}],"collection":[{"href":"https:\/\/joyvibetoys.com\/fr\/wp-json\/wp\/v2\/product"}],"about":[{"href":"https:\/\/joyvibetoys.com\/fr\/wp-json\/wp\/v2\/types\/product"}],"replies":[{"embeddable":true,"href":"https:\/\/joyvibetoys.com\/fr\/wp-json\/wp\/v2\/comments?post=19380"}],"version-history":[{"count":2,"href":"https:\/\/joyvibetoys.com\/fr\/wp-json\/wp\/v2\/product\/19380\/revisions"}],"predecessor-version":[{"id":19390,"href":"https:\/\/joyvibetoys.com\/fr\/wp-json\/wp\/v2\/product\/19380\/revisions\/19390"}],"wp:featuredmedia":[{"embeddable":true,"href":"https:\/\/joyvibetoys.com\/fr\/wp-json\/wp\/v2\/media\/19388"}],"wp:attachment":[{"href":"https:\/\/joyvibetoys.com\/fr\/wp-json\/wp\/v2\/media?parent=19380"}],"wp:term":[{"taxonomy":"product_brand","embeddable":true,"href":"https:\/\/joyvibetoys.com\/fr\/wp-json\/wp\/v2\/product_brand?post=19380"},{"taxonomy":"product_cat","embeddable":true,"href":"https:\/\/joyvibetoys.com\/fr\/wp-json\/wp\/v2\/product_cat?post=19380"},{"taxonomy":"product_tag","embeddable":true,"href":"https:\/\/joyvibetoys.com\/fr\/wp-json\/wp\/v2\/product_tag?post=19380"}],"curies":[{"name":"wp","href":"https:\/\/api.w.org\/{rel}","templated":true}]}}