{"id":19371,"date":"2025-07-27T14:52:49","date_gmt":"2025-07-27T14:52:49","guid":{"rendered":"https:\/\/joyvibetoys.com\/?post_type=product&#038;p=19371"},"modified":"2025-08-01T06:50:07","modified_gmt":"2025-08-01T06:50:07","slug":"7-mode-vibration-stimulating-tongue-double-cock-ring-for-couple-play","status":"publish","type":"product","link":"https:\/\/joyvibetoys.com\/fr\/produit\/7-mode-vibration-stimulating-tongue-double-cock-ring-for-couple-play\/","title":{"rendered":"Anneau \u00e0 double bite avec langue stimulante \u00e0 7 modes de vibration pour le jeu en couple"},"content":{"rendered":"<p><img fetchpriority=\"high\" decoding=\"async\" src=\"https:\/\/joyvibetoys.com\/wp-content\/uploads\/2025\/07\/10006-18.gif\" alt=\"\" width=\"790\" height=\"500\" class=\"alignnone size-full wp-image-19372\" \/><\/p>\n<p><img decoding=\"async\" src=\"https:\/\/joyvibetoys.com\/wp-content\/uploads\/2025\/07\/10007-68.jpg\" alt=\"\" width=\"790\" height=\"500\" class=\"alignnone size-full wp-image-19373\" \/><\/p>\n<p>Make shared climaxes a reality with this powerful double cock ring. Wearing it around your shaft and testicles to maintain your erection and delay ejaculation. This ring safely traps blood inside the shaft of your penis, making it obvious that your cock becomes bigger, thicker, and stronger. Then you will enjoy the satisfied look of your partner. In addition to making you comfortable, it also can offer an extraordinary experience to your lover. When you choose different modes of vibration, 3 little tongue-like parts will serve as a stimulator for the clitoris during intercourse. Moreover, you can use it as a foreplay teaser to flirt with your partner\u2019s erogenous zones. It is fully waterproof and rechargeable so you can carry and use it easily. If you want to experience terrific mutual pleasure with your partner, don&#8217;t miss this great love machine.<\/p>\n<div class=\"rb_bg\" id=\"specifications\">\n<h4 class=\"gh2 gh_arr\">Sp\u00e9cifications<\/h4>\n<ul class=\"g_atrl\" id=\"attrbute\">\n<li class=\"gt_ali\"><em class=\"atr_aa\">SKU :<\/em>\n<p class=\"atr_bb\">Y25464<\/p>\n<\/li>\n<li class=\"gt_ali\">\n<em class=\"atr_aa\">Marque :<\/em><\/p>\n<p class=\"atr_bb\">Joyvibetoys<\/p>\n<\/li>\n<li class=\"gt_ali\">\n<em class=\"atr_aa\">Caract\u00e9ristiques :<\/em><\/p>\n<p class=\"atr_bb\">7 Vibrating, Dual Rings, Remote Control<\/p>\n<\/li>\n<li class=\"gt_ali\">\n<em class=\"atr_aa\">Fonction :<\/em><\/p>\n<p class=\"atr_bb\">Vibrating, Remote Control<\/p>\n<\/li>\n<li class=\"gt_ali\">\n<em class=\"atr_aa\">Fr\u00e9quence :<\/em><\/p>\n<p class=\"atr_bb\">7 Fr\u00e9quences<\/p>\n<\/li>\n<li class=\"gt_ali\">\n<em class=\"atr_aa\">Couleur :<\/em><\/p>\n<p class=\"atr_bb\">Noir<\/p>\n<\/li>\n<li class=\"gt_ali\">\n<em class=\"atr_aa\">Mat\u00e9riau :<\/em><\/p>\n<p class=\"atr_bb\">Silicone, ABS<\/p>\n<\/li>\n<li class=\"gt_ali\">\n<em class=\"atr_aa\">Imperm\u00e9able \u00e0 l'eau :<\/em><\/p>\n<p class=\"atr_bb\">IPX5<\/p>\n<\/li>\n<li class=\"gt_ali\">\n<em class=\"atr_aa\">Muet :<\/em><\/p>\n<p class=\"atr_bb\">&lt;55 dB<\/p>\n<\/li>\n<li class=\"gt_ali\">\n<em class=\"atr_aa\">Type d'alimentation :<\/em><\/p>\n<p class=\"atr_bb\">Chargement par USB<\/p>\n<\/li>\n<li class=\"gt_ali\">\n<em class=\"atr_aa\">Temps de charge :<\/em><\/p>\n<p class=\"atr_bb\">60 &#8211; 90 mins<\/p>\n<\/li>\n<li class=\"gt_ali\">\n<em class=\"atr_aa\">Dur\u00e9e d'ex\u00e9cution :<\/em><\/p>\n<p class=\"atr_bb\">50 &#8211; 60 mins<\/p>\n<\/li>\n<li class=\"gt_ali\">\n<em class=\"atr_aa\">Le paquet comprend :<\/em><\/p>\n<p class=\"atr_bb\">Produit x1, c\u00e2ble de chargement x1, t\u00e9l\u00e9commande x1, manuel x1<\/p>\n<\/li>\n<li class=\"gt_ali\">\n<em class=\"atr_aa\">Taille :<\/em><\/p>\n<p class=\"atr_bb\">4.5*1.3*4.6 in<\/p>\n<\/li>\n<li class=\"gt_ali\">\n<em class=\"atr_aa\">Poids :<\/em><\/p>\n<p class=\"atr_bb\">0.24 lbs<\/p>\n<\/li>\n<\/ul>\n<\/div>","protected":false},"excerpt":{"rendered":"<p>Make shared climaxes a reality with this powerful double cock ring. Wearing it around your shaft and testicles to maintain<\/p>","protected":false},"featured_media":19374,"comment_status":"open","ping_status":"closed","template":"","meta":[],"product_brand":[],"product_cat":[91,123,100],"product_tag":[],"class_list":{"0":"post-19371","1":"product","2":"type-product","3":"status-publish","4":"has-post-thumbnail","6":"product_cat-cock-rings","7":"product_cat-cock-rings-m","8":"product_cat-for-him","10":"first","11":"instock","12":"shipping-taxable","13":"purchasable","14":"product-type-simple"},"_links":{"self":[{"href":"https:\/\/joyvibetoys.com\/fr\/wp-json\/wp\/v2\/product\/19371","targetHints":{"allow":["GET"]}}],"collection":[{"href":"https:\/\/joyvibetoys.com\/fr\/wp-json\/wp\/v2\/product"}],"about":[{"href":"https:\/\/joyvibetoys.com\/fr\/wp-json\/wp\/v2\/types\/product"}],"replies":[{"embeddable":true,"href":"https:\/\/joyvibetoys.com\/fr\/wp-json\/wp\/v2\/comments?post=19371"}],"version-history":[{"count":1,"href":"https:\/\/joyvibetoys.com\/fr\/wp-json\/wp\/v2\/product\/19371\/revisions"}],"predecessor-version":[{"id":19379,"href":"https:\/\/joyvibetoys.com\/fr\/wp-json\/wp\/v2\/product\/19371\/revisions\/19379"}],"wp:featuredmedia":[{"embeddable":true,"href":"https:\/\/joyvibetoys.com\/fr\/wp-json\/wp\/v2\/media\/19374"}],"wp:attachment":[{"href":"https:\/\/joyvibetoys.com\/fr\/wp-json\/wp\/v2\/media?parent=19371"}],"wp:term":[{"taxonomy":"product_brand","embeddable":true,"href":"https:\/\/joyvibetoys.com\/fr\/wp-json\/wp\/v2\/product_brand?post=19371"},{"taxonomy":"product_cat","embeddable":true,"href":"https:\/\/joyvibetoys.com\/fr\/wp-json\/wp\/v2\/product_cat?post=19371"},{"taxonomy":"product_tag","embeddable":true,"href":"https:\/\/joyvibetoys.com\/fr\/wp-json\/wp\/v2\/product_tag?post=19371"}],"curies":[{"name":"wp","href":"https:\/\/api.w.org\/{rel}","templated":true}]}}