{"id":18881,"date":"2025-07-26T11:02:02","date_gmt":"2025-07-26T11:02:02","guid":{"rendered":"https:\/\/joyvibetoys.com\/?post_type=product&#038;p=18881"},"modified":"2025-07-29T15:09:12","modified_gmt":"2025-07-29T15:09:12","slug":"adjustable-strap-on-harness-with-two-different-sizes-o-rings","status":"publish","type":"product","link":"https:\/\/joyvibetoys.com\/fr\/produit\/adjustable-strap-on-harness-with-two-different-sizes-o-rings\/","title":{"rendered":"Harnais \u00e0 sangle r\u00e9glable avec deux joints toriques de tailles diff\u00e9rentes"},"content":{"rendered":"<p><img fetchpriority=\"high\" decoding=\"async\" src=\"https:\/\/joyvibetoys.com\/wp-content\/uploads\/2025\/07\/10008-33.jpg\" alt=\"\" width=\"970\" height=\"600\" class=\"alignnone size-full wp-image-18869\" \/><\/p>\n<p><img decoding=\"async\" src=\"https:\/\/joyvibetoys.com\/wp-content\/uploads\/2025\/07\/10009-36.jpg\" alt=\"\" width=\"970\" height=\"600\" class=\"alignnone size-full wp-image-18871\" \/><\/p>\n<p><img decoding=\"async\" src=\"https:\/\/joyvibetoys.com\/wp-content\/uploads\/2025\/07\/10010-28.jpg\" alt=\"\" width=\"970\" height=\"600\" class=\"alignnone size-full wp-image-18867\" \/><\/p>\n<p><img loading=\"lazy\" decoding=\"async\" src=\"https:\/\/joyvibetoys.com\/wp-content\/uploads\/2025\/07\/10011-30.jpg\" alt=\"\" width=\"970\" height=\"600\" class=\"alignnone size-full wp-image-18870\" \/><\/p>\n<div class=\"rb_bg\" id=\"specifications\">\n<h4 class=\"gh2 gh_arr\">Sp\u00e9cifications<\/h4>\n<ul class=\"g_atrl\" id=\"attrbute\">\n<li class=\"gt_ali\"><em class=\"atr_aa\">SKU :<\/em>\n<p class=\"atr_bb\">Y76460<\/p>\n<\/li>\n<li class=\"gt_ali\">\n<em class=\"atr_aa\">Marque :<\/em><\/p>\n<p class=\"atr_bb\">Joyvibetoys<\/p>\n<\/li>\n<li class=\"gt_ali\">\n<em class=\"atr_aa\">Caract\u00e9ristiques :<\/em><\/p>\n<p class=\"atr_bb\">Adjustable, Two Different Sizes O-rings<\/p>\n<\/li>\n<li class=\"gt_ali\">\n<em class=\"atr_aa\">Couleur :<\/em><\/p>\n<p class=\"atr_bb\">Noir<\/p>\n<\/li>\n<li class=\"gt_ali\">\n<em class=\"atr_aa\">Mat\u00e9riau :<\/em><\/p>\n<p class=\"atr_bb\">Nylon<\/p>\n<\/li>\n<li class=\"gt_ali\">\n<em class=\"atr_aa\">Imperm\u00e9able \u00e0 l'eau :<\/em><\/p>\n<p class=\"atr_bb\">100% Imperm\u00e9able \u00e0 l'eau<\/p>\n<\/li>\n<li class=\"gt_ali\">\n<em class=\"atr_aa\">Le paquet comprend :<\/em><\/p>\n<p class=\"atr_bb\">Harness x1<\/p>\n<\/li>\n<li class=\"gt_ali\">\n<em class=\"atr_aa\">Taille :<\/em><\/p>\n<p class=\"atr_bb\">6.89*4.92 in<\/p>\n<\/li>\n<li class=\"gt_ali\">\n<em class=\"atr_aa\">Poids :<\/em><\/p>\n<p class=\"atr_bb\">0.27 lbs<\/p>\n<\/li>\n<\/ul>\n<\/div>","protected":false},"excerpt":{"rendered":"<p>Specifications SKU: Y76460 Brand: Joyvibetoys Features: Adjustable, Two Different Sizes O-rings Color: Black Material: Nylon Waterproof: 100% Waterproof Package Included:<\/p>","protected":false},"featured_media":18882,"comment_status":"open","ping_status":"closed","template":"","meta":[],"product_brand":[],"product_cat":[129,84,98,155],"product_tag":[],"class_list":{"0":"post-18881","1":"product","2":"type-product","3":"status-publish","4":"has-post-thumbnail","6":"product_cat-anal-dildo","7":"product_cat-dildos","8":"product_cat-strap-on-dildos","9":"product_cat-suction-cup-dildos","11":"first","12":"instock","13":"sale","14":"shipping-taxable","15":"purchasable","16":"product-type-simple"},"_links":{"self":[{"href":"https:\/\/joyvibetoys.com\/fr\/wp-json\/wp\/v2\/product\/18881","targetHints":{"allow":["GET"]}}],"collection":[{"href":"https:\/\/joyvibetoys.com\/fr\/wp-json\/wp\/v2\/product"}],"about":[{"href":"https:\/\/joyvibetoys.com\/fr\/wp-json\/wp\/v2\/types\/product"}],"replies":[{"embeddable":true,"href":"https:\/\/joyvibetoys.com\/fr\/wp-json\/wp\/v2\/comments?post=18881"}],"version-history":[{"count":1,"href":"https:\/\/joyvibetoys.com\/fr\/wp-json\/wp\/v2\/product\/18881\/revisions"}],"predecessor-version":[{"id":18889,"href":"https:\/\/joyvibetoys.com\/fr\/wp-json\/wp\/v2\/product\/18881\/revisions\/18889"}],"wp:featuredmedia":[{"embeddable":true,"href":"https:\/\/joyvibetoys.com\/fr\/wp-json\/wp\/v2\/media\/18882"}],"wp:attachment":[{"href":"https:\/\/joyvibetoys.com\/fr\/wp-json\/wp\/v2\/media?parent=18881"}],"wp:term":[{"taxonomy":"product_brand","embeddable":true,"href":"https:\/\/joyvibetoys.com\/fr\/wp-json\/wp\/v2\/product_brand?post=18881"},{"taxonomy":"product_cat","embeddable":true,"href":"https:\/\/joyvibetoys.com\/fr\/wp-json\/wp\/v2\/product_cat?post=18881"},{"taxonomy":"product_tag","embeddable":true,"href":"https:\/\/joyvibetoys.com\/fr\/wp-json\/wp\/v2\/product_tag?post=18881"}],"curies":[{"name":"wp","href":"https:\/\/api.w.org\/{rel}","templated":true}]}}