{"id":18643,"date":"2025-07-24T18:35:08","date_gmt":"2025-07-24T18:35:08","guid":{"rendered":"https:\/\/joyvibetoys.com\/?post_type=product&#038;p=18643"},"modified":"2025-07-29T15:11:15","modified_gmt":"2025-07-29T15:11:15","slug":"designed-for-beginners-silicone-heating-7-thrusting-10-vibrating-swinging-dildo","status":"publish","type":"product","link":"https:\/\/joyvibetoys.com\/fr\/produit\/designed-for-beginners-silicone-heating-7-thrusting-10-vibrating-swinging-dildo\/","title":{"rendered":"Con\u00e7u pour le d\u00e9butant Gode en silicone chauffant 7 pouss\u00e9es 10 vibrations Swinging Dildo"},"content":{"rendered":"<p><img fetchpriority=\"high\" decoding=\"async\" src=\"https:\/\/joyvibetoys.com\/wp-content\/uploads\/2025\/07\/10007-34.jpg\" alt=\"\" width=\"790\" height=\"700\" class=\"alignnone size-full wp-image-18644\" \/><\/p>\n<p><img decoding=\"async\" src=\"https:\/\/joyvibetoys.com\/wp-content\/uploads\/2025\/07\/10008-26.jpg\" alt=\"\" width=\"790\" height=\"840\" class=\"alignnone size-full wp-image-18645\" \/><\/p>\n<div class=\"vgc_wrap vgc_fx1\" style=\"background-color:#f1f1f1;\">\n<div class=\"vgc_col\">\n<div class=\"vgc_colim\"><img decoding=\"async\" src=\"https:\/\/joyvibetoys.com\/wp-content\/uploads\/2025\/07\/10008-26.jpg\" alt=\"\" width=\"790\" height=\"840\" class=\"alignnone size-full wp-image-18645\" \/><\/div>\n<\/div>\n<div class=\"vgc_col\">\n<div class=\"vgc_coltx\">\n<h2>&nbsp; Strong Suction Cup&nbsp;&nbsp;<br \/><\/h2>\n<p><b>Secure and Stable:<\/b> The strong suction cup adheres firmly to any smooth surface, providing stability during use.<br \/><b>Hands-Free Versatility:<\/b> Allows for various positions and locations, enhancing the user experience with hands-free pleasure.<br \/><b>Easy to Attach and Remove:<\/b> Simple to secure and release, making it convenient to use and reposition as desired.<\/p>\n<\/div>\n<\/div>\n<\/div>\n<div class=\"vgc_wrap vgc_fx2\">\n<div class=\"vgc_col mr10\"><img decoding=\"async\" src=\"https:\/\/joyvibetoys.com\/wp-content\/uploads\/2025\/07\/10009-14.gif\" alt=\"\" width=\"600\" height=\"400\" class=\"alignnone size-full wp-image-18646\" \/><\/p>\n<h5>7 THRUSTING<\/h5>\n<p>&nbsp; Real-life demonstration showcasing the dildo&#8217;s telescopic function, allowing you to see the most authentic effect.&nbsp;&nbsp;<\/p>\n<\/div>\n<div class=\"vgc_col\"><img loading=\"lazy\" decoding=\"async\" src=\"https:\/\/joyvibetoys.com\/wp-content\/uploads\/2025\/07\/10010-16.gif\" alt=\"\" width=\"600\" height=\"400\" class=\"alignnone size-full wp-image-18647\" \/><\/p>\n<h5>10 VIBRATIONS<\/h5>\n<p>&nbsp; Real-life footage showcasing the vibrating effect underwater, inviting you to imagine the sensation it would provide inside you.&nbsp;&nbsp;<\/p>\n<\/div>\n<\/div>\n<div class=\"vgc_wrap vgc_fx1\" style=\"background-color:#f1f1f1;\">\n<div class=\"vgc_col\">\n<div class=\"vgc_colim\"><img loading=\"lazy\" decoding=\"async\" src=\"https:\/\/joyvibetoys.com\/wp-content\/uploads\/2025\/07\/10011-23.jpg\" alt=\"\" width=\"790\" height=\"840\" class=\"alignnone size-full wp-image-18648\" \/><\/div>\n<\/div>\n<div class=\"vgc_col\">\n<div class=\"vgc_coltx\">\n<h2>&nbsp; Premium Material&nbsp;&nbsp;<\/h2>\n<p>Made of high-quality liquid silicone, soft to the touch and durable. The material is flexible and can be kneaded at will, ensuring a realistic and comfortable feel.<\/p>\n<\/div>\n<\/div>\n<\/div>\n<p><img loading=\"lazy\" decoding=\"async\" src=\"https:\/\/joyvibetoys.com\/wp-content\/uploads\/2025\/07\/10012-25.jpg\" alt=\"\" width=\"790\" height=\"450\" class=\"alignnone size-full wp-image-18649\" \/><\/p>\n<div class=\"rb_bg\" id=\"specifications\">\n<h4 class=\"gh2 gh_arr\">Sp\u00e9cifications<\/h4>\n<ul class=\"g_atrl\" id=\"attrbute\">\n<li class=\"gt_ali\"><em class=\"atr_aa\">SKU :<\/em>\n<p class=\"atr_bb\">Y76394<\/p>\n<\/li>\n<li class=\"gt_ali\">\n<em class=\"atr_aa\">Marque :<\/em><\/p>\n<p class=\"atr_bb\">Joyvibetoys<\/p>\n<\/li>\n<li class=\"gt_ali\">\n<em class=\"atr_aa\">Fonction :<\/em><\/p>\n<p class=\"atr_bb\">7 Thrusting &amp; Swinging,10 Vibration<\/p>\n<\/li>\n<li class=\"gt_ali\">\n<em class=\"atr_aa\">Couleur :<\/em><\/p>\n<p class=\"atr_bb\">Nu<\/p>\n<\/li>\n<li class=\"gt_ali\">\n<em class=\"atr_aa\">Mat\u00e9riau :<\/em><\/p>\n<p class=\"atr_bb\">Silicone<\/p>\n<\/li>\n<li class=\"gt_ali\">\n<em class=\"atr_aa\">Imperm\u00e9able \u00e0 l'eau :<\/em><\/p>\n<p class=\"atr_bb\">IPX5<\/p>\n<\/li>\n<li class=\"gt_ali\">\n<em class=\"atr_aa\">Muet :<\/em><\/p>\n<p class=\"atr_bb\">&lt;60 dB<\/p>\n<\/li>\n<li class=\"gt_ali\">\n<em class=\"atr_aa\">Type d'alimentation :<\/em><\/p>\n<p class=\"atr_bb\">Chargement magn\u00e9tique<\/p>\n<\/li>\n<li class=\"gt_ali\">\n<em class=\"atr_aa\">Heating Time:<\/em><\/p>\n<p class=\"atr_bb\">5 mins<\/p>\n<\/li>\n<li class=\"gt_ali\">\n<em class=\"atr_aa\">Temps de charge :<\/em><\/p>\n<p class=\"atr_bb\">&lt; 150 mins<\/p>\n<\/li>\n<li class=\"gt_ali\">\n<em class=\"atr_aa\">Dur\u00e9e d'ex\u00e9cution :<\/em><\/p>\n<p class=\"atr_bb\">&gt; 50 mins<\/p>\n<\/li>\n<li class=\"gt_ali\">\n<em class=\"atr_aa\">Le paquet comprend :<\/em><\/p>\n<p class=\"atr_bb\">Dildo x1, Charging Cable x1, Remote Controller x1, Manual x1<\/p>\n<\/li>\n<li class=\"gt_ali\">\n<em class=\"atr_aa\">Taille :<\/em><\/p>\n<p class=\"atr_bb\">7.48*1.38 in<\/p>\n<\/li>\n<li class=\"gt_ali\">\n<em class=\"atr_aa\">Poids :<\/em><\/p>\n<p class=\"atr_bb\">0.682 lbs<\/p>\n<\/li>\n<li class=\"gt_ali\">\n<em class=\"atr_aa\">Longueur d'insertion :<\/em><\/p>\n<p class=\"atr_bb\">5.11 in<\/p>\n<\/li>\n<li class=\"gt_ali\">\n<em class=\"atr_aa\">Longueur t\u00e9lescopique :<\/em><\/p>\n<p class=\"atr_bb\">0.55 in<\/p>\n<\/li>\n<li class=\"gt_ali\">\n<em class=\"atr_aa\">Diam\u00e8tre d'insertion :<\/em><\/p>\n<p class=\"atr_bb\">1.38 in<\/p>\n<\/li>\n<\/ul>\n<\/div>","protected":false},"excerpt":{"rendered":"<p>&nbsp; Strong Suction Cup&nbsp;&nbsp; Secure and Stable: The strong suction cup adheres firmly to any smooth surface, providing stability during<\/p>","protected":false},"featured_media":18650,"comment_status":"open","ping_status":"closed","template":"","meta":[],"product_brand":[],"product_cat":[129,84,152,142,155,146,143],"product_tag":[],"class_list":{"0":"post-18643","1":"product","2":"type-product","3":"status-publish","4":"has-post-thumbnail","6":"product_cat-anal-dildo","7":"product_cat-dildos","8":"product_cat-fm-g-spot-dildos","9":"product_cat-realistic-dildos","10":"product_cat-suction-cup-dildos","11":"product_cat-fm-thrusting-dildo","12":"product_cat-vibrating-dildos","14":"first","15":"instock","16":"sale","17":"shipping-taxable","18":"purchasable","19":"product-type-simple"},"_links":{"self":[{"href":"https:\/\/joyvibetoys.com\/fr\/wp-json\/wp\/v2\/product\/18643","targetHints":{"allow":["GET"]}}],"collection":[{"href":"https:\/\/joyvibetoys.com\/fr\/wp-json\/wp\/v2\/product"}],"about":[{"href":"https:\/\/joyvibetoys.com\/fr\/wp-json\/wp\/v2\/types\/product"}],"replies":[{"embeddable":true,"href":"https:\/\/joyvibetoys.com\/fr\/wp-json\/wp\/v2\/comments?post=18643"}],"version-history":[{"count":1,"href":"https:\/\/joyvibetoys.com\/fr\/wp-json\/wp\/v2\/product\/18643\/revisions"}],"predecessor-version":[{"id":18656,"href":"https:\/\/joyvibetoys.com\/fr\/wp-json\/wp\/v2\/product\/18643\/revisions\/18656"}],"wp:featuredmedia":[{"embeddable":true,"href":"https:\/\/joyvibetoys.com\/fr\/wp-json\/wp\/v2\/media\/18650"}],"wp:attachment":[{"href":"https:\/\/joyvibetoys.com\/fr\/wp-json\/wp\/v2\/media?parent=18643"}],"wp:term":[{"taxonomy":"product_brand","embeddable":true,"href":"https:\/\/joyvibetoys.com\/fr\/wp-json\/wp\/v2\/product_brand?post=18643"},{"taxonomy":"product_cat","embeddable":true,"href":"https:\/\/joyvibetoys.com\/fr\/wp-json\/wp\/v2\/product_cat?post=18643"},{"taxonomy":"product_tag","embeddable":true,"href":"https:\/\/joyvibetoys.com\/fr\/wp-json\/wp\/v2\/product_tag?post=18643"}],"curies":[{"name":"wp","href":"https:\/\/api.w.org\/{rel}","templated":true}]}}