{"id":17788,"date":"2025-07-17T05:54:07","date_gmt":"2025-07-17T05:54:07","guid":{"rendered":"https:\/\/joyvibetoys.com\/?post_type=product&#038;p=17788"},"modified":"2025-08-01T08:50:27","modified_gmt":"2025-08-01T08:50:27","slug":"9-thrusting-vibrating-prostate-massager-with-dual-cock-ring-anal-toy","status":"publish","type":"product","link":"https:\/\/joyvibetoys.com\/fr\/produit\/9-thrusting-vibrating-prostate-massager-with-dual-cock-ring-anal-toy\/","title":{"rendered":"9 Thrusting &#038; Vibrating Prostate Massager with Dual Cock Ring Anal Toy"},"content":{"rendered":"<p><img fetchpriority=\"high\" decoding=\"async\" src=\"https:\/\/joyvibetoys.com\/wp-content\/uploads\/2025\/07\/10011-12.gif\" alt=\"\" width=\"1440\" height=\"700\" class=\"alignnone size-full wp-image-17789\" \/><\/p>\n<p><img decoding=\"async\" src=\"https:\/\/joyvibetoys.com\/wp-content\/uploads\/2025\/07\/10012-22.jpg\" alt=\"\" width=\"970\" height=\"600\" class=\"alignnone size-full wp-image-17790\" \/><\/p>\n<p><img decoding=\"async\" src=\"https:\/\/joyvibetoys.com\/wp-content\/uploads\/2025\/07\/10013-7.gif\" alt=\"\" width=\"970\" height=\"600\" class=\"alignnone size-full wp-image-17791\" \/><\/p>\n<p><img loading=\"lazy\" decoding=\"async\" src=\"https:\/\/joyvibetoys.com\/wp-content\/uploads\/2025\/07\/10014-10.jpg\" alt=\"\" width=\"970\" height=\"600\" class=\"alignnone size-full wp-image-17792\" \/><\/p>\n<div class=\"rb_bg\" id=\"specifications\">\n<h4 class=\"gh2 gh_arr\">Sp\u00e9cifications<\/h4>\n<ul class=\"g_atrl\" id=\"attrbute\">\n<li class=\"gt_ali\"><em class=\"atr_aa\">SKU :<\/em>\n<p class=\"atr_bb\">Y76509<\/p>\n<\/li>\n<li class=\"gt_ali\">\n<em class=\"atr_aa\">Marque :<\/em><\/p>\n<p class=\"atr_bb\">Joyvibetoys<\/p>\n<\/li>\n<li class=\"gt_ali\">\n<em class=\"atr_aa\">Caract\u00e9ristiques :<\/em><\/p>\n<p class=\"atr_bb\">Vibrating, Thrusting , 3 IN 1 Anal toys<\/p>\n<\/li>\n<li class=\"gt_ali\">\n<em class=\"atr_aa\">Fonction :<\/em><\/p>\n<p class=\"atr_bb\">Vibrating, Thrusting<\/p>\n<\/li>\n<li class=\"gt_ali\">\n<em class=\"atr_aa\">Fr\u00e9quence :<\/em><\/p>\n<p class=\"atr_bb\">9 Fr\u00e9quences<\/p>\n<\/li>\n<li class=\"gt_ali\">\n<em class=\"atr_aa\">Couleur :<\/em><\/p>\n<p class=\"atr_bb\">Noir<\/p>\n<\/li>\n<li class=\"gt_ali\">\n<em class=\"atr_aa\">Mat\u00e9riau :<\/em><\/p>\n<p class=\"atr_bb\">Silicone, ABS<\/p>\n<\/li>\n<li class=\"gt_ali\">\n<em class=\"atr_aa\">Imperm\u00e9able \u00e0 l'eau :<\/em><\/p>\n<p class=\"atr_bb\">IPX6<\/p>\n<\/li>\n<li class=\"gt_ali\">\n<em class=\"atr_aa\">Muet :<\/em><\/p>\n<p class=\"atr_bb\">&lt;60 dB<\/p>\n<\/li>\n<li class=\"gt_ali\">\n<em class=\"atr_aa\">Type d'alimentation :<\/em><\/p>\n<p class=\"atr_bb\">Chargement par USB<\/p>\n<\/li>\n<li class=\"gt_ali\">\n<em class=\"atr_aa\">Temps de charge :<\/em><\/p>\n<p class=\"atr_bb\">120 minutes<\/p>\n<\/li>\n<li class=\"gt_ali\">\n<em class=\"atr_aa\">Dur\u00e9e d'ex\u00e9cution :<\/em><\/p>\n<p class=\"atr_bb\">50 mins<\/p>\n<\/li>\n<li class=\"gt_ali\">\n<em class=\"atr_aa\">Le paquet comprend :<\/em><\/p>\n<p class=\"atr_bb\">Produit x1, c\u00e2ble de chargement x1, t\u00e9l\u00e9commande x1, manuel x1<\/p>\n<\/li>\n<li class=\"gt_ali\">\n<em class=\"atr_aa\">Taille :<\/em><\/p>\n<p class=\"atr_bb\">5.2*6.5 in<\/p>\n<\/li>\n<li class=\"gt_ali\">\n<em class=\"atr_aa\">Poids :<\/em><\/p>\n<p class=\"atr_bb\">0.44 lbs<\/p>\n<\/li>\n<li class=\"gt_ali\">\n<em class=\"atr_aa\">Longueur d'insertion :<\/em><\/p>\n<p class=\"atr_bb\">4.53 In<\/p>\n<\/li>\n<li class=\"gt_ali\">\n<em class=\"atr_aa\">Longueur t\u00e9lescopique :<\/em><\/p>\n<p class=\"atr_bb\">Product \u00d71, Charging Cable \u00d71, Remote Controller \u00d71, Manual \u00d71<\/p>\n<\/li>\n<li class=\"gt_ali\">\n<em class=\"atr_aa\">Diam\u00e8tre d'insertion :<\/em><\/p>\n<p class=\"atr_bb\">Max: 1.36 In<\/p>\n<\/li>\n<\/ul>\n<\/div>","protected":false},"excerpt":{"rendered":"<p>Specifications SKU: Y76509 Brand: Joyvibetoys Features: Vibrating, Thrusting , 3 IN 1 Anal toys Function: Vibrating, Thrusting Frequency: 9 Frequencies<\/p>","protected":false},"featured_media":17793,"comment_status":"open","ping_status":"closed","template":"","meta":[],"product_brand":[],"product_cat":[85,130,111,138,100,103],"product_tag":[],"class_list":{"0":"post-17788","1":"product","2":"type-product","3":"status-publish","4":"has-post-thumbnail","6":"product_cat-anal-toys","7":"product_cat-anal-vibrators-m","8":"product_cat-couples","9":"product_cat-couples-bs","10":"product_cat-for-him","11":"product_cat-prostate-massagers","13":"first","14":"instock","15":"sale","16":"shipping-taxable","17":"purchasable","18":"product-type-simple"},"_links":{"self":[{"href":"https:\/\/joyvibetoys.com\/fr\/wp-json\/wp\/v2\/product\/17788","targetHints":{"allow":["GET"]}}],"collection":[{"href":"https:\/\/joyvibetoys.com\/fr\/wp-json\/wp\/v2\/product"}],"about":[{"href":"https:\/\/joyvibetoys.com\/fr\/wp-json\/wp\/v2\/types\/product"}],"replies":[{"embeddable":true,"href":"https:\/\/joyvibetoys.com\/fr\/wp-json\/wp\/v2\/comments?post=17788"}],"version-history":[{"count":2,"href":"https:\/\/joyvibetoys.com\/fr\/wp-json\/wp\/v2\/product\/17788\/revisions"}],"predecessor-version":[{"id":17804,"href":"https:\/\/joyvibetoys.com\/fr\/wp-json\/wp\/v2\/product\/17788\/revisions\/17804"}],"wp:featuredmedia":[{"embeddable":true,"href":"https:\/\/joyvibetoys.com\/fr\/wp-json\/wp\/v2\/media\/17793"}],"wp:attachment":[{"href":"https:\/\/joyvibetoys.com\/fr\/wp-json\/wp\/v2\/media?parent=17788"}],"wp:term":[{"taxonomy":"product_brand","embeddable":true,"href":"https:\/\/joyvibetoys.com\/fr\/wp-json\/wp\/v2\/product_brand?post=17788"},{"taxonomy":"product_cat","embeddable":true,"href":"https:\/\/joyvibetoys.com\/fr\/wp-json\/wp\/v2\/product_cat?post=17788"},{"taxonomy":"product_tag","embeddable":true,"href":"https:\/\/joyvibetoys.com\/fr\/wp-json\/wp\/v2\/product_tag?post=17788"}],"curies":[{"name":"wp","href":"https:\/\/api.w.org\/{rel}","templated":true}]}}