{"id":17568,"date":"2025-07-15T06:26:05","date_gmt":"2025-07-15T06:26:05","guid":{"rendered":"https:\/\/joyvibetoys.com\/?post_type=product&#038;p=17568"},"modified":"2025-07-15T06:34:57","modified_gmt":"2025-07-15T06:34:57","slug":"automatic-2-suction-modes-vacuum-penis-pump-lcd","status":"publish","type":"product","link":"https:\/\/joyvibetoys.com\/fr\/produit\/automatic-2-suction-modes-vacuum-penis-pump-lcd\/","title":{"rendered":"Pompe \u00e0 p\u00e9nis automatique \u00e0 2 modes d'aspiration LCD"},"content":{"rendered":"<p><img fetchpriority=\"high\" decoding=\"async\" src=\"https:\/\/joyvibetoys.com\/wp-content\/uploads\/2025\/07\/10002-16.jpg\" alt=\"\" width=\"790\" height=\"500\" class=\"alignnone size-full wp-image-17569\" \/><\/p>\n<p><img decoding=\"async\" src=\"https:\/\/joyvibetoys.com\/wp-content\/uploads\/2025\/07\/10003-17.jpg\" alt=\"\" width=\"790\" height=\"500\" class=\"alignnone size-full wp-image-17570\" \/><\/p>\n<p><img decoding=\"async\" src=\"https:\/\/joyvibetoys.com\/wp-content\/uploads\/2025\/07\/10004-12.gif\" alt=\"\" width=\"790\" height=\"500\" class=\"alignnone size-full wp-image-17571\" \/><\/p>\n<p><img loading=\"lazy\" decoding=\"async\" src=\"https:\/\/joyvibetoys.com\/wp-content\/uploads\/2025\/07\/10005-23.jpg\" alt=\"\" width=\"790\" height=\"500\" class=\"alignnone size-full wp-image-17572\" \/><\/p>\n<p style=\"margin: 1.2em 0px; padding: 0px; color: rgb(33, 33, 33); font-family: &quot;Helvetica Neue&quot;, Helvetica, Arial, sans-serif; font-size: 18px; font-style: normal; font-variant-ligatures: normal; font-variant-caps: normal; font-weight: 400; letter-spacing: normal; orphans: 2; text-align: start; text-indent: 0px; text-transform: none; widows: 2; word-spacing: 0px; -webkit-text-stroke-width: 0px; white-space: normal; text-decoration-thickness: initial; text-decoration-style: initial; text-decoration-color: initial;\">Looking for a workout that could give you impressive results almost instantly? The electric penis pump with a high-quality electric motor has a greatly increased suction power. The electric motor supports the vacuum pumping, and with the help of the safety valve the quick-release valve releases the vacuum at any time and the precise manometer regulates the vacuum suction. One-button automatic suction is easy to use and more convenient than manual. 2 control modes of this penis pump for you to choose from: intelligent constant pressure mode and manual pressure mode. You can choose mode 1 to keep a constant pressure value or mode 2 to experience an intelligent cycle of 4 different pressures. Unlike other electric penis, the automatic suction electric pump is super quiet and you can even use it at night. The Penis pump is equipped with an LCD that shows the corresponding air pressure. This makes it easy to use and helps you to understand each other even better!<\/p>\n<div class=\"rb_bg\" id=\"specifications\">\n<h4 class=\"gh2 gh_arr\">Sp\u00e9cifications<\/h4>\n<ul class=\"g_atrl\" id=\"attrbute\" style=\"margin: 0px 0px 20px; padding: 5px 15px 20px 0px; list-style: none; line-height: 2; font-size: 14px; overflow: hidden; color: rgb(102, 102, 102); font-family: &quot;Helvetica Neue&quot;, Helvetica, Arial, sans-serif; font-style: normal; font-variant-ligatures: normal; font-variant-caps: normal; font-weight: 400; letter-spacing: normal; orphans: 2; text-align: start; text-indent: 0px; text-transform: none; widows: 2; word-spacing: 0px; -webkit-text-stroke-width: 0px; white-space: normal; text-decoration-thickness: initial; text-decoration-style: initial; text-decoration-color: initial;\">\n<li class=\"gt_ali\" style=\"margin: 0px; padding: 0px; display: block; line-height: 24px; width: 460.5px; float: left; white-space: nowrap; overflow: hidden; text-overflow: ellipsis;\">\n<em class=\"atr_aa\" style=\"margin: 0px; padding: 0px 5px; font-style: normal; font-weight: normal; color: rgb(153, 153, 153);\">SKU :<\/em><\/p>\n<p class=\"atr_bb\" style=\"margin: 0px; padding: 0px; display: inline;\">ML1516<\/p>\n<\/li>\n<li class=\"gt_ali\" style=\"margin: 0px; padding: 0px; display: block; line-height: 24px; width: 460.5px; float: left; white-space: nowrap; overflow: hidden; text-overflow: ellipsis;\"><em class=\"atr_aa\" style=\"margin: 0px; padding: 0px 5px; font-style: normal; font-weight: normal; color: rgb(153, 153, 153);\">Brand: Joyvibetoys<\/em><\/li>\n<li class=\"gt_ali\" style=\"margin: 0px; padding: 0px; display: block; line-height: 24px; width: 460.5px; float: left; white-space: nowrap; overflow: hidden; text-overflow: ellipsis;\">\n<em class=\"atr_aa\" style=\"margin: 0px; padding: 0px 5px; font-style: normal; font-weight: normal; color: rgb(153, 153, 153);\">Caract\u00e9ristiques :<\/em><span>&nbsp;<\/span><\/p>\n<p class=\"atr_bb\" style=\"margin: 0px; padding: 0px; display: inline;\">Vacuum Suction, 2 Control Modes, LCD<\/p>\n<\/li>\n<li class=\"gt_ali\" style=\"margin: 0px; padding: 0px; display: block; line-height: 24px; width: 460.5px; float: left; white-space: nowrap; overflow: hidden; text-overflow: ellipsis;\">\n<em class=\"atr_aa\" style=\"margin: 0px; padding: 0px 5px; font-style: normal; font-weight: normal; color: rgb(153, 153, 153);\">Fonction :<\/em><span>&nbsp;<\/span><\/p>\n<p class=\"atr_bb\" style=\"margin: 0px; padding: 0px; display: inline;\">Vacuum Suction<\/p>\n<\/li>\n<li class=\"gt_ali\" style=\"margin: 0px; padding: 0px; display: block; line-height: 24px; width: 460.5px; float: left; white-space: nowrap; overflow: hidden; text-overflow: ellipsis;\">\n<em class=\"atr_aa\" style=\"margin: 0px; padding: 0px 5px; font-style: normal; font-weight: normal; color: rgb(153, 153, 153);\">Fr\u00e9quence :<\/em><span>&nbsp;<\/span><\/p>\n<p class=\"atr_bb\" style=\"margin: 0px; padding: 0px; display: inline;\">4 Fr\u00e9quences<\/p>\n<\/li>\n<li class=\"gt_ali\" style=\"margin: 0px; padding: 0px; display: block; line-height: 24px; width: 460.5px; float: left; white-space: nowrap; overflow: hidden; text-overflow: ellipsis;\">\n<em class=\"atr_aa\" style=\"margin: 0px; padding: 0px 5px; font-style: normal; font-weight: normal; color: rgb(153, 153, 153);\">Couleur :<\/em><span>&nbsp;<\/span><\/p>\n<p class=\"atr_bb\" style=\"margin: 0px; padding: 0px; display: inline;\">Transparent<\/p>\n<\/li>\n<li class=\"gt_ali\" style=\"margin: 0px; padding: 0px; display: block; line-height: 24px; width: 460.5px; float: left; white-space: nowrap; overflow: hidden; text-overflow: ellipsis;\">\n<em class=\"atr_aa\" style=\"margin: 0px; padding: 0px 5px; font-style: normal; font-weight: normal; color: rgb(153, 153, 153);\">Mat\u00e9riau :<\/em><span>&nbsp;<\/span><\/p>\n<p class=\"atr_bb\" style=\"margin: 0px; padding: 0px; display: inline;\">TPE, ABS<\/p>\n<\/li>\n<li class=\"gt_ali\" style=\"margin: 0px; padding: 0px; display: block; line-height: 24px; width: 460.5px; float: left; white-space: nowrap; overflow: hidden; text-overflow: ellipsis;\">\n<em class=\"atr_aa\" style=\"margin: 0px; padding: 0px 5px; font-style: normal; font-weight: normal; color: rgb(153, 153, 153);\">Imperm\u00e9able \u00e0 l'eau :<\/em><span>&nbsp;<\/span><\/p>\n<p class=\"atr_bb\" style=\"margin: 0px; padding: 0px; display: inline;\">IPX5<\/p>\n<\/li>\n<li class=\"gt_ali\" style=\"margin: 0px; padding: 0px; display: block; line-height: 24px; width: 460.5px; float: left; white-space: nowrap; overflow: hidden; text-overflow: ellipsis;\">\n<em class=\"atr_aa\" style=\"margin: 0px; padding: 0px 5px; font-style: normal; font-weight: normal; color: rgb(153, 153, 153);\">Muet :<\/em><span>&nbsp;<\/span><\/p>\n<p class=\"atr_bb\" style=\"margin: 0px; padding: 0px; display: inline;\">&lt;45 dB<\/p>\n<\/li>\n<li class=\"gt_ali\" style=\"margin: 0px; padding: 0px; display: block; line-height: 24px; width: 460.5px; float: left; white-space: nowrap; overflow: hidden; text-overflow: ellipsis;\">\n<em class=\"atr_aa\" style=\"margin: 0px; padding: 0px 5px; font-style: normal; font-weight: normal; color: rgb(153, 153, 153);\">Type d'alimentation :<\/em><span>&nbsp;<\/span><\/p>\n<p class=\"atr_bb\" style=\"margin: 0px; padding: 0px; display: inline;\">Chargement par USB<\/p>\n<\/li>\n<li class=\"gt_ali\" style=\"margin: 0px; padding: 0px; display: block; line-height: 24px; width: 460.5px; float: left; white-space: nowrap; overflow: hidden; text-overflow: ellipsis;\">\n<em class=\"atr_aa\" style=\"margin: 0px; padding: 0px 5px; font-style: normal; font-weight: normal; color: rgb(153, 153, 153);\">Temps de charge :<\/em><span>&nbsp;<\/span><\/p>\n<p class=\"atr_bb\" style=\"margin: 0px; padding: 0px; display: inline;\">120 minutes<\/p>\n<\/li>\n<li class=\"gt_ali\" style=\"margin: 0px; padding: 0px; display: block; line-height: 24px; width: 460.5px; float: left; white-space: nowrap; overflow: hidden; text-overflow: ellipsis;\">\n<em class=\"atr_aa\" style=\"margin: 0px; padding: 0px 5px; font-style: normal; font-weight: normal; color: rgb(153, 153, 153);\">Dur\u00e9e d'ex\u00e9cution :<\/em><span>&nbsp;<\/span><\/p>\n<p class=\"atr_bb\" style=\"margin: 0px; padding: 0px; display: inline;\">60 minutes<\/p>\n<\/li>\n<li class=\"gt_ali\" style=\"margin: 0px; padding: 0px; display: block; line-height: 24px; width: 460.5px; float: left; white-space: nowrap; overflow: hidden; text-overflow: ellipsis;\">\n<em class=\"atr_aa\" style=\"margin: 0px; padding: 0px 5px; font-style: normal; font-weight: normal; color: rgb(153, 153, 153);\">Le paquet comprend :<\/em><span>&nbsp;<\/span><\/p>\n<p class=\"atr_bb\" style=\"margin: 0px; padding: 0px; display: inline;\">Produit x1, c\u00e2ble de chargement x1, manuel x1<\/p>\n<\/li>\n<li class=\"gt_ali\" style=\"margin: 0px; padding: 0px; display: block; line-height: 24px; width: 460.5px; float: left; white-space: nowrap; overflow: hidden; text-overflow: ellipsis;\">\n<em class=\"atr_aa\" style=\"margin: 0px; padding: 0px 5px; font-style: normal; font-weight: normal; color: rgb(153, 153, 153);\">Taille :<\/em><span>&nbsp;<\/span><\/p>\n<p class=\"atr_bb\" style=\"margin: 0px; padding: 0px; display: inline;\">12*2.95 in<\/p>\n<\/li>\n<li class=\"gt_ali\" style=\"margin: 0px; padding: 0px; display: block; line-height: 24px; width: 460.5px; float: left; white-space: nowrap; overflow: hidden; text-overflow: ellipsis;\">\n<em class=\"atr_aa\" style=\"margin: 0px; padding: 0px 5px; font-style: normal; font-weight: normal; color: rgb(153, 153, 153);\">Poids :<\/em><span>&nbsp;<\/span><\/p>\n<p class=\"atr_bb\" style=\"margin: 0px; padding: 0px; display: inline;\">0.75 lbs<\/p>\n<\/li>\n<\/ul>\n<\/div>","protected":false},"excerpt":{"rendered":"<p>Looking for a workout that could give you impressive results almost instantly? The electric penis pump with a high-quality electric<\/p>","protected":false},"featured_media":17573,"comment_status":"open","ping_status":"closed","template":"","meta":[],"product_brand":[],"product_cat":[100,90],"product_tag":[],"class_list":{"0":"post-17568","1":"product","2":"type-product","3":"status-publish","4":"has-post-thumbnail","6":"product_cat-for-him","7":"product_cat-penis-pumps","9":"first","10":"instock","11":"sale","12":"shipping-taxable","13":"purchasable","14":"product-type-simple"},"_links":{"self":[{"href":"https:\/\/joyvibetoys.com\/fr\/wp-json\/wp\/v2\/product\/17568","targetHints":{"allow":["GET"]}}],"collection":[{"href":"https:\/\/joyvibetoys.com\/fr\/wp-json\/wp\/v2\/product"}],"about":[{"href":"https:\/\/joyvibetoys.com\/fr\/wp-json\/wp\/v2\/types\/product"}],"replies":[{"embeddable":true,"href":"https:\/\/joyvibetoys.com\/fr\/wp-json\/wp\/v2\/comments?post=17568"}],"version-history":[{"count":4,"href":"https:\/\/joyvibetoys.com\/fr\/wp-json\/wp\/v2\/product\/17568\/revisions"}],"predecessor-version":[{"id":17579,"href":"https:\/\/joyvibetoys.com\/fr\/wp-json\/wp\/v2\/product\/17568\/revisions\/17579"}],"wp:featuredmedia":[{"embeddable":true,"href":"https:\/\/joyvibetoys.com\/fr\/wp-json\/wp\/v2\/media\/17573"}],"wp:attachment":[{"href":"https:\/\/joyvibetoys.com\/fr\/wp-json\/wp\/v2\/media?parent=17568"}],"wp:term":[{"taxonomy":"product_brand","embeddable":true,"href":"https:\/\/joyvibetoys.com\/fr\/wp-json\/wp\/v2\/product_brand?post=17568"},{"taxonomy":"product_cat","embeddable":true,"href":"https:\/\/joyvibetoys.com\/fr\/wp-json\/wp\/v2\/product_cat?post=17568"},{"taxonomy":"product_tag","embeddable":true,"href":"https:\/\/joyvibetoys.com\/fr\/wp-json\/wp\/v2\/product_tag?post=17568"}],"curies":[{"name":"wp","href":"https:\/\/api.w.org\/{rel}","templated":true}]}}