{"id":17422,"date":"2025-07-14T08:02:58","date_gmt":"2025-07-14T08:02:58","guid":{"rendered":"https:\/\/joyvibetoys.com\/?post_type=product&#038;p=17422"},"modified":"2025-07-31T14:32:25","modified_gmt":"2025-07-31T14:32:25","slug":"luscious-life-like-boobs-vagina-and-anal-3-in-1-built-in-torso-sex-doll-male-masturbator","status":"publish","type":"product","link":"https:\/\/joyvibetoys.com\/fr\/produit\/luscious-life-like-boobs-vagina-and-anal-3-in-1-built-in-torso-sex-doll-male-masturbator\/","title":{"rendered":"Luscious Life-like Boobs Vagina and Anal 3 in 1 Built-in Torso Sex Doll Male Masturbator"},"content":{"rendered":"<p><img fetchpriority=\"high\" decoding=\"async\" src=\"https:\/\/joyvibetoys.com\/wp-content\/uploads\/2025\/07\/10007-16.jpg\" alt=\"\" width=\"1440\" height=\"700\" class=\"alignnone size-full wp-image-17423\" \/><\/p>\n<p><img decoding=\"async\" src=\"https:\/\/joyvibetoys.com\/wp-content\/uploads\/2025\/07\/10008-15.jpg\" alt=\"\" width=\"1440\" height=\"700\" class=\"alignnone size-full wp-image-17424\" \/><\/p>\n<p><img decoding=\"async\" src=\"https:\/\/joyvibetoys.com\/wp-content\/uploads\/2025\/07\/10009-14.jpg\" alt=\"\" width=\"1440\" height=\"700\" class=\"alignnone size-full wp-image-17425\" \/><\/p>\n<p>Regardez ses gros seins, sa jolie chatte rose et ses fesses rebondies. Les d\u00e9tails tels que les petites particules sur l'ar\u00e9ole et les rides sur les l\u00e8vres sont tr\u00e8s r\u00e9els. Vous pouvez jouir d'un sexe mammaire, d'un sexe vaginal et d'un sexe anal. Chaque ouverture offre une bonne prise et est finie avec des nervures incroyables pour un plaisir inou\u00ef. 2 textures diff\u00e9rentes offrent une exp\u00e9rience d'insertion super r\u00e9aliste. Le canal vaginal de 5,7 pouces vous permet de profiter d'une exploration plus profonde, et le canal anal de 4,5 pouces agit comme une ventouse g\u00e9ante, permettant \u00e0 votre fr\u00e8re de sentir la douce succion ici m\u00eame. C'est tr\u00e8s sexy ! Gr\u00e2ce au torse int\u00e9gr\u00e9, vous pouvez la tenir en toute s\u00e9curit\u00e9 pendant que vous la poussez et la secouez \u00e0 volont\u00e9. Elle est tr\u00e8s stable et peut \u00e9viter les secousses \u00e0 volont\u00e9. Vous pouvez d\u00e9bloquer diff\u00e9rentes positions : missionnaire, doggie ou cowgirl. Si vous voulez pimenter vos moments de solitude ou m\u00eame votre relation, c'est un must-have ! Mat\u00e9riau respectueux de l'environnement et taille parfaite, le mat\u00e9riau est TPE, doux, s\u00fbr et \u00e9lastique. Le jouet sexuel r\u00e9aliste de masturbation masculine mesure 10,63 pouces * 6,69 pouces * 5,11 pouces, une taille parfaite pour une manipulation, un nettoyage et un stockage faciles. Il s'adapte \u00e0 la plupart des \u00e9viers de taille standard afin que vous puissiez le nettoyer correctement apr\u00e8s chaque utilisation. De plus, il ne n\u00e9cessite pas beaucoup d'espace pour le ranger.<\/p>\n<div class=\"rb_bg\" id=\"specifications\">\n<h4 class=\"gh2 gh_arr\">Sp\u00e9cifications<\/h4>\n<ul class=\"g_atrl\" id=\"attrbute\">\n<li class=\"gt_ali\"><em class=\"atr_aa\">SKU :<\/em>\n<p class=\"atr_bb\">Y8195<\/p>\n<\/li>\n<li class=\"gt_ali\">\n<em class=\"atr_aa\">Marque :<\/em><\/p>\n<p class=\"atr_bb\">Joyvibetoys<\/p>\n<\/li>\n<li class=\"gt_ali\">\n<em class=\"atr_aa\">Caract\u00e9ristiques :<\/em><\/p>\n<p class=\"atr_bb\">Torse int\u00e9gr\u00e9, canal 3D, 3 en 1, TPE s\u00fbr, d\u00e9tails vifs, taille sexy, poitrine g\u00e9n\u00e9reuse, fesses rebondies, chatte rose<\/p>\n<\/li>\n<li class=\"gt_ali\">\n<em class=\"atr_aa\">Couleur :<\/em><\/p>\n<p class=\"atr_bb\">Nu<\/p>\n<\/li>\n<li class=\"gt_ali\">\n<em class=\"atr_aa\">Mat\u00e9riau :<\/em><\/p>\n<p class=\"atr_bb\">TPR<\/p>\n<\/li>\n<li class=\"gt_ali\">\n<em class=\"atr_aa\">Imperm\u00e9able \u00e0 l'eau :<\/em><\/p>\n<p class=\"atr_bb\">100% Imperm\u00e9able \u00e0 l'eau<\/p>\n<\/li>\n<li class=\"gt_ali\">\n<em class=\"atr_aa\">Le paquet comprend :<\/em><\/p>\n<p class=\"atr_bb\">Produit x1<\/p>\n<\/li>\n<li class=\"gt_ali\">\n<em class=\"atr_aa\">Taille :<\/em><\/p>\n<p class=\"atr_bb\">14.96*7.48 in<\/p>\n<\/li>\n<li class=\"gt_ali\">\n<em class=\"atr_aa\">Poids :<\/em><\/p>\n<p class=\"atr_bb\">7.74 lbs<\/p>\n<\/li>\n<li class=\"gt_ali\">\n<em class=\"atr_aa\">Longueur d'insertion :<\/em><\/p>\n<p class=\"atr_bb\">A : 5.90 in ; V : 6.30 in<\/p>\n<\/li>\n<\/ul>\n<\/div>","protected":false},"excerpt":{"rendered":"<p>Look at her big breasts, a pretty pink pussy and flump ass. Details such as the small particles on the<\/p>","protected":false},"featured_media":17426,"comment_status":"open","ping_status":"closed","template":"","meta":[],"product_brand":[],"product_cat":[100,86,87],"product_tag":[],"class_list":{"0":"post-17422","1":"product","2":"type-product","3":"status-publish","4":"has-post-thumbnail","6":"product_cat-for-him","7":"product_cat-realistic-butts","8":"product_cat-sex-dolls-torso","10":"first","11":"instock","12":"sale","13":"shipping-taxable","14":"purchasable","15":"product-type-simple"},"_links":{"self":[{"href":"https:\/\/joyvibetoys.com\/fr\/wp-json\/wp\/v2\/product\/17422","targetHints":{"allow":["GET"]}}],"collection":[{"href":"https:\/\/joyvibetoys.com\/fr\/wp-json\/wp\/v2\/product"}],"about":[{"href":"https:\/\/joyvibetoys.com\/fr\/wp-json\/wp\/v2\/types\/product"}],"replies":[{"embeddable":true,"href":"https:\/\/joyvibetoys.com\/fr\/wp-json\/wp\/v2\/comments?post=17422"}],"version-history":[{"count":2,"href":"https:\/\/joyvibetoys.com\/fr\/wp-json\/wp\/v2\/product\/17422\/revisions"}],"predecessor-version":[{"id":17434,"href":"https:\/\/joyvibetoys.com\/fr\/wp-json\/wp\/v2\/product\/17422\/revisions\/17434"}],"wp:featuredmedia":[{"embeddable":true,"href":"https:\/\/joyvibetoys.com\/fr\/wp-json\/wp\/v2\/media\/17426"}],"wp:attachment":[{"href":"https:\/\/joyvibetoys.com\/fr\/wp-json\/wp\/v2\/media?parent=17422"}],"wp:term":[{"taxonomy":"product_brand","embeddable":true,"href":"https:\/\/joyvibetoys.com\/fr\/wp-json\/wp\/v2\/product_brand?post=17422"},{"taxonomy":"product_cat","embeddable":true,"href":"https:\/\/joyvibetoys.com\/fr\/wp-json\/wp\/v2\/product_cat?post=17422"},{"taxonomy":"product_tag","embeddable":true,"href":"https:\/\/joyvibetoys.com\/fr\/wp-json\/wp\/v2\/product_tag?post=17422"}],"curies":[{"name":"wp","href":"https:\/\/api.w.org\/{rel}","templated":true}]}}