{"id":17412,"date":"2025-07-14T07:50:36","date_gmt":"2025-07-14T07:50:36","guid":{"rendered":"https:\/\/joyvibetoys.com\/?post_type=product&#038;p=17412"},"modified":"2025-07-31T14:32:24","modified_gmt":"2025-07-31T14:32:24","slug":"half-body-sex-doll-real-vaginal-model-weighing-6-0-kg","status":"publish","type":"product","link":"https:\/\/joyvibetoys.com\/fr\/produit\/half-body-sex-doll-real-vaginal-model-weighing-6-0-kg\/","title":{"rendered":"Poup\u00e9e sexuelle \u00e0 mi-corps, v\u00e9ritable mod\u00e8le vaginal, pesant 6,0 kg"},"content":{"rendered":"","protected":false},"excerpt":{"rendered":"","protected":false},"featured_media":17413,"comment_status":"open","ping_status":"closed","template":"","meta":[],"product_brand":[],"product_cat":[100,86,87],"product_tag":[],"class_list":{"0":"post-17412","1":"product","2":"type-product","3":"status-publish","4":"has-post-thumbnail","6":"product_cat-for-him","7":"product_cat-realistic-butts","8":"product_cat-sex-dolls-torso","10":"first","11":"instock","12":"sale","13":"shipping-taxable","14":"purchasable","15":"product-type-simple"},"_links":{"self":[{"href":"https:\/\/joyvibetoys.com\/fr\/wp-json\/wp\/v2\/product\/17412","targetHints":{"allow":["GET"]}}],"collection":[{"href":"https:\/\/joyvibetoys.com\/fr\/wp-json\/wp\/v2\/product"}],"about":[{"href":"https:\/\/joyvibetoys.com\/fr\/wp-json\/wp\/v2\/types\/product"}],"replies":[{"embeddable":true,"href":"https:\/\/joyvibetoys.com\/fr\/wp-json\/wp\/v2\/comments?post=17412"}],"version-history":[{"count":1,"href":"https:\/\/joyvibetoys.com\/fr\/wp-json\/wp\/v2\/product\/17412\/revisions"}],"predecessor-version":[{"id":17421,"href":"https:\/\/joyvibetoys.com\/fr\/wp-json\/wp\/v2\/product\/17412\/revisions\/17421"}],"wp:featuredmedia":[{"embeddable":true,"href":"https:\/\/joyvibetoys.com\/fr\/wp-json\/wp\/v2\/media\/17413"}],"wp:attachment":[{"href":"https:\/\/joyvibetoys.com\/fr\/wp-json\/wp\/v2\/media?parent=17412"}],"wp:term":[{"taxonomy":"product_brand","embeddable":true,"href":"https:\/\/joyvibetoys.com\/fr\/wp-json\/wp\/v2\/product_brand?post=17412"},{"taxonomy":"product_cat","embeddable":true,"href":"https:\/\/joyvibetoys.com\/fr\/wp-json\/wp\/v2\/product_cat?post=17412"},{"taxonomy":"product_tag","embeddable":true,"href":"https:\/\/joyvibetoys.com\/fr\/wp-json\/wp\/v2\/product_tag?post=17412"}],"curies":[{"name":"wp","href":"https:\/\/api.w.org\/{rel}","templated":true}]}}