{"id":17011,"date":"2025-07-10T09:07:44","date_gmt":"2025-07-10T09:07:44","guid":{"rendered":"https:\/\/joyvibetoys.com\/?post_type=product&#038;p=17011"},"modified":"2025-08-20T18:38:05","modified_gmt":"2025-08-20T18:38:05","slug":"17011","status":"publish","type":"product","link":"https:\/\/joyvibetoys.com\/fr\/produit\/17011\/","title":{"rendered":"Starry Gaze 4 en 1 Vibrateur \u00e0 \u0153uf double rotation pouss\u00e9e aspiration Masturbateur Jouets sexuels pour hommes"},"content":{"rendered":"<div id=\"videos\">\n<div class=\"pl_video\" id=\"pl_video\">\n<p class=\"pl_videop\">\n         <img decoding=\"async\" width=\"80\" height=\"80\" class=\"alC\" src=\"\/wp-content\/uploads\/2025\/07\/10001-2.png\"><br \/>LIRE LA VID\u00c9O\n      <\/p>\n<\/p><\/div>\n<p>    <video id=\"media\" muted=\"\" controls=\"\" preload=\"none\" x5-playsinline=\"true\" playsinline=\"true\" webkit-playsinline=\"true\" poster=\"\/wp-content\/plugins\/mywc\/assets\/img\/nullvideo.png\" width=\"100%\" src=\"\/wp-content\/plugins\/mywc\/assets\/video\/17011-1.mp4\"><br \/>\n    <\/video>\n<\/div>\n<div class=\"vgc_wrap vgc_fx1\" style=\"background-color: #f1f1f1;\">\n<div class=\"vgc_col\">\n<div class=\"vgc_colim\"><img fetchpriority=\"high\" decoding=\"async\" class=\"alignnone size-full wp-image-17012\" src=\"https:\/\/joyvibetoys.com\/wp-content\/uploads\/2025\/07\/10001-7.gif\" alt=\"\" width=\"790\" height=\"840\" \/><\/div>\n<\/div>\n<div class=\"vgc_col\">\n<div class=\"vgc_coltx\">\n<h2>Augmentez votre plaisir \u00e0 chaque coup.<\/h2>\n<p>Plongez dans un plaisir plus vrai que nature avec notre masturbateur r\u00e9volutionnaire - exp\u00e9rimentez l'expansion et la rotation internes dynamiques pour des sensations semblables \u00e0 celles d'un v\u00e9ritable rapport sexuel. Ressentez des contractions et des frottements naturels, pour une satisfaction in\u00e9gal\u00e9e lors de vos jeux en solo.<\/p>\n<\/div>\n<\/div>\n<\/div>\n<div class=\"vgc_wrap vgc_fx1 flexR\" style=\"background-color: #f1f1f1;\">\n<div class=\"vgc_col\">\n<div class=\"vgc_colim\"><img decoding=\"async\" class=\"alignnone size-full wp-image-17013\" src=\"https:\/\/joyvibetoys.com\/wp-content\/uploads\/2025\/07\/10002-8.gif\" alt=\"\" width=\"790\" height=\"840\" \/><\/div>\n<\/div>\n<div class=\"vgc_col\">\n<div class=\"vgc_coltx\">\n<h2>Une meilleure aspiration<\/h2>\n<p>Sentez la stimulation intense lorsque notre masturbateur enveloppe parfaitement vos parties g\u00e9nitales, vous procurant une sensation de plaisir et de satisfaction in\u00e9gal\u00e9e. Notre conception innovante garantit une prise en main plus serr\u00e9e pour une stimulation plus intense, \u00e9levant votre plaisir en solo \u00e0 de nouveaux sommets.<\/p>\n<\/div>\n<\/div>\n<\/div>\n<div class=\"vgc_wrap vgc_fx1\" style=\"background-color: #f1f1f1;\">\n<div class=\"vgc_col\">\n<div class=\"vgc_colim\"><img loading=\"lazy\" decoding=\"async\" class=\"alignnone size-full wp-image-17014\" src=\"https:\/\/joyvibetoys.com\/wp-content\/uploads\/2025\/07\/10003-5.gif\" alt=\"\" width=\"790\" height=\"840\" \/><\/div>\n<\/div>\n<div class=\"vgc_col\">\n<div class=\"vgc_coltx\">\n<h2>Vibrateur \u00e0 \u0153uf double, cible le gland avec pr\u00e9cision<\/h2>\n<p>Con\u00e7u avec pr\u00e9cision pour cibler les points sensibles comme le gland, il d\u00e9livre une stimulation intense, augmentant l'excitation et permettant d'atteindre l'orgasme en un clin d'\u0153il. Pr\u00e9parez-vous \u00e0 surfer sur les vagues du plaisir !<\/p>\n<\/div>\n<\/div>\n<\/div>\n<div class=\"vgc_wrap vgc_fx1 flexR\" style=\"background-color: #f1f1f1;\">\n<div class=\"vgc_col vgc_w6\">\n<div class=\"vgc_colim\"><video class=\"vgc_mpv\" style=\"vertical-align: top;\" src=\"\/wp-content\/plugins\/mywc\/assets\/video\/17011-1.mp4\" preload=\"metadata\" autoplay=\"autoplay\" loop=\"loop\" muted=\"\" width=\"100%\" height=\"150\"><\/video><\/div>\n<\/div>\n<div class=\"vgc_col vgc_w4\">\n<div class=\"vgc_coltx\">\n<h2>Pratique, durable et s\u00fbr<\/h2>\n<p>Gr\u00e2ce \u00e0 son d\u00e9montage sans effort et \u00e0 son impressionnant indice IPX7, cette tasse garantit une exp\u00e9rience utilisateur transparente et s\u00fbre, pour une satisfaction et un plaisir accrus.<\/p>\n<\/div>\n<\/div>\n<\/div>\n<div class=\"vgc_wrap vgc_fx1\" style=\"background-color: #f8f8f8;\">\n<div class=\"vgc_col\">\n<div class=\"vgc_colim\"><img loading=\"lazy\" decoding=\"async\" class=\"alignnone size-full wp-image-17015\" src=\"https:\/\/joyvibetoys.com\/wp-content\/uploads\/2025\/07\/10004-4.jpg\" alt=\"\" width=\"750\" height=\"750\" \/><\/div>\n<\/div>\n<div class=\"vgc_col\">\n<div class=\"vgc_coltx\">\n<ol class=\"vgc_atr\">\n<li>\n<h5>Affichage du niveau d'aspiration<\/h5>\n<p>Affiche le niveau d'aspiration actuel.<\/li>\n<li>\n<h5>Affichage du niveau d'expansion et de rotation<\/h5>\n<p>Affiche le niveau d'expansion et de rotation actuel.<\/li>\n<li>\n<h5>Contr\u00f4le de l'aspiration<\/h5>\n<p>Une pression courte permet une aspiration \u00e0 7 fr\u00e9quences, une pression longue permet de l'\u00e9teindre.<\/li>\n<li>\n<h5>Contr\u00f4le de la rotation de l'expansion<\/h5>\n<p>Une pression courte permet une rotation \u00e0 7 fr\u00e9quences, un double clic permet une pause et une nouvelle pression permet de revenir \u00e0 la position initiale.<\/li>\n<li>\n<h5>Contr\u00f4le des vibrations<\/h5>\n<p>Une pression courte permet d'obtenir une vibration \u00e0 7 fr\u00e9quences, une pression longue permet de l'\u00e9teindre.<\/li>\n<li>\n<h5>Contr\u00f4le de la puissance<\/h5>\n<p>Appuyer et maintenir enfonc\u00e9 pendant 1 \u00e0 2 secondes pour allumer\/\u00e9teindre.<\/li>\n<\/ol>\n<\/div>\n<\/div>\n<\/div>\n<div class=\"vgc_wrap vgc_fx21\">\n<div class=\"vgc_col mr10\">\n<p><img loading=\"lazy\" decoding=\"async\" class=\"alignnone size-full wp-image-17016\" src=\"https:\/\/joyvibetoys.com\/wp-content\/uploads\/2025\/07\/10005-5.jpg\" alt=\"\" width=\"600\" height=\"400\" \/><\/p>\n<h5>\u00a0 Un chargeur, plusieurs appareils<\/h5>\n<p>B\u00e9n\u00e9ficiez de vitesses de charge plus rapides, ce qui vous permet de passer moins de temps \u00e0 attendre et plus de temps \u00e0 profiter de l'instant pr\u00e9sent.<\/p>\n<\/div>\n<div class=\"vgc_col\">\n<p><img loading=\"lazy\" decoding=\"async\" class=\"alignnone size-full wp-image-17017\" src=\"https:\/\/joyvibetoys.com\/wp-content\/uploads\/2025\/07\/10006-3.jpg\" alt=\"\" width=\"600\" height=\"400\" \/><\/p>\n<h5>La confiance dans chaque livraison<\/h5>\n<p>Vous avez l'esprit tranquille en sachant que votre achat est livr\u00e9 dans un emballage discret, prot\u00e9geant votre vie priv\u00e9e \u00e0 chaque \u00e9tape du processus.<\/p>\n<\/div>\n<\/div>\n<div class=\"vgc_wrap vgc_fx1\" style=\"background-color: #111; padding: 15px; color: #fff;\">\n<div class=\"vgc_col\">\n<div class=\"vgc_colim\"><img loading=\"lazy\" decoding=\"async\" class=\"alignnone size-full wp-image-17018\" src=\"https:\/\/joyvibetoys.com\/wp-content\/uploads\/2025\/07\/10007-5.jpg\" alt=\"\" width=\"750\" height=\"750\" \/><\/div>\n<\/div>\n<div class=\"vgc_col\">\n<div class=\"vgc_coltx\">\n<table class=\"vgc_attb\">\n<tbody>\n<tr>\n<td>Fonction :<\/td>\n<td>Vibration, aspiration, rotation, dilatation<\/td>\n<\/tr>\n<tr>\n<td>Fr\u00e9quence :<\/td>\n<td>7 Fr\u00e9quence<\/td>\n<\/tr>\n<tr>\n<td>Mat\u00e9riau :<\/td>\n<td>ABS+TPE<\/td>\n<\/tr>\n<tr>\n<td>Muet :<\/td>\n<td>&lt;60 dB<\/td>\n<\/tr>\n<tr>\n<td>Temps de charge :<\/td>\n<td>180 minutes<\/td>\n<\/tr>\n<tr>\n<td>Dur\u00e9e d'ex\u00e9cution :<\/td>\n<td>65 minutes<\/td>\n<\/tr>\n<tr>\n<td>Taille :<\/td>\n<td>10.31 * 3.2 pouces<\/td>\n<\/tr>\n<tr>\n<td>Poids :<\/td>\n<td>1.81 lbs<\/td>\n<\/tr>\n<tr>\n<td><\/td>\n<td><\/td>\n<\/tr>\n<\/tbody>\n<\/table>\n<\/div>\n<\/div>\n<\/div>","protected":false},"excerpt":{"rendered":"<p>PLAY VIDEO Elevate your pleasure with every stroke. Immerse yourself in lifelike pleasure with our revolutionary masturbator\u2014experience dynamic inner expansion<\/p>","protected":false},"featured_media":17019,"comment_status":"open","ping_status":"closed","template":"","meta":[],"product_brand":[],"product_cat":[134,96,136,82,97,127,126,124],"product_tag":[],"class_list":{"0":"post-17011","1":"product","2":"type-product","3":"status-publish","4":"has-post-thumbnail","6":"product_cat-better-love","7":"product_cat-hot","8":"product_cat-male","9":"product_cat-masturbators","10":"product_cat-new-arrival","11":"product_cat-suction-masturbators","12":"product_cat-telescopic-roation-masturbator","13":"product_cat-vibration-masturbators","15":"first","16":"instock","17":"sale","18":"shipping-taxable","19":"purchasable","20":"product-type-simple"},"_links":{"self":[{"href":"https:\/\/joyvibetoys.com\/fr\/wp-json\/wp\/v2\/product\/17011","targetHints":{"allow":["GET"]}}],"collection":[{"href":"https:\/\/joyvibetoys.com\/fr\/wp-json\/wp\/v2\/product"}],"about":[{"href":"https:\/\/joyvibetoys.com\/fr\/wp-json\/wp\/v2\/types\/product"}],"replies":[{"embeddable":true,"href":"https:\/\/joyvibetoys.com\/fr\/wp-json\/wp\/v2\/comments?post=17011"}],"version-history":[{"count":10,"href":"https:\/\/joyvibetoys.com\/fr\/wp-json\/wp\/v2\/product\/17011\/revisions"}],"predecessor-version":[{"id":21609,"href":"https:\/\/joyvibetoys.com\/fr\/wp-json\/wp\/v2\/product\/17011\/revisions\/21609"}],"wp:featuredmedia":[{"embeddable":true,"href":"https:\/\/joyvibetoys.com\/fr\/wp-json\/wp\/v2\/media\/17019"}],"wp:attachment":[{"href":"https:\/\/joyvibetoys.com\/fr\/wp-json\/wp\/v2\/media?parent=17011"}],"wp:term":[{"taxonomy":"product_brand","embeddable":true,"href":"https:\/\/joyvibetoys.com\/fr\/wp-json\/wp\/v2\/product_brand?post=17011"},{"taxonomy":"product_cat","embeddable":true,"href":"https:\/\/joyvibetoys.com\/fr\/wp-json\/wp\/v2\/product_cat?post=17011"},{"taxonomy":"product_tag","embeddable":true,"href":"https:\/\/joyvibetoys.com\/fr\/wp-json\/wp\/v2\/product_tag?post=17011"}],"curies":[{"name":"wp","href":"https:\/\/api.w.org\/{rel}","templated":true}]}}