{"id":16721,"date":"2025-07-07T08:52:27","date_gmt":"2025-07-07T08:52:27","guid":{"rendered":"https:\/\/joyvibetoys.com\/?post_type=product&#038;p=16721"},"modified":"2025-07-31T14:25:41","modified_gmt":"2025-07-31T14:25:41","slug":"ended-fully-waterproof-7-thrusting-rotating-portable-masturbator","status":"publish","type":"product","link":"https:\/\/joyvibetoys.com\/fr\/produit\/ended-fully-waterproof-7-thrusting-rotating-portable-masturbator\/","title":{"rendered":"Masturbateur portable rotatif \u00e0 7 pouss\u00e9es enti\u00e8rement \u00e9tanche Ended"},"content":{"rendered":"<p><img fetchpriority=\"high\" decoding=\"async\" class=\"alignnone size-full wp-image-16722\" src=\"https:\/\/joyvibetoys.com\/wp-content\/uploads\/2025\/07\/10005.gif\" alt=\"\" width=\"1440\" height=\"700\" \/> <img decoding=\"async\" class=\"alignnone size-full wp-image-16723\" src=\"https:\/\/joyvibetoys.com\/wp-content\/uploads\/2025\/07\/10006-1.gif\" alt=\"\" width=\"1440\" height=\"700\" \/> <img decoding=\"async\" class=\"alignnone size-full wp-image-16724\" src=\"https:\/\/joyvibetoys.com\/wp-content\/uploads\/2025\/07\/10007.jpg\" alt=\"\" width=\"1440\" height=\"700\" \/> <img loading=\"lazy\" decoding=\"async\" class=\"alignnone size-full wp-image-16725\" src=\"https:\/\/joyvibetoys.com\/wp-content\/uploads\/2025\/07\/10008.gif\" alt=\"\" width=\"1440\" height=\"700\" \/> <img loading=\"lazy\" decoding=\"async\" class=\"alignnone size-full wp-image-16726\" src=\"https:\/\/joyvibetoys.com\/wp-content\/uploads\/2025\/07\/10009-1.jpg\" alt=\"\" width=\"1440\" height=\"700\" \/><\/p>\n<p>&nbsp;<\/p>\n<div id=\"detail\" class=\"pt10\">\n<div id=\"pic_b\" class=\"vgc_ed vgc_full\">\n<p><strong>Are you looking for your next bathroom thrill? If so, you&#8217;re in luck because we&#8217;re about to offer you the most suitable fully waterproof electric masturbator. Morgan boasts 7 modes of thrust and 360\u00b0 rotation, guaranteed to leave you wanting more. Its sleek black body adorned with yellow lines and dots exudes a minimalist and fashionable style. Furthermore, its through-open design caters to your diverse needs. Give it a try now!<\/strong><\/p>\n<\/div>\n<p>&nbsp;<\/p>\n<\/div>\n<div id=\"specifications\" class=\"rb_bg\">\n<h4 class=\"gh2 gh_arr\">Sp\u00e9cifications<\/h4>\n<ul id=\"attrbute\" class=\"g_atrl\">\n<li class=\"gt_ali\"><em class=\"atr_aa\">SKU :<\/em> ML5149<\/li>\n<li class=\"gt_ali\"><em class=\"atr_aa\">Marque :<\/em> Joyvibetoys<\/li>\n<li class=\"gt_ali\"><em class=\"atr_aa\">Caract\u00e9ristiques :<\/em>\u00a0 Open-ended, Fully Waterproof, Portable<\/li>\n<li class=\"gt_ali\"><em class=\"atr_aa\">Fonction :<\/em>\u00a0 7 Thrusting and 360\u00b0 Rotating<\/li>\n<li class=\"gt_ali\"><em class=\"atr_aa\">Fr\u00e9quence :<\/em>\u00a0 7 Fr\u00e9quences<\/li>\n<li class=\"gt_ali\"><em class=\"atr_aa\">Couleur :<\/em>\u00a0 Noir<\/li>\n<li class=\"gt_ali\"><em class=\"atr_aa\">Mat\u00e9riau :<\/em>\u00a0 TPE, ABS<\/li>\n<li class=\"gt_ali\"><em class=\"atr_aa\">Imperm\u00e9able \u00e0 l'eau :<\/em>\u00a0 IPX7<\/li>\n<li class=\"gt_ali\"><em class=\"atr_aa\">Muet :<\/em>\u00a0 &lt;60 dB<\/li>\n<li class=\"gt_ali\"><em class=\"atr_aa\">Type d'alimentation :<\/em>\u00a0 Chargement magn\u00e9tique<\/li>\n<li class=\"gt_ali\"><em class=\"atr_aa\">Temps de charge :<\/em>\u00a0 150 mins<\/li>\n<li class=\"gt_ali\"><em class=\"atr_aa\">Dur\u00e9e d'ex\u00e9cution :<\/em>\u00a0 60 minutes<\/li>\n<li class=\"gt_ali\"><em class=\"atr_aa\">Le paquet comprend :<\/em>\u00a0 Produit x1, c\u00e2ble de chargement x1, manuel x1<\/li>\n<li class=\"gt_ali\"><em class=\"atr_aa\">Taille :<\/em>\u00a0 4.13*5.51 in<\/li>\n<li class=\"gt_ali\"><em class=\"atr_aa\">Poids :<\/em>\u00a0 1.32 lbs<\/li>\n<li class=\"gt_ali\"><em class=\"atr_aa\">Diam\u00e8tre d'entr\u00e9e :<\/em>\u00a0 1.85 in<\/li>\n<li class=\"gt_ali\"><em class=\"atr_aa\">Longueur t\u00e9lescopique :<\/em>\u00a0 0.98 in<\/li>\n<\/ul>\n<\/div>","protected":false},"excerpt":{"rendered":"<p>&nbsp; Are you looking for your next bathroom thrill? If so, you&#8217;re in luck because we&#8217;re about to offer you<\/p>","protected":false},"featured_media":16727,"comment_status":"open","ping_status":"closed","template":"","meta":[],"product_brand":[],"product_cat":[96,82,126,124],"product_tag":[],"class_list":{"0":"post-16721","1":"product","2":"type-product","3":"status-publish","4":"has-post-thumbnail","6":"product_cat-hot","7":"product_cat-masturbators","8":"product_cat-telescopic-roation-masturbator","9":"product_cat-vibration-masturbators","11":"first","12":"instock","13":"sale","14":"shipping-taxable","15":"purchasable","16":"product-type-simple"},"_links":{"self":[{"href":"https:\/\/joyvibetoys.com\/fr\/wp-json\/wp\/v2\/product\/16721","targetHints":{"allow":["GET"]}}],"collection":[{"href":"https:\/\/joyvibetoys.com\/fr\/wp-json\/wp\/v2\/product"}],"about":[{"href":"https:\/\/joyvibetoys.com\/fr\/wp-json\/wp\/v2\/types\/product"}],"replies":[{"embeddable":true,"href":"https:\/\/joyvibetoys.com\/fr\/wp-json\/wp\/v2\/comments?post=16721"}],"version-history":[{"count":2,"href":"https:\/\/joyvibetoys.com\/fr\/wp-json\/wp\/v2\/product\/16721\/revisions"}],"predecessor-version":[{"id":16737,"href":"https:\/\/joyvibetoys.com\/fr\/wp-json\/wp\/v2\/product\/16721\/revisions\/16737"}],"wp:featuredmedia":[{"embeddable":true,"href":"https:\/\/joyvibetoys.com\/fr\/wp-json\/wp\/v2\/media\/16727"}],"wp:attachment":[{"href":"https:\/\/joyvibetoys.com\/fr\/wp-json\/wp\/v2\/media?parent=16721"}],"wp:term":[{"taxonomy":"product_brand","embeddable":true,"href":"https:\/\/joyvibetoys.com\/fr\/wp-json\/wp\/v2\/product_brand?post=16721"},{"taxonomy":"product_cat","embeddable":true,"href":"https:\/\/joyvibetoys.com\/fr\/wp-json\/wp\/v2\/product_cat?post=16721"},{"taxonomy":"product_tag","embeddable":true,"href":"https:\/\/joyvibetoys.com\/fr\/wp-json\/wp\/v2\/product_tag?post=16721"}],"curies":[{"name":"wp","href":"https:\/\/api.w.org\/{rel}","templated":true}]}}