{"id":16700,"date":"2025-07-07T07:27:07","date_gmt":"2025-07-07T07:27:07","guid":{"rendered":"https:\/\/joyvibetoys.com\/?post_type=product&#038;p=16700"},"modified":"2025-08-21T07:40:27","modified_gmt":"2025-08-21T07:40:27","slug":"7-adjustable-sucking-vibrating-deepthroat-blowjob-masturbator","status":"publish","type":"product","link":"https:\/\/joyvibetoys.com\/fr\/produit\/7-adjustable-sucking-vibrating-deepthroat-blowjob-masturbator\/","title":{"rendered":"7 Suceur vibrant r\u00e9glable Masturbateur pour gorge profonde Blowjob"},"content":{"rendered":"<p><img fetchpriority=\"high\" decoding=\"async\" class=\"alignnone size-full wp-image-16701\" src=\"https:\/\/joyvibetoys.com\/wp-content\/uploads\/2025\/07\/10001.gif\" alt=\"\" width=\"1440\" height=\"700\" \/><\/p>\n<p><img decoding=\"async\" class=\"alignnone size-full wp-image-16702\" src=\"https:\/\/joyvibetoys.com\/wp-content\/uploads\/2025\/07\/10002.gif\" alt=\"\" width=\"1440\" height=\"700\" \/><\/p>\n<p><img decoding=\"async\" class=\"alignnone size-full wp-image-16703\" src=\"https:\/\/joyvibetoys.com\/wp-content\/uploads\/2025\/07\/10003.gif\" alt=\"\" width=\"1440\" height=\"700\" \/><\/p>\n<p><img loading=\"lazy\" decoding=\"async\" class=\"alignnone size-full wp-image-16704\" src=\"https:\/\/joyvibetoys.com\/wp-content\/uploads\/2025\/07\/10004.jpg\" alt=\"\" width=\"1440\" height=\"700\" \/><\/p>\n<div id=\"detail\" class=\"pt10\">\n<div id=\"pic_b\" class=\"vgc_ed vgc_full\">\n<p><strong>D\u00e9couvrez le plaisir ultime avec notre masturbateur de pointe. Avec 7 modes de vibration et d'aspiration, y compris des sch\u00e9mas d'inspiration et d'expiration uniques, il \u00e9l\u00e8ve le plaisir personnel \u00e0 un tout autre niveau. Sentez la succion enveloppante \u00e0 360\u00b0 tandis qu'il taquine et aguiche votre tige, offrant des sensations de gorge profonde \u00e9poustouflantes. Les g\u00e9missements s\u00e9duisants vous rendront fou, tandis que la forme incurv\u00e9e du corps assure une prise en main confortable pour un plaisir ininterrompu. Fabriqu\u00e9 en silicone ultra-doux et r\u00e9aliste avec des particules internes textur\u00e9es, chaque course vous fera frissonner. L'\u00e9cran d'affichage int\u00e9gr\u00e9 vous permet de personnaliser et de visualiser les r\u00e9glages de fr\u00e9quence, ce qui vous donne un contr\u00f4le total sur votre voyage orgasmique. Pr\u00e9parez-vous \u00e0 succomber au d\u00e9sir et \u00e0 lib\u00e9rer vos fantasmes les plus fous avec cet appareil de plaisir irr\u00e9sistible.\u00a0\u00a0<\/strong><\/p>\n<\/div>\n<h4 class=\"gh2 gh_arr\">Sp\u00e9cifications<\/h4>\n<ul id=\"attrbute\" class=\"g_atrl\">\n<li class=\"gt_ali\"><em class=\"atr_aa\">SKU :<\/em>\u00a0JB25651<\/li>\n<li class=\"gt_ali\"><em class=\"atr_aa\">Marque :<\/em> Joyvibetoys<\/li>\n<li class=\"gt_ali\"><em class=\"atr_aa\">Caract\u00e9ristiques :<\/em>\u00a0 Inhalation et expiration, silicone ultra-doux, \u00e9cran d'affichage<\/li>\n<li class=\"gt_ali\"><em class=\"atr_aa\">Fonction :<\/em>\u00a0 7 Vibration et succion, mode vocal<\/li>\n<li class=\"gt_ali\"><em class=\"atr_aa\">Fr\u00e9quence :<\/em>\u00a0 7 Fr\u00e9quences<\/li>\n<li class=\"gt_ali\"><em class=\"atr_aa\">Couleur :<\/em>\u00a0 Blanc<\/li>\n<li class=\"gt_ali\"><em class=\"atr_aa\">Mat\u00e9riau :<\/em>\u00a0 Silicone<\/li>\n<li class=\"gt_ali\"><em class=\"atr_aa\">Imperm\u00e9able \u00e0 l'eau :<\/em>\u00a0 IPX5<\/li>\n<li class=\"gt_ali\"><em class=\"atr_aa\">Muet :<\/em>\u00a0 &lt;60 dB<\/li>\n<li class=\"gt_ali\"><em class=\"atr_aa\">Type d'alimentation :<\/em>\u00a0 Chargement par USB<\/li>\n<li class=\"gt_ali\"><em class=\"atr_aa\">Temps de charge :<\/em>\u00a0 120 minutes<\/li>\n<li class=\"gt_ali\"><em class=\"atr_aa\">Dur\u00e9e d'ex\u00e9cution :<\/em>\u00a0 60 minutes<\/li>\n<li class=\"gt_ali\"><em class=\"atr_aa\">Le paquet comprend :<\/em>\u00a0 Produit x1, c\u00e2ble de chargement x1, manuel x1<\/li>\n<li class=\"gt_ali\"><em class=\"atr_aa\">Taille :<\/em>\u00a0 9.84*3.14 in<\/li>\n<li class=\"gt_ali\"><em class=\"atr_aa\">Poids :<\/em>\u00a0 1.51 lbs<\/li>\n<li class=\"gt_ali\"><em class=\"atr_aa\">Diam\u00e8tre d'entr\u00e9e :<\/em>\u00a0 1.18 in<\/li>\n<\/ul>\n<\/div>","protected":false},"excerpt":{"rendered":"<p>Experience the ultimate pleasure with our cutting-edge masturbator. With 7 vibration and suction modes, including unique inhalation and exhalation patterns,<\/p>","protected":false},"featured_media":16705,"comment_status":"open","ping_status":"closed","template":"","meta":[],"product_brand":[115],"product_cat":[134,88,96,136,82,127,126,124],"product_tag":[],"class_list":{"0":"post-16700","1":"product","2":"type-product","3":"status-publish","4":"has-post-thumbnail","6":"product_brand-joyvibetoys","7":"product_cat-better-love","8":"product_cat-blow-job","9":"product_cat-hot","10":"product_cat-male","11":"product_cat-masturbators","12":"product_cat-suction-masturbators","13":"product_cat-telescopic-roation-masturbator","14":"product_cat-vibration-masturbators","16":"first","17":"instock","18":"sale","19":"shipping-taxable","20":"purchasable","21":"product-type-simple"},"_links":{"self":[{"href":"https:\/\/joyvibetoys.com\/fr\/wp-json\/wp\/v2\/product\/16700","targetHints":{"allow":["GET"]}}],"collection":[{"href":"https:\/\/joyvibetoys.com\/fr\/wp-json\/wp\/v2\/product"}],"about":[{"href":"https:\/\/joyvibetoys.com\/fr\/wp-json\/wp\/v2\/types\/product"}],"replies":[{"embeddable":true,"href":"https:\/\/joyvibetoys.com\/fr\/wp-json\/wp\/v2\/comments?post=16700"}],"version-history":[{"count":3,"href":"https:\/\/joyvibetoys.com\/fr\/wp-json\/wp\/v2\/product\/16700\/revisions"}],"predecessor-version":[{"id":16717,"href":"https:\/\/joyvibetoys.com\/fr\/wp-json\/wp\/v2\/product\/16700\/revisions\/16717"}],"wp:featuredmedia":[{"embeddable":true,"href":"https:\/\/joyvibetoys.com\/fr\/wp-json\/wp\/v2\/media\/16705"}],"wp:attachment":[{"href":"https:\/\/joyvibetoys.com\/fr\/wp-json\/wp\/v2\/media?parent=16700"}],"wp:term":[{"taxonomy":"product_brand","embeddable":true,"href":"https:\/\/joyvibetoys.com\/fr\/wp-json\/wp\/v2\/product_brand?post=16700"},{"taxonomy":"product_cat","embeddable":true,"href":"https:\/\/joyvibetoys.com\/fr\/wp-json\/wp\/v2\/product_cat?post=16700"},{"taxonomy":"product_tag","embeddable":true,"href":"https:\/\/joyvibetoys.com\/fr\/wp-json\/wp\/v2\/product_tag?post=16700"}],"curies":[{"name":"wp","href":"https:\/\/api.w.org\/{rel}","templated":true}]}}