{"id":21042,"date":"2025-07-31T15:02:48","date_gmt":"2025-07-31T15:02:48","guid":{"rendered":"https:\/\/joyvibetoys.com\/?post_type=product&#038;p=21042"},"modified":"2025-07-31T15:08:53","modified_gmt":"2025-07-31T15:08:53","slug":"our-7-inch-thrusting-and-vibrating-dildo-is-designed-for-intense-g-spot-anal-and-clitoral-stimulation-combining-powerful-thrusting-with-variable-vibration-modes-to-cater-to-your-deepest-desires-th","status":"publish","type":"product","link":"https:\/\/joyvibetoys.com\/de\/produkt\/our-7-inch-thrusting-and-vibrating-dildo-is-designed-for-intense-g-spot-anal-and-clitoral-stimulation-combining-powerful-thrusting-with-variable-vibration-modes-to-cater-to-your-deepest-desires-th\/","title":{"rendered":"Eronight 7 Zoll Thrusting Vibrating Dildo Brown Realistic Butt"},"content":{"rendered":"<p><img fetchpriority=\"high\" decoding=\"async\" src=\"https:\/\/joyvibetoys.com\/wp-content\/uploads\/2025\/07\/10009-122.jpg\" alt=\"\" width=\"1601\" height=\"1601\" class=\"alignnone size-full wp-image-21043\" \/><\/p>\n<p><img decoding=\"async\" src=\"https:\/\/joyvibetoys.com\/wp-content\/uploads\/2025\/07\/10010-98.jpg\" alt=\"\" width=\"1601\" height=\"1601\" class=\"alignnone size-full wp-image-21044\" \/><\/p>\n<p><img decoding=\"async\" src=\"https:\/\/joyvibetoys.com\/wp-content\/uploads\/2025\/07\/10006-163.jpg\" alt=\"\" width=\"1601\" height=\"1601\" class=\"alignnone size-full wp-image-21053\" \/><\/p>\n<p>\nUnser 7-Zoll-Schub- und Vibrationsdildo wurde f\u00fcr die intensive Stimulation von G-Punkt, Analbereich und Klitoris entwickelt und kombiniert kraftvolle St\u00f6\u00dfe mit verschiedenen Vibrationsmodi, um Ihre tiefsten W\u00fcnsche zu erf\u00fcllen. Dieser vielseitige Dildo verf\u00fcgt \u00fcber einstellbare Geschwindigkeiten und Frequenzen, mit denen Sie das Erlebnis von sanften, neckischen St\u00f6\u00dfen bis hin zu kraftvollen, tiefen St\u00f6\u00dfen, die die Bewegungen eines echten Liebhabers nachahmen, individuell gestalten k\u00f6nnen. Das realistische Design des m\u00e4nnlichen Beins mit detaillierten Muskellinien und naturgetreuer Hauttextur verst\u00e4rkt das Gef\u00fchl, als w\u00fcrde ein starker, m\u00e4nnlicher Partner tief in dich eindringen, dich vollst\u00e4ndig ausf\u00fcllen und mit jedem Sto\u00df und jeder Vibration die richtigen Stellen treffen.<\/p>\n<p>Dieser Dildo aus weichem, elastischem TPE&amp;ABS-Material bietet ein realistisches Gef\u00fchl, das sanft zur Haut ist und ein sicheres und komfortables Erlebnis garantiert. Er ist wasserdicht und somit leicht zu reinigen und zu pflegen, w\u00e4hrend der mitgelieferte Sp\u00fclstab f\u00fcr eine gr\u00fcndliche Innenreinigung sorgt, damit er jedes Mal hygienisch ist. Ob allein oder mit einem Partner, dieser Dildo steigert die Intimit\u00e4t und l\u00e4dt dazu ein, neue Stellungen und Empfindungen zu erkunden, die das sexuelle Vergn\u00fcgen auf ein neues Niveau heben.\n<\/p>\n<div class=\"rb_bg\" id=\"specifications\">\n<h4 class=\"gh2 gh_arr\">Spezifikationen<\/h4>\n<ul class=\"g_atrl\" id=\"attrbute\">\n<li class=\"gt_ali\"><em class=\"atr_aa\">SKU:<\/em>\n<p class=\"atr_bb\">K0500286<\/p>\n<\/li>\n<li class=\"gt_ali\">\n<em class=\"atr_aa\">Marke:<\/em><\/p>\n<p class=\"atr_bb\">Joyvibetoys<\/p>\n<\/li>\n<li class=\"gt_ali\">\n<em class=\"atr_aa\">Funktion:<\/em><\/p>\n<p class=\"atr_bb\">Schiebend, vibrierend<\/p>\n<\/li>\n<li class=\"gt_ali\">\n<em class=\"atr_aa\">Farbe:<\/em><\/p>\n<p class=\"atr_bb\">Braun<\/p>\n<\/li>\n<li class=\"gt_ali\">\n<em class=\"atr_aa\">Material:<\/em><\/p>\n<p class=\"atr_bb\">TPE, ABS<\/p>\n<\/li>\n<li class=\"gt_ali\">\n<em class=\"atr_aa\">Wasserdicht:<\/em><\/p>\n<p class=\"atr_bb\">IPX6<\/p>\n<\/li>\n<li class=\"gt_ali\">\n<em class=\"atr_aa\">Leistungstyp:<\/em><\/p>\n<p class=\"atr_bb\">Magnetische Aufladung<\/p>\n<\/li>\n<li class=\"gt_ali\">\n<em class=\"atr_aa\">Gr\u00f6\u00dfe:<\/em><\/p>\n<p class=\"atr_bb\">10,82*10,23*4,4 Zoll<\/p>\n<\/li>\n<li class=\"gt_ali\">\n<em class=\"atr_aa\">Gewicht:<\/em><\/p>\n<p class=\"atr_bb\">10,56 Pfund<\/p>\n<\/li>\n<li class=\"gt_ali\">\n<em class=\"atr_aa\">Einf\u00fchrbare L\u00e4nge:<\/em><\/p>\n<p class=\"atr_bb\">7 in<\/p>\n<\/li>\n<\/ul>\n<\/div>","protected":false},"excerpt":{"rendered":"<p>Our 7-inch Thrusting and Vibrating Dildo is designed for intense G-spot, anal, and clitoral stimulation, combining powerful thrusting with variable<\/p>","protected":false},"featured_media":21045,"comment_status":"open","ping_status":"closed","template":"","meta":[],"product_brand":[],"product_cat":[159,158],"product_tag":[],"class_list":{"0":"post-21042","1":"product","2":"type-product","3":"status-publish","4":"has-post-thumbnail","6":"product_cat-dildo-torso","7":"product_cat-sex-dolls","9":"first","10":"instock","11":"sale","12":"shipping-taxable","13":"purchasable","14":"product-type-simple"},"_links":{"self":[{"href":"https:\/\/joyvibetoys.com\/de\/wp-json\/wp\/v2\/product\/21042","targetHints":{"allow":["GET"]}}],"collection":[{"href":"https:\/\/joyvibetoys.com\/de\/wp-json\/wp\/v2\/product"}],"about":[{"href":"https:\/\/joyvibetoys.com\/de\/wp-json\/wp\/v2\/types\/product"}],"replies":[{"embeddable":true,"href":"https:\/\/joyvibetoys.com\/de\/wp-json\/wp\/v2\/comments?post=21042"}],"version-history":[{"count":4,"href":"https:\/\/joyvibetoys.com\/de\/wp-json\/wp\/v2\/product\/21042\/revisions"}],"predecessor-version":[{"id":21055,"href":"https:\/\/joyvibetoys.com\/de\/wp-json\/wp\/v2\/product\/21042\/revisions\/21055"}],"wp:featuredmedia":[{"embeddable":true,"href":"https:\/\/joyvibetoys.com\/de\/wp-json\/wp\/v2\/media\/21045"}],"wp:attachment":[{"href":"https:\/\/joyvibetoys.com\/de\/wp-json\/wp\/v2\/media?parent=21042"}],"wp:term":[{"taxonomy":"product_brand","embeddable":true,"href":"https:\/\/joyvibetoys.com\/de\/wp-json\/wp\/v2\/product_brand?post=21042"},{"taxonomy":"product_cat","embeddable":true,"href":"https:\/\/joyvibetoys.com\/de\/wp-json\/wp\/v2\/product_cat?post=21042"},{"taxonomy":"product_tag","embeddable":true,"href":"https:\/\/joyvibetoys.com\/de\/wp-json\/wp\/v2\/product_tag?post=21042"}],"curies":[{"name":"wp","href":"https:\/\/api.w.org\/{rel}","templated":true}]}}