{"id":18940,"date":"2025-07-26T15:24:57","date_gmt":"2025-07-26T15:24:57","guid":{"rendered":"https:\/\/joyvibetoys.com\/?post_type=product&#038;p=18940"},"modified":"2025-08-20T11:50:33","modified_gmt":"2025-08-20T11:50:33","slug":"18940","status":"publish","type":"product","link":"https:\/\/joyvibetoys.com\/de\/produkt\/18940\/","title":{"rendered":"\u3010Ausdauertraining\u3011Joyvibetoys Queen Kendal 7 Vakuum Saugen f\u00fcr Oralsex LCD Display Masturbator Sexspielzeug f\u00fcr M\u00e4nner"},"content":{"rendered":"<div id=\"videos\">\n<div class=\"pl_video\" id=\"pl_video\">\n<p class=\"pl_videop\">\n         <img decoding=\"async\" width=\"80\" height=\"80\" class=\"alC\" src=\"\/wp-content\/uploads\/2025\/07\/10001-2.png\"><br \/>VIDEO ABLAUFEN\n      <\/p>\n<\/p><\/div>\n<p>    <video id=\"media\" muted=\"\" controls=\"\" preload=\"none\" x5-playsinline=\"true\" playsinline=\"true\" webkit-playsinline=\"true\" poster=\"\/wp-content\/plugins\/mywc\/assets\/img\/nullvideo.png\" width=\"100%\" src=\"\/wp-content\/plugins\/mywc\/assets\/video\/18940.mp4\"><br \/>\n    <\/video>\n<\/div>\n<p><img fetchpriority=\"high\" decoding=\"async\" src=\"https:\/\/joyvibetoys.com\/wp-content\/uploads\/2025\/07\/10009-16.gif\" alt=\"\" width=\"970\" height=\"600\" class=\"alignnone size-full wp-image-18941\" \/><\/p>\n<p><img decoding=\"async\" src=\"https:\/\/joyvibetoys.com\/wp-content\/uploads\/2025\/07\/10010-20.gif\" alt=\"\" width=\"970\" height=\"600\" class=\"alignnone size-full wp-image-18942\" \/><\/p>\n<p><img loading=\"lazy\" decoding=\"async\" src=\"https:\/\/joyvibetoys.com\/wp-content\/uploads\/2025\/07\/10011-32.jpg\" alt=\"\" width=\"970\" height=\"600\" class=\"alignnone size-full wp-image-18943\" \/><\/p>\n<p><img loading=\"lazy\" decoding=\"async\" src=\"https:\/\/joyvibetoys.com\/wp-content\/uploads\/2025\/07\/10012-29.jpg\" alt=\"\" width=\"970\" height=\"600\" class=\"alignnone size-full wp-image-18944\" \/><\/p>\n<div class=\"vgc_wrap vgc_fx1\" style=\"background-color: rgb(68, 70, 77); padding: 15px; color: rgb(255, 255, 255);\">\n<div class=\"vgc_col\">\n<div class=\"vgc_colim\"><img loading=\"lazy\" decoding=\"async\" src=\"https:\/\/joyvibetoys.com\/wp-content\/uploads\/2025\/07\/10013-17.jpg\" alt=\"\" width=\"750\" height=\"750\" class=\"alignnone size-full wp-image-18945\" \/><\/div>\n<\/div>\n<div class=\"vgc_col\">\n<div class=\"vgc_coltx\">\n<table class=\"vgc_attb\">\n<tbody>\n<tr>\n<td>Marke:<\/td>\n<td>Joyvibetoys<\/td>\n<\/tr>\n<tr>\n<td>Funktion:<\/td>\n<td>7 Sucking\uff06Vibrating<br \/>7 Rotating\uff06Thrusting<\/td>\n<\/tr>\n<tr>\n<td>Material:<\/td>\n<td>ABS+TPE<\/td>\n<\/tr>\n<tr>\n<td>Stummschalten:<\/td>\n<td>\uff1c60 dB<\/td>\n<\/tr>\n<tr>\n<td>Aufladezeit:<\/td>\n<td>180 Min.<\/td>\n<\/tr>\n<tr>\n<td>Laufzeit:<\/td>\n<td>60 Min.<\/td>\n<\/tr>\n<tr>\n<td>Gr\u00f6\u00dfe:<\/td>\n<td>11,18*3,34 Zoll<\/td>\n<\/tr>\n<tr>\n<td>Gewicht:<\/td>\n<td>1,15 Pfund<\/td>\n<\/tr>\n<tr>\n<td>Wasserdicht:<\/td>\n<td>IPX6<\/td>\n<\/tr>\n<tr>\n<td>Service:<\/td>\n<td>service@joyvibetoys.com<\/td>\n<\/tr>\n<\/tbody>\n<\/table>\n<\/div>\n<\/div>\n<\/div>","protected":false},"excerpt":{"rendered":"<p>PLAY VIDEO Brand: Joyvibetoys Function: 7 Sucking\uff06Vibrating7 Rotating\uff06Thrusting Material: ABS+TPE Mute: \uff1c60 dB Charging Time: 180 mins Run Time: 60<\/p>","protected":false},"featured_media":18946,"comment_status":"open","ping_status":"closed","template":"","meta":[],"product_brand":[],"product_cat":[88,82,127,126],"product_tag":[],"class_list":{"0":"post-18940","1":"product","2":"type-product","3":"status-publish","4":"has-post-thumbnail","6":"product_cat-blow-job","7":"product_cat-masturbators","8":"product_cat-suction-masturbators","9":"product_cat-telescopic-roation-masturbator","11":"first","12":"instock","13":"sale","14":"shipping-taxable","15":"purchasable","16":"product-type-simple"},"_links":{"self":[{"href":"https:\/\/joyvibetoys.com\/de\/wp-json\/wp\/v2\/product\/18940","targetHints":{"allow":["GET"]}}],"collection":[{"href":"https:\/\/joyvibetoys.com\/de\/wp-json\/wp\/v2\/product"}],"about":[{"href":"https:\/\/joyvibetoys.com\/de\/wp-json\/wp\/v2\/types\/product"}],"replies":[{"embeddable":true,"href":"https:\/\/joyvibetoys.com\/de\/wp-json\/wp\/v2\/comments?post=18940"}],"version-history":[{"count":7,"href":"https:\/\/joyvibetoys.com\/de\/wp-json\/wp\/v2\/product\/18940\/revisions"}],"predecessor-version":[{"id":21589,"href":"https:\/\/joyvibetoys.com\/de\/wp-json\/wp\/v2\/product\/18940\/revisions\/21589"}],"wp:featuredmedia":[{"embeddable":true,"href":"https:\/\/joyvibetoys.com\/de\/wp-json\/wp\/v2\/media\/18946"}],"wp:attachment":[{"href":"https:\/\/joyvibetoys.com\/de\/wp-json\/wp\/v2\/media?parent=18940"}],"wp:term":[{"taxonomy":"product_brand","embeddable":true,"href":"https:\/\/joyvibetoys.com\/de\/wp-json\/wp\/v2\/product_brand?post=18940"},{"taxonomy":"product_cat","embeddable":true,"href":"https:\/\/joyvibetoys.com\/de\/wp-json\/wp\/v2\/product_cat?post=18940"},{"taxonomy":"product_tag","embeddable":true,"href":"https:\/\/joyvibetoys.com\/de\/wp-json\/wp\/v2\/product_tag?post=18940"}],"curies":[{"name":"wp","href":"https:\/\/api.w.org\/{rel}","templated":true}]}}