{"id":17422,"date":"2025-07-14T08:02:58","date_gmt":"2025-07-14T08:02:58","guid":{"rendered":"https:\/\/joyvibetoys.com\/?post_type=product&#038;p=17422"},"modified":"2025-07-31T14:32:25","modified_gmt":"2025-07-31T14:32:25","slug":"luscious-life-like-boobs-vagina-and-anal-3-in-1-built-in-torso-sex-doll-male-masturbator","status":"publish","type":"product","link":"https:\/\/joyvibetoys.com\/de\/produkt\/luscious-life-like-boobs-vagina-and-anal-3-in-1-built-in-torso-sex-doll-male-masturbator\/","title":{"rendered":"\u00dcppige lebensechte Br\u00fcste Vagina und Anal 3 in 1 Eingebauter Torso Sex Puppe M\u00e4nnlicher Masturbator"},"content":{"rendered":"<p><img fetchpriority=\"high\" decoding=\"async\" src=\"https:\/\/joyvibetoys.com\/wp-content\/uploads\/2025\/07\/10007-16.jpg\" alt=\"\" width=\"1440\" height=\"700\" class=\"alignnone size-full wp-image-17423\" \/><\/p>\n<p><img decoding=\"async\" src=\"https:\/\/joyvibetoys.com\/wp-content\/uploads\/2025\/07\/10008-15.jpg\" alt=\"\" width=\"1440\" height=\"700\" class=\"alignnone size-full wp-image-17424\" \/><\/p>\n<p><img decoding=\"async\" src=\"https:\/\/joyvibetoys.com\/wp-content\/uploads\/2025\/07\/10009-14.jpg\" alt=\"\" width=\"1440\" height=\"700\" class=\"alignnone size-full wp-image-17425\" \/><\/p>\n<p>Schauen Sie sich ihre gro\u00dfen Br\u00fcste, eine h\u00fcbsche rosa Muschi und einen prallen Arsch an. Details wie die kleinen Partikel auf dem Warzenhof und die Falten auf den Schamlippen sind sehr real. Sie k\u00f6nnen einen Brustsex, Vaginalsex und Analsex genie\u00dfen. Jede \u00d6ffnung bietet gro\u00dfen Halt und ist mit unglaublichen Rippen f\u00fcr unglaublichen Spa\u00df beendet. 2 verschiedene Texturen sorgen f\u00fcr ein super realistisches Einf\u00fchrungserlebnis. Der 5,7-Zoll-Vaginalkanal l\u00e4sst Sie tiefere Erkundungen genie\u00dfen, und der 4,5-Zoll-Analkanal wirkt wie ein riesiger Saugnapf, so dass Ihr Partner die sanfte Saugkraft genau hier sp\u00fcren kann. Wie sexy! Mit dem eingebauten Torso kannst du sie sicher halten, w\u00e4hrend du nach Belieben st\u00f6\u00dft und sch\u00fcttelst. Sie ist sehr stabil und kann ein Wackeln nach Belieben vermeiden. Du kannst verschiedene Positionen freischalten: Missionary Doggie Style oder Cowgirl Style. Wenn Sie Ihre Zeit allein oder sogar Ihre Beziehung aufpeppen wollen, ist dies ein Muss! Umweltfreundliches Material und perfekte Gr\u00f6\u00dfe, das Material ist TPE, weich, sicher und elastisch. Realistische m\u00e4nnliche Masturbation Sexspielzeug Ma\u00dfnahmen 10,63 cm * 6,69 cm * 5,11 cm, perfekte Gr\u00f6\u00dfe f\u00fcr einfache Handhabung, Reinigung und Lagerung. Es passt in die meisten Standardgr\u00f6\u00dfe Waschbecken, so dass Sie es richtig nach jedem Gebrauch reinigen k\u00f6nnen. Und es braucht nicht viel Platz zu speichern.<\/p>\n<div class=\"rb_bg\" id=\"specifications\">\n<h4 class=\"gh2 gh_arr\">Spezifikationen<\/h4>\n<ul class=\"g_atrl\" id=\"attrbute\">\n<li class=\"gt_ali\"><em class=\"atr_aa\">SKU:<\/em>\n<p class=\"atr_bb\">Y8195<\/p>\n<\/li>\n<li class=\"gt_ali\">\n<em class=\"atr_aa\">Marke:<\/em><\/p>\n<p class=\"atr_bb\">Joyvibetoys<\/p>\n<\/li>\n<li class=\"gt_ali\">\n<em class=\"atr_aa\">Merkmale:<\/em><\/p>\n<p class=\"atr_bb\">Integrierter Torso, 3D-Kanal, 3-in-1, sicheres TPE, lebendige Details, sexy Taille, volle Br\u00fcste, praller Hintern, rosa Muschi<\/p>\n<\/li>\n<li class=\"gt_ali\">\n<em class=\"atr_aa\">Farbe:<\/em><\/p>\n<p class=\"atr_bb\">Nackt<\/p>\n<\/li>\n<li class=\"gt_ali\">\n<em class=\"atr_aa\">Material:<\/em><\/p>\n<p class=\"atr_bb\">TPR<\/p>\n<\/li>\n<li class=\"gt_ali\">\n<em class=\"atr_aa\">Wasserdicht:<\/em><\/p>\n<p class=\"atr_bb\">100% Wasserdicht<\/p>\n<\/li>\n<li class=\"gt_ali\">\n<em class=\"atr_aa\">Inklusive Paket:<\/em><\/p>\n<p class=\"atr_bb\">Produkt x1<\/p>\n<\/li>\n<li class=\"gt_ali\">\n<em class=\"atr_aa\">Gr\u00f6\u00dfe:<\/em><\/p>\n<p class=\"atr_bb\">14,96*7,48 Zoll<\/p>\n<\/li>\n<li class=\"gt_ali\">\n<em class=\"atr_aa\">Gewicht:<\/em><\/p>\n<p class=\"atr_bb\">7,74 Pfund<\/p>\n<\/li>\n<li class=\"gt_ali\">\n<em class=\"atr_aa\">Einf\u00fchrbare L\u00e4nge:<\/em><\/p>\n<p class=\"atr_bb\">A: 5,90 Zoll; V: 6,30 Zoll<\/p>\n<\/li>\n<\/ul>\n<\/div>","protected":false},"excerpt":{"rendered":"<p>Look at her big breasts, a pretty pink pussy and flump ass. Details such as the small particles on the<\/p>","protected":false},"featured_media":17426,"comment_status":"open","ping_status":"closed","template":"","meta":[],"product_brand":[],"product_cat":[100,86,87],"product_tag":[],"class_list":{"0":"post-17422","1":"product","2":"type-product","3":"status-publish","4":"has-post-thumbnail","6":"product_cat-for-him","7":"product_cat-realistic-butts","8":"product_cat-sex-dolls-torso","10":"first","11":"instock","12":"sale","13":"shipping-taxable","14":"purchasable","15":"product-type-simple"},"_links":{"self":[{"href":"https:\/\/joyvibetoys.com\/de\/wp-json\/wp\/v2\/product\/17422","targetHints":{"allow":["GET"]}}],"collection":[{"href":"https:\/\/joyvibetoys.com\/de\/wp-json\/wp\/v2\/product"}],"about":[{"href":"https:\/\/joyvibetoys.com\/de\/wp-json\/wp\/v2\/types\/product"}],"replies":[{"embeddable":true,"href":"https:\/\/joyvibetoys.com\/de\/wp-json\/wp\/v2\/comments?post=17422"}],"version-history":[{"count":2,"href":"https:\/\/joyvibetoys.com\/de\/wp-json\/wp\/v2\/product\/17422\/revisions"}],"predecessor-version":[{"id":17434,"href":"https:\/\/joyvibetoys.com\/de\/wp-json\/wp\/v2\/product\/17422\/revisions\/17434"}],"wp:featuredmedia":[{"embeddable":true,"href":"https:\/\/joyvibetoys.com\/de\/wp-json\/wp\/v2\/media\/17426"}],"wp:attachment":[{"href":"https:\/\/joyvibetoys.com\/de\/wp-json\/wp\/v2\/media?parent=17422"}],"wp:term":[{"taxonomy":"product_brand","embeddable":true,"href":"https:\/\/joyvibetoys.com\/de\/wp-json\/wp\/v2\/product_brand?post=17422"},{"taxonomy":"product_cat","embeddable":true,"href":"https:\/\/joyvibetoys.com\/de\/wp-json\/wp\/v2\/product_cat?post=17422"},{"taxonomy":"product_tag","embeddable":true,"href":"https:\/\/joyvibetoys.com\/de\/wp-json\/wp\/v2\/product_tag?post=17422"}],"curies":[{"name":"wp","href":"https:\/\/api.w.org\/{rel}","templated":true}]}}